{"id":1041,"date":"2016-08-29T06:57:39","date_gmt":"2016-08-29T06:57:39","guid":{"rendered":"http:\/\/manofacto31.com\/?page_id=1041"},"modified":"2025-11-23T10:36:07","modified_gmt":"2025-11-23T10:36:07","slug":"claire-delune","status":"publish","type":"page","link":"https:\/\/manofacto31.com\/?page_id=1041","title":{"rendered":"Claire-delune"},"content":{"rendered":"\r\n<div class=\"wp-block-image\">\r\n<figure class=\"aligncenter is-resized\"><img loading=\"lazy\" decoding=\"async\" class=\"wp-image-2782\" src=\"https:\/\/manofacto31.com\/wp-content\/uploads\/2021\/03\/Claire-de-lune-main-768x1024.jpg\" alt=\"\" width=\"450\" height=\"721\" \/><\/figure>\r\n<\/div>\r\n\r\n\r\n\r\n<p><strong>QUI ES-TU ?<\/strong><\/p>\r\n\r\n\r\n\r\n<p>\u2022 Claire Oriol, modiste de l\u2019atelier Claire Delune<br \/>\u2022 En couple avec Guilain + un petit chat Minouska<\/p>\r\n\r\n\r\n\r\n<p><strong> TON PARCOURS<\/strong><\/p>\r\n\r\n\r\n\r\n<p>\u2022 6 ans d\u2019\u00e9tudes (BEP couture floue, DTMS costume et habillage, CAP chapellerie mode et spectacle, FCIL patronni\u00e8re toiliste)<br \/>\u2022 Claire Delune a commenc\u00e9 le 16\/06\/2014<br \/>\u2022 Claire Delune symbolise mon univers cr\u00e9atif. Un univers po\u00e9tique, organique avec la t\u00eate dans les \u00e9toiles.<\/p>\r\n\r\n\r\n\r\n<div class=\"wp-block-image\">\r\n<figure class=\"aligncenter is-resized\"><img decoding=\"async\" class=\"wp-image-2784\" src=\"https:\/\/manofacto31.com\/wp-content\/uploads\/2021\/03\/Claire-de-lune-atelier-1024x1024.jpg\" alt=\"\" width=\"550\" srcset=\"https:\/\/manofacto31.com\/wp-content\/uploads\/2021\/03\/Claire-de-lune-atelier-1024x1024.jpg 1024w, https:\/\/manofacto31.com\/wp-content\/uploads\/2021\/03\/Claire-de-lune-atelier-300x300.jpg 300w, https:\/\/manofacto31.com\/wp-content\/uploads\/2021\/03\/Claire-de-lune-atelier-100x100.jpg 100w, https:\/\/manofacto31.com\/wp-content\/uploads\/2021\/03\/Claire-de-lune-atelier-600x600.jpg 600w, https:\/\/manofacto31.com\/wp-content\/uploads\/2021\/03\/Claire-de-lune-atelier-768x768.jpg 768w\" sizes=\"(max-width: 1024px) 100vw, 1024px\" \/><\/figure>\r\n<\/div>\r\n\r\n\r\n\r\n<p><strong> QUE FABRIQUES-TU ?<\/strong><br \/><br \/>\u2022 Chapeaux et accessoires<br \/>\u2022 Mes mati\u00e8res : feutre, toile enduite, tissu, paille<br \/>\u2022 Mes outils : machine \u00e0 coudre, surjeteuse, moule en bois, ciseaux, clous\u2026<br \/>\u2022 Atelier \u00e0 la maison<br \/><br \/><strong>QUELLES SONT TES SOURCES D\u2019INSPIRATION ?<\/strong><br \/><br \/>La nature, la vie, l\u2019amour, les vieux films, le spectacle vivant, Hundertwasser, Klimt&#8230;<\/p>\r\n\r\n\r\n\r\n<div class=\"wp-block-image\">\r\n<figure class=\"aligncenter is-resized\"><img decoding=\"async\" class=\"wp-image-2789\" src=\"https:\/\/manofacto31.com\/wp-content\/uploads\/2021\/03\/IMG_20210118_200735-1024x1024.jpg\" alt=\"\" width=\"550\" srcset=\"https:\/\/manofacto31.com\/wp-content\/uploads\/2021\/03\/IMG_20210118_200735-1024x1024.jpg 1024w, https:\/\/manofacto31.com\/wp-content\/uploads\/2021\/03\/IMG_20210118_200735-300x300.jpg 300w, https:\/\/manofacto31.com\/wp-content\/uploads\/2021\/03\/IMG_20210118_200735-100x100.jpg 100w, https:\/\/manofacto31.com\/wp-content\/uploads\/2021\/03\/IMG_20210118_200735-600x600.jpg 600w, https:\/\/manofacto31.com\/wp-content\/uploads\/2021\/03\/IMG_20210118_200735-768x768.jpg 768w\" sizes=\"(max-width: 1024px) 100vw, 1024px\" \/><\/figure>\r\n<\/div>\r\n\r\n\r\n\r\n<p><strong>SI TU \u00c9TAIS UNE DE TES CR\u00c9ATIONS LAQUELLE SERAIS-TU ?<\/strong><br \/>Une gavroche<\/p>\r\n\r\n\r\n\r\n<p><strong>3 CHOSES QUE TU AIMES, 3 CHOSES QUE TU N\u2019AIMES PAS ?<\/strong><\/p>\r\n\r\n\r\n\r\n<p>J\u2019aime le sable chaud qui s\u2019\u00e9chappe entre mes pieds<br \/>J\u2019aime l\u2019odeur d\u2019un c\u00f4ne de feutre quand on le moule \u00e0 la vapeur<br \/>J\u2019aime recroiser une cliente dans la rue avec une de mes cr\u00e9ations<br \/>Je n\u2019aime pas les camions qui doublent sur l\u2019autoroute<br \/>Je n\u2019aime pas les personnes qui manquent d\u2019empathie<br \/>Je n\u2019aime pas les scolopendres.<\/p>\r\n\r\n\r\n\r\n<p><strong>QUEL EST TON MANTRA, TA CITATION PR\u00c9F\u00c9R\u00c9E ?<\/strong><\/p>\r\n\r\n\r\n\r\n<p>\u00abTout est possible \u00e0 qui r\u00eave, ose, travaille et n\u2019abandonne pas\u00bb<\/p>\r\n\r\n\r\n\r\n<div class=\"wp-block-image\">\r\n<figure class=\"aligncenter is-resized\"><img decoding=\"async\" class=\"wp-image-2783\" src=\"https:\/\/manofacto31.com\/wp-content\/uploads\/2021\/03\/IMG_20210314_134632-741x1024.jpg\" alt=\"\" width=\"450\" srcset=\"https:\/\/manofacto31.com\/wp-content\/uploads\/2021\/03\/IMG_20210314_134632-741x1024.jpg 741w, https:\/\/manofacto31.com\/wp-content\/uploads\/2021\/03\/IMG_20210314_134632-600x829.jpg 600w, https:\/\/manofacto31.com\/wp-content\/uploads\/2021\/03\/IMG_20210314_134632-217x300.jpg 217w, https:\/\/manofacto31.com\/wp-content\/uploads\/2021\/03\/IMG_20210314_134632-768x1061.jpg 768w, https:\/\/manofacto31.com\/wp-content\/uploads\/2021\/03\/IMG_20210314_134632-scaled.jpg 1853w\" sizes=\"(max-width: 741px) 100vw, 741px\" \/><\/figure>\r\n<\/div>\r\n\r\n\r\n\r\n<p><strong>O\u00d9 TE TROUVE-T-ON (\u00c0 PART MANO FACTO) ?<\/strong><\/p>\r\n\r\n\r\n\r\n<p>Boutique Espolitaqui \u00e0 Lavaur<br \/>La boutique-atelier \u00ab\u00a0La Lunette\u00a0\u00bb \u00e0 Saint-Antonin-Noble-Val (mai-octobre 2021)<br \/><a href=\"http:\/\/www.etsy.com\/fr\/shop\/atelierClaireDelune\" target=\"_blank\" rel=\"noopener\">Boutique en ligne &#8211; Etsy<\/a><br \/><a href=\"https:\/\/www.instagram.com\/atelier.clairedelune\" target=\"_blank\" rel=\"noopener\">Instagram<\/a><\/p>\r\n","protected":false},"excerpt":{"rendered":"<p>QUI ES-TU ? \u2022 Claire Oriol, modiste de l\u2019atelier Claire Delune\u2022 En couple avec Guilain + un petit chat Minouska TON PARCOURS \u2022 6 ans d\u2019\u00e9tudes (BEP couture floue, DTMS costume et habillage, CAP chapellerie mode et spectacle, FCIL patronni\u00e8re &hellip; <a class=\"more-link\" href=\"https:\/\/manofacto31.com\/?page_id=1041\">Lire la suite <span class=\"meta-nav\">&rarr;<\/span><\/a><\/p>\n","protected":false},"author":5,"featured_media":0,"parent":44,"menu_order":0,"comment_status":"closed","ping_status":"open","template":"","meta":{"saved_in_kubio":true,"footnotes":""},"class_list":["post-1041","page","type-page","status-publish","hentry"],"kubio_ai_page_context":{"short_desc":"","purpose":"general"},"_links":{"self":[{"href":"https:\/\/manofacto31.com\/index.php?rest_route=\/wp\/v2\/pages\/1041","targetHints":{"allow":["GET"]}}],"collection":[{"href":"https:\/\/manofacto31.com\/index.php?rest_route=\/wp\/v2\/pages"}],"about":[{"href":"https:\/\/manofacto31.com\/index.php?rest_route=\/wp\/v2\/types\/page"}],"author":[{"embeddable":true,"href":"https:\/\/manofacto31.com\/index.php?rest_route=\/wp\/v2\/users\/5"}],"replies":[{"embeddable":true,"href":"https:\/\/manofacto31.com\/index.php?rest_route=%2Fwp%2Fv2%2Fcomments&post=1041"}],"version-history":[{"count":30,"href":"https:\/\/manofacto31.com\/index.php?rest_route=\/wp\/v2\/pages\/1041\/revisions"}],"predecessor-version":[{"id":3004,"href":"https:\/\/manofacto31.com\/index.php?rest_route=\/wp\/v2\/pages\/1041\/revisions\/3004"}],"up":[{"embeddable":true,"href":"https:\/\/manofacto31.com\/index.php?rest_route=\/wp\/v2\/pages\/44"}],"wp:attachment":[{"href":"https:\/\/manofacto31.com\/index.php?rest_route=%2Fwp%2Fv2%2Fmedia&parent=1041"}],"curies":[{"name":"wp","href":"https:\/\/api.w.org\/{rel}","templated":true}]}}