{"id":1057,"date":"2016-08-29T07:17:25","date_gmt":"2016-08-29T07:17:25","guid":{"rendered":"http:\/\/manofacto31.com\/?page_id=1057"},"modified":"2016-12-30T15:19:19","modified_gmt":"2016-12-30T15:19:19","slug":"atelier-digital","status":"publish","type":"page","link":"https:\/\/manofacto31.com\/?page_id=1057","title":{"rendered":"Atelier Digital"},"content":{"rendered":"<h2>C\u00e9ramique en porcelaine<\/h2>\n<p><a href=\"https:\/\/manofacto31.com\/wp-content\/uploads\/2016\/08\/atelierdigital.jpg\"><img loading=\"lazy\" decoding=\"async\" class=\"alignnone wp-image-1280 size-large\" src=\"https:\/\/manofacto31.com\/wp-content\/uploads\/2016\/08\/atelierdigital-1024x905.jpg\" alt=\"atelierdigital\" width=\"560\" height=\"495\" srcset=\"https:\/\/manofacto31.com\/wp-content\/uploads\/2016\/08\/atelierdigital-1024x905.jpg 1024w, https:\/\/manofacto31.com\/wp-content\/uploads\/2016\/08\/atelierdigital-600x530.jpg 600w, https:\/\/manofacto31.com\/wp-content\/uploads\/2016\/08\/atelierdigital-300x265.jpg 300w, https:\/\/manofacto31.com\/wp-content\/uploads\/2016\/08\/atelierdigital.jpg 1068w\" sizes=\"(max-width: 560px) 100vw, 560px\" \/><\/a><\/p>\n<p>&nbsp;<\/p>\n<p style=\"text-align: justify;\"><span style=\"font-family: Arial,sans-serif;\">Je suis install\u00e9e en Corr\u00e8ze, \u00e0 Brive la Gaillarde. Je travaille la porcelaine \u00e0 la main : au tournage, \u00e0 la plaque ou \u00e0 l&rsquo;estampage. Je confectionne mes \u00e9maux, et je cuits \u00e0 1280\u00b0C dans un four \u00e0 gaz.<\/span><\/p>\n<p style=\"text-align: justify;\"><span style=\"font-family: Arial,sans-serif;\">Tous les objets sont destin\u00e9s \u00e0 un\u00a0usage du quotidien et peuvent supporter le micro-ondes et le lave-vaisselle.<\/span><\/p>\n<p style=\"text-align: justify;\"><span style=\"font-family: Arial,sans-serif;\"><strong>Les bijoux<\/strong> : je fais des trempages de v\u00e9g\u00e9taux dans de la porcelaine blanche ou teint\u00e9e dans la masse, apr\u00e8s un passage au four, le v\u00e9g\u00e9tal br\u00fble, me laissant de fines perles creuses dans lesquels je peux faire mon montage pour cr\u00e9er des bijoux. Les montages sont en argent 925.<\/span><\/p>\n<p style=\"text-align: justify;\"><span style=\"font-family: Arial,sans-serif;\"><strong>Les pi\u00e8ces uniques<\/strong> : je fabrique de petites coupelles \u00e0 partir de prise d&#8217;empreinte sur des v\u00e9g\u00e9taux, puis j&rsquo;assemble toutes ces petites coupelles pour former des coupes plus grandes.<\/span><\/p>\n<p style=\"text-align: justify;\"><span style=\"font-family: Arial,sans-serif;\">Mon travail est, bien s\u00fbr, fortement inspir\u00e9 par la nature, mais je recherche toujours la simplicit\u00e9, \u00a0\u00bb j&rsquo;\u00e9pure \u00a0\u00bb les lignes et les surfaces afin de cr\u00e9er\u00a0des objets subtils aux formes simples, pour un usage au quotidien.<\/span><\/p>\n<h4 style=\"text-align: justify;\"><span style=\"font-family: Arial,sans-serif;\"><a href=\"https:\/\/manofacto31.com\/wp-content\/uploads\/2016\/08\/IMG_4752.jpg\"><img loading=\"lazy\" decoding=\"async\" class=\"alignnone wp-image-1061\" src=\"https:\/\/manofacto31.com\/wp-content\/uploads\/2016\/08\/IMG_4752-270x300.jpg\" alt=\"IMG_4752\" width=\"225\" height=\"250\" srcset=\"https:\/\/manofacto31.com\/wp-content\/uploads\/2016\/08\/IMG_4752-270x300.jpg 270w, https:\/\/manofacto31.com\/wp-content\/uploads\/2016\/08\/IMG_4752-600x667.jpg 600w, https:\/\/manofacto31.com\/wp-content\/uploads\/2016\/08\/IMG_4752-922x1024.jpg 922w\" sizes=\"(max-width: 225px) 100vw, 225px\" \/><\/a><a href=\"https:\/\/manofacto31.com\/wp-content\/uploads\/2016\/08\/IMG_4775.jpg\"><img loading=\"lazy\" decoding=\"async\" class=\"alignnone wp-image-1063\" src=\"https:\/\/manofacto31.com\/wp-content\/uploads\/2016\/08\/IMG_4775-300x240.jpg\" alt=\"IMG_4775\" width=\"312\" height=\"250\" srcset=\"https:\/\/manofacto31.com\/wp-content\/uploads\/2016\/08\/IMG_4775-300x240.jpg 300w, https:\/\/manofacto31.com\/wp-content\/uploads\/2016\/08\/IMG_4775-600x480.jpg 600w, https:\/\/manofacto31.com\/wp-content\/uploads\/2016\/08\/IMG_4775-1024x820.jpg 1024w\" sizes=\"(max-width: 312px) 100vw, 312px\" \/><\/a>\u00a0 <\/span><\/h4>\n<h4><span style=\"font-family: Arial,sans-serif;\">Aurore Baleton, Atelier Digital<\/span><\/h4>\n<h4><span style=\"font-family: Arial,sans-serif;\">Objets et bijoux en porcelaine<\/span><\/h4>\n<h4><span style=\"font-family: Arial,sans-serif;\">13, rue de la R\u00e9publique \u00a0<\/span><\/h4>\n<h4><span style=\"font-family: Arial,sans-serif;\">19100 Brive la Gaillarde<\/span><\/h4>\n<h4><span style=\"font-family: Arial,sans-serif;\">Mail : <a href=\"atelierdigital.ceramique@gmail.com\">atelierdigital.ceramique@gmail.com<\/a><\/span><\/h4>\n<h4><span style=\"font-family: Arial,sans-serif;\">Site internet :<\/span><a href=\"http:\/\/www.atelierdigital-ceramique.fr\/\" target=\"_blank\"><span style=\"font-family: Arial,sans-serif;\"> www.atelierdigital-ceramique.fr<\/span><\/a><\/h4>\n<p>&nbsp;<\/p>\n<p><span style=\"color: #0b5394; font-family: comic sans ms,sans-serif;\"><b>\u00a0<\/b><\/span><\/p>\n","protected":false},"excerpt":{"rendered":"<p>C\u00e9ramique en porcelaine &nbsp; Je suis install\u00e9e en Corr\u00e8ze, \u00e0 Brive la Gaillarde. Je travaille la porcelaine \u00e0 la main : au tournage, \u00e0 la plaque ou \u00e0 l&rsquo;estampage. Je confectionne mes \u00e9maux, et je cuits \u00e0 1280\u00b0C dans un &hellip; <a class=\"more-link\" href=\"https:\/\/manofacto31.com\/?page_id=1057\">Lire la suite <span class=\"meta-nav\">&rarr;<\/span><\/a><\/p>\n","protected":false},"author":5,"featured_media":0,"parent":62,"menu_order":0,"comment_status":"closed","ping_status":"closed","template":"","meta":{"saved_in_kubio":false,"footnotes":""},"class_list":["post-1057","page","type-page","status-publish","hentry"],"kubio_ai_page_context":{"short_desc":"","purpose":"general"},"_links":{"self":[{"href":"https:\/\/manofacto31.com\/index.php?rest_route=\/wp\/v2\/pages\/1057","targetHints":{"allow":["GET"]}}],"collection":[{"href":"https:\/\/manofacto31.com\/index.php?rest_route=\/wp\/v2\/pages"}],"about":[{"href":"https:\/\/manofacto31.com\/index.php?rest_route=\/wp\/v2\/types\/page"}],"author":[{"embeddable":true,"href":"https:\/\/manofacto31.com\/index.php?rest_route=\/wp\/v2\/users\/5"}],"replies":[{"embeddable":true,"href":"https:\/\/manofacto31.com\/index.php?rest_route=%2Fwp%2Fv2%2Fcomments&post=1057"}],"version-history":[{"count":8,"href":"https:\/\/manofacto31.com\/index.php?rest_route=\/wp\/v2\/pages\/1057\/revisions"}],"predecessor-version":[{"id":1282,"href":"https:\/\/manofacto31.com\/index.php?rest_route=\/wp\/v2\/pages\/1057\/revisions\/1282"}],"up":[{"embeddable":true,"href":"https:\/\/manofacto31.com\/index.php?rest_route=\/wp\/v2\/pages\/62"}],"wp:attachment":[{"href":"https:\/\/manofacto31.com\/index.php?rest_route=%2Fwp%2Fv2%2Fmedia&parent=1057"}],"curies":[{"name":"wp","href":"https:\/\/api.w.org\/{rel}","templated":true}]}}