{"id":141,"date":"2015-10-13T11:34:57","date_gmt":"2015-10-13T11:34:57","guid":{"rendered":"http:\/\/manofacto31.com\/?page_id=141"},"modified":"2016-08-25T15:43:24","modified_gmt":"2016-08-25T15:43:24","slug":"lilimoka","status":"publish","type":"page","link":"https:\/\/manofacto31.com\/?page_id=141","title":{"rendered":"Lilimoka"},"content":{"rendered":"<h2><a href=\"https:\/\/manofacto31.com\/wp-content\/uploads\/2015\/10\/CL-Printemps2015-2.jpg\">Bienvenue dans ma valise \u00e0 p&rsquo;tits pois!\u00a0<\/a><\/h2>\n<p><a href=\"https:\/\/manofacto31.com\/wp-content\/uploads\/2015\/10\/CL-Printemps2015-2.jpg\"><img loading=\"lazy\" decoding=\"async\" class=\"alignnone wp-image-278 size-large\" src=\"https:\/\/manofacto31.com\/wp-content\/uploads\/2015\/10\/CL-Printemps2015-2-1024x684.jpg\" alt=\"CL Printemps2015-2\" width=\"560\" height=\"374\" srcset=\"https:\/\/manofacto31.com\/wp-content\/uploads\/2015\/10\/CL-Printemps2015-2-1024x684.jpg 1024w, https:\/\/manofacto31.com\/wp-content\/uploads\/2015\/10\/CL-Printemps2015-2-600x401.jpg 600w, https:\/\/manofacto31.com\/wp-content\/uploads\/2015\/10\/CL-Printemps2015-2-300x200.jpg 300w\" sizes=\"(max-width: 560px) 100vw, 560px\" \/><\/a><\/p>\n<div style=\"text-align: justify;\"><strong>Cr\u00e9ations textiles pour femmes, mod\u00e8les uniques ou en petites s\u00e9ries<\/strong>.<\/div>\n<div style=\"text-align: justify;\">Fait main, dans la r\u00e9gion de Toulouse.<\/div>\n<div><\/div>\n<div><\/div>\n<div><a href=\"https:\/\/manofacto31.com\/wp-content\/uploads\/2015\/10\/11887852_917415631683628_441082377693661107_n.jpg\"><img loading=\"lazy\" decoding=\"async\" class=\"alignnone  wp-image-277\" src=\"https:\/\/manofacto31.com\/wp-content\/uploads\/2015\/10\/11887852_917415631683628_441082377693661107_n-225x300.jpg\" alt=\"11887852_917415631683628_441082377693661107_n\" width=\"154\" height=\"205\" srcset=\"https:\/\/manofacto31.com\/wp-content\/uploads\/2015\/10\/11887852_917415631683628_441082377693661107_n-225x300.jpg 225w, https:\/\/manofacto31.com\/wp-content\/uploads\/2015\/10\/11887852_917415631683628_441082377693661107_n-600x800.jpg 600w, https:\/\/manofacto31.com\/wp-content\/uploads\/2015\/10\/11887852_917415631683628_441082377693661107_n.jpg 720w\" sizes=\"(max-width: 154px) 100vw, 154px\" \/><\/a><a href=\"https:\/\/manofacto31.com\/wp-content\/uploads\/2015\/10\/CL-Printemps201510-r\u00e9duite.jpg\"><img loading=\"lazy\" decoding=\"async\" class=\"alignnone  wp-image-302\" src=\"https:\/\/manofacto31.com\/wp-content\/uploads\/2015\/10\/CL-Printemps201510-r\u00e9duite-300x245.jpg\" alt=\"CL Printemps201510 r\u00e9duite\" width=\"252\" height=\"206\" srcset=\"https:\/\/manofacto31.com\/wp-content\/uploads\/2015\/10\/CL-Printemps201510-r\u00e9duite-300x245.jpg 300w, https:\/\/manofacto31.com\/wp-content\/uploads\/2015\/10\/CL-Printemps201510-r\u00e9duite-600x490.jpg 600w, https:\/\/manofacto31.com\/wp-content\/uploads\/2015\/10\/CL-Printemps201510-r\u00e9duite-1024x836.jpg 1024w\" sizes=\"(max-width: 252px) 100vw, 252px\" \/><\/a><a href=\"https:\/\/manofacto31.com\/wp-content\/uploads\/2015\/10\/10274065_652874454804415_9002271642299540326_n.jpg\"><img loading=\"lazy\" decoding=\"async\" class=\"alignnone  wp-image-276\" src=\"https:\/\/manofacto31.com\/wp-content\/uploads\/2015\/10\/10274065_652874454804415_9002271642299540326_n-200x300.jpg\" alt=\"10274065_652874454804415_9002271642299540326_n\" width=\"136\" height=\"204\" srcset=\"https:\/\/manofacto31.com\/wp-content\/uploads\/2015\/10\/10274065_652874454804415_9002271642299540326_n-200x300.jpg 200w, https:\/\/manofacto31.com\/wp-content\/uploads\/2015\/10\/10274065_652874454804415_9002271642299540326_n-600x899.jpg 600w, https:\/\/manofacto31.com\/wp-content\/uploads\/2015\/10\/10274065_652874454804415_9002271642299540326_n.jpg 641w\" sizes=\"(max-width: 136px) 100vw, 136px\" \/><\/a><\/div>\n<div><\/div>\n<h4>Facebook : <a title=\"Lilimoka\" href=\"https:\/\/www.facebook.com\/Lilimoka-363955190363011\" target=\"_blank\">Lilimoka<\/a><\/h4>\n<div><\/div>\n<div><\/div>\n<div><\/div>\n<div style=\"text-align: center;\"><\/div>\n<div><\/div>\n<div><\/div>\n<div><\/div>\n<div><\/div>\n<div><\/div>\n<div><\/div>\n<div><\/div>\n<div><\/div>\n<div><\/div>\n<p>&nbsp;<\/p>\n","protected":false},"excerpt":{"rendered":"<p>Bienvenue dans ma valise \u00e0 p&rsquo;tits pois!\u00a0 Cr\u00e9ations textiles pour femmes, mod\u00e8les uniques ou en petites s\u00e9ries. Fait main, dans la r\u00e9gion de Toulouse. Facebook : Lilimoka &nbsp;<\/p>\n","protected":false},"author":5,"featured_media":0,"parent":62,"menu_order":0,"comment_status":"closed","ping_status":"open","template":"","meta":{"saved_in_kubio":false,"footnotes":""},"class_list":["post-141","page","type-page","status-publish","hentry"],"kubio_ai_page_context":{"short_desc":"","purpose":"general"},"_links":{"self":[{"href":"https:\/\/manofacto31.com\/index.php?rest_route=\/wp\/v2\/pages\/141","targetHints":{"allow":["GET"]}}],"collection":[{"href":"https:\/\/manofacto31.com\/index.php?rest_route=\/wp\/v2\/pages"}],"about":[{"href":"https:\/\/manofacto31.com\/index.php?rest_route=\/wp\/v2\/types\/page"}],"author":[{"embeddable":true,"href":"https:\/\/manofacto31.com\/index.php?rest_route=\/wp\/v2\/users\/5"}],"replies":[{"embeddable":true,"href":"https:\/\/manofacto31.com\/index.php?rest_route=%2Fwp%2Fv2%2Fcomments&post=141"}],"version-history":[{"count":15,"href":"https:\/\/manofacto31.com\/index.php?rest_route=\/wp\/v2\/pages\/141\/revisions"}],"predecessor-version":[{"id":977,"href":"https:\/\/manofacto31.com\/index.php?rest_route=\/wp\/v2\/pages\/141\/revisions\/977"}],"up":[{"embeddable":true,"href":"https:\/\/manofacto31.com\/index.php?rest_route=\/wp\/v2\/pages\/62"}],"wp:attachment":[{"href":"https:\/\/manofacto31.com\/index.php?rest_route=%2Fwp%2Fv2%2Fmedia&parent=141"}],"curies":[{"name":"wp","href":"https:\/\/api.w.org\/{rel}","templated":true}]}}