{"id":143,"date":"2015-10-13T11:35:34","date_gmt":"2015-10-13T11:35:34","guid":{"rendered":"http:\/\/manofacto31.com\/?page_id=143"},"modified":"2023-06-15T09:06:42","modified_gmt":"2023-06-15T09:06:42","slug":"meloumoi","status":"publish","type":"page","link":"https:\/\/manofacto31.com\/?page_id=143","title":{"rendered":"M\u00e9loumoi"},"content":{"rendered":"<h2 style=\"text-align: justify;\">Bijoux en laiton et mat\u00e9riaux naturels<span style=\"color: #000000;\"><br \/>\n<\/span><\/h2>\n<h2 style=\"text-align: justify;\"><a href=\"https:\/\/manofacto31.com\/wp-content\/uploads\/2015\/10\/meloumoi.jpg\"><img loading=\"lazy\" decoding=\"async\" class=\"alignnone wp-image-1222 size-large\" src=\"https:\/\/manofacto31.com\/wp-content\/uploads\/2015\/10\/meloumoi-1024x905.jpg\" alt=\"meloumoi\" width=\"560\" height=\"495\" srcset=\"https:\/\/manofacto31.com\/wp-content\/uploads\/2015\/10\/meloumoi-1024x905.jpg 1024w, https:\/\/manofacto31.com\/wp-content\/uploads\/2015\/10\/meloumoi-600x530.jpg 600w, https:\/\/manofacto31.com\/wp-content\/uploads\/2015\/10\/meloumoi-300x265.jpg 300w, https:\/\/manofacto31.com\/wp-content\/uploads\/2015\/10\/meloumoi.jpg 1068w\" sizes=\"(max-width: 560px) 100vw, 560px\" \/><\/a><\/h2>\n<p style=\"text-align: justify;\">Cr\u00e9ation de bijoux en laiton, et autres mat\u00e9riaux principalement naturels tels que des inclusions de pierres semi pr\u00e9cieuses, coraux, bois ou m\u00eame travail du cuir.<\/p>\n<p style=\"text-align: justify;\"><strong>Inspiration<\/strong><\/p>\n<p style=\"text-align: justify;\">L\u2019esth\u00e9tique se veut assez \u00e9pur\u00e9e, des formes simples, avec toujours comme fil conducteur le laiton.<br \/>\nLes techniques et influences \u00e9voluent au fil des voyages et des rencontres. Tout d&rsquo;abord un travail du m\u00e9tal \u00e0 froid, le fil de laiton est martel\u00e9 sans soudure, tiss\u00e9, avec parfois des inclusions de tissage de macram\u00e9, suivant des techniques sud am\u00e9ricaines. L&rsquo;\u00e9volution se fait vers une bijouterie plus traditionnelle, brasure \u00e0 l&rsquo;argent, inclusion de r\u00e9sine ou autres exp\u00e9riences.<br \/>\nTous les appr\u00eats et cordons sont artisanaux et con\u00e7us \u00e0 l&rsquo;atelier.<\/p>\n<p style=\"text-align: justify;\"><a href=\"https:\/\/manofacto31.com\/wp-content\/uploads\/2015\/10\/melprueba-5.jpg\"><img loading=\"lazy\" decoding=\"async\" class=\"alignnone wp-image-226 size-large\" src=\"https:\/\/manofacto31.com\/wp-content\/uploads\/2015\/10\/melprueba-5-1024x683.jpg\" alt=\"melprueba-5\" width=\"560\" height=\"374\" srcset=\"https:\/\/manofacto31.com\/wp-content\/uploads\/2015\/10\/melprueba-5-1024x683.jpg 1024w, https:\/\/manofacto31.com\/wp-content\/uploads\/2015\/10\/melprueba-5-600x400.jpg 600w, https:\/\/manofacto31.com\/wp-content\/uploads\/2015\/10\/melprueba-5-300x200.jpg 300w\" sizes=\"(max-width: 560px) 100vw, 560px\" \/><\/a><\/p>\n<p style=\"text-align: justify;\"><a href=\"https:\/\/manofacto31.com\/wp-content\/uploads\/2015\/10\/bo-cuivlaitcuir.jpg\"><img loading=\"lazy\" decoding=\"async\" class=\"alignnone wp-image-224\" src=\"https:\/\/manofacto31.com\/wp-content\/uploads\/2015\/10\/bo-cuivlaitcuir-300x225.jpg\" alt=\"bo cuivlaitcuir\" width=\"257\" height=\"193\" srcset=\"https:\/\/manofacto31.com\/wp-content\/uploads\/2015\/10\/bo-cuivlaitcuir-300x225.jpg 300w, https:\/\/manofacto31.com\/wp-content\/uploads\/2015\/10\/bo-cuivlaitcuir-600x450.jpg 600w, https:\/\/manofacto31.com\/wp-content\/uploads\/2015\/10\/bo-cuivlaitcuir-1024x768.jpg 1024w\" sizes=\"(max-width: 257px) 100vw, 257px\" \/><\/a><a href=\"https:\/\/manofacto31.com\/wp-content\/uploads\/2015\/10\/melprueba-23.jpg\"><img loading=\"lazy\" decoding=\"async\" class=\"alignnone wp-image-232\" src=\"https:\/\/manofacto31.com\/wp-content\/uploads\/2015\/10\/melprueba-23-300x200.jpg\" alt=\"melprueba-23\" width=\"290\" height=\"193\" srcset=\"https:\/\/manofacto31.com\/wp-content\/uploads\/2015\/10\/melprueba-23-300x200.jpg 300w, https:\/\/manofacto31.com\/wp-content\/uploads\/2015\/10\/melprueba-23-600x400.jpg 600w, https:\/\/manofacto31.com\/wp-content\/uploads\/2015\/10\/melprueba-23-1024x683.jpg 1024w\" sizes=\"(max-width: 290px) 100vw, 290px\" \/><\/a><\/p>\n<h4 style=\"text-align: justify;\">Site internet : <span style=\"color: #9b4646;\"><a style=\"color: #9b4646;\" href=\"http:\/\/melsalmon.wix.com\/meloumoi\">http:\/\/melsalmon.wix.com\/meloumoi<\/a><\/span><\/h4>\n<h4 style=\"text-align: justify;\">Facebook : <a href=\"https:\/\/www.facebook.com\/M%C3%A9loumoi-704715099554723\/?fref=ts\">M\u00e9loumoi<\/a><\/h4>\n","protected":false},"excerpt":{"rendered":"<p>Bijoux en laiton et mat\u00e9riaux naturels Cr\u00e9ation de bijoux en laiton, et autres mat\u00e9riaux principalement naturels tels que des inclusions de pierres semi pr\u00e9cieuses, coraux, bois ou m\u00eame travail du cuir. Inspiration L\u2019esth\u00e9tique se veut assez \u00e9pur\u00e9e, des formes simples, &hellip; <a class=\"more-link\" href=\"https:\/\/manofacto31.com\/?page_id=143\">Lire la suite <span class=\"meta-nav\">&rarr;<\/span><\/a><\/p>\n","protected":false},"author":5,"featured_media":0,"parent":62,"menu_order":0,"comment_status":"closed","ping_status":"closed","template":"","meta":{"saved_in_kubio":false,"footnotes":""},"class_list":["post-143","page","type-page","status-publish","hentry"],"kubio_ai_page_context":{"short_desc":"","purpose":"general"},"_links":{"self":[{"href":"https:\/\/manofacto31.com\/index.php?rest_route=\/wp\/v2\/pages\/143","targetHints":{"allow":["GET"]}}],"collection":[{"href":"https:\/\/manofacto31.com\/index.php?rest_route=\/wp\/v2\/pages"}],"about":[{"href":"https:\/\/manofacto31.com\/index.php?rest_route=\/wp\/v2\/types\/page"}],"author":[{"embeddable":true,"href":"https:\/\/manofacto31.com\/index.php?rest_route=\/wp\/v2\/users\/5"}],"replies":[{"embeddable":true,"href":"https:\/\/manofacto31.com\/index.php?rest_route=%2Fwp%2Fv2%2Fcomments&post=143"}],"version-history":[{"count":26,"href":"https:\/\/manofacto31.com\/index.php?rest_route=\/wp\/v2\/pages\/143\/revisions"}],"predecessor-version":[{"id":401,"href":"https:\/\/manofacto31.com\/index.php?rest_route=\/wp\/v2\/pages\/143\/revisions\/401"}],"up":[{"embeddable":true,"href":"https:\/\/manofacto31.com\/index.php?rest_route=\/wp\/v2\/pages\/62"}],"wp:attachment":[{"href":"https:\/\/manofacto31.com\/index.php?rest_route=%2Fwp%2Fv2%2Fmedia&parent=143"}],"curies":[{"name":"wp","href":"https:\/\/api.w.org\/{rel}","templated":true}]}}