{"id":151,"date":"2015-10-13T11:39:49","date_gmt":"2015-10-13T11:39:49","guid":{"rendered":"http:\/\/manofacto31.com\/?page_id=151"},"modified":"2025-11-23T10:36:54","modified_gmt":"2025-11-23T10:36:54","slug":"fafa","status":"publish","type":"page","link":"https:\/\/manofacto31.com\/?page_id=151","title":{"rendered":"Fafa M"},"content":{"rendered":"\r\n<div class=\"wp-block-image\">\r\n<figure class=\"aligncenter is-resized\"><img decoding=\"async\" class=\"wp-image-2833\" src=\"https:\/\/manofacto31.com\/wp-content\/uploads\/2021\/03\/IMG_E0183-877x1024.jpg\" alt=\"\" width=\"450\" srcset=\"https:\/\/manofacto31.com\/wp-content\/uploads\/2021\/03\/IMG_E0183-877x1024.jpg 877w, https:\/\/manofacto31.com\/wp-content\/uploads\/2021\/03\/IMG_E0183-600x701.jpg 600w, https:\/\/manofacto31.com\/wp-content\/uploads\/2021\/03\/IMG_E0183-257x300.jpg 257w, https:\/\/manofacto31.com\/wp-content\/uploads\/2021\/03\/IMG_E0183-768x897.jpg 768w, https:\/\/manofacto31.com\/wp-content\/uploads\/2021\/03\/IMG_E0183.jpg 960w\" sizes=\"(max-width: 877px) 100vw, 877px\" \/><\/figure>\r\n<\/div>\r\n\r\n\r\n\r\n<p><strong>QUI ES-TU ?<\/strong><\/p>\r\n\r\n\r\n\r\n<p>Je suis Fabienne Montero cr\u00e9atrice de la marque FAFA M.<br \/>J&rsquo;habite et travaille \u00e0 Toulouse dans le quartier Saint Aubin<\/p>\r\n\r\n\r\n\r\n<p><strong>TON PARCOURS<\/strong><\/p>\r\n\r\n\r\n\r\n<p>J&rsquo;ai une formation de peintre en d\u00e9cors, je suis tr\u00e8s manuelle depuis toujours.<br \/>Mon nom de marque est juste mon surnom plus le M de mon nom de famille et ce M se retourne en \u00ab\u00a0<em>aime<\/em>\u00ab\u00a0<\/p>\r\n\r\n\r\n\r\n<div class=\"wp-block-image\">\r\n<figure class=\"aligncenter is-resized\"><img decoding=\"async\" class=\"wp-image-2834\" src=\"https:\/\/manofacto31.com\/wp-content\/uploads\/2021\/03\/IMG_E0177-1024x768.jpg\" alt=\"\" width=\"550\" srcset=\"https:\/\/manofacto31.com\/wp-content\/uploads\/2021\/03\/IMG_E0177-1024x768.jpg 1024w, https:\/\/manofacto31.com\/wp-content\/uploads\/2021\/03\/IMG_E0177-600x450.jpg 600w, https:\/\/manofacto31.com\/wp-content\/uploads\/2021\/03\/IMG_E0177-180x135.jpg 180w, https:\/\/manofacto31.com\/wp-content\/uploads\/2021\/03\/IMG_E0177-300x225.jpg 300w, https:\/\/manofacto31.com\/wp-content\/uploads\/2021\/03\/IMG_E0177-768x576.jpg 768w, https:\/\/manofacto31.com\/wp-content\/uploads\/2021\/03\/IMG_E0177.jpg 1280w\" sizes=\"(max-width: 1024px) 100vw, 1024px\" \/><\/figure>\r\n<\/div>\r\n\r\n\r\n\r\n<p><strong>QUE FABRIQUES-TU ?<\/strong><\/p>\r\n\r\n\r\n\r\n<p>Je r\u00e9alise de la maroquinerie recycl\u00e9e, des sacs, des pochettes, des porte-monnaie, des boucles d\u2019oreille \u00e0 partir du cuir r\u00e9cup\u00e9r\u00e9 dans des v\u00eatements, canap\u00e9s et aussi je me procure des chutes de cuir\u2026<br \/>Je travaille chez moi.\u00a0<\/p>\r\n\r\n\r\n\r\n<p><strong>QUELLES SONT TES SOURCES D\u2019INSPIRATION ?<\/strong><\/p>\r\n\r\n\r\n\r\n<p>Mon inspiration surgit dans ce qui m\u2019entoure : la ville, la nature ou encore l\u2019inspiration impulsive du moment<\/p>\r\n\r\n\r\n\r\n<p><strong>SI TU \u00c9TAIS UNE DE TES CR\u00c9ATIONS LAQUELLE SERAIS-TU ?<\/strong><\/p>\r\n\r\n\r\n\r\n<p>Je serais un sac<\/p>\r\n\r\n\r\n\r\n<p><strong>3 CHOSES QUE TU AIMES, 3 CHOSES QUE TU N\u2019AIMES PAS ?<\/strong><br \/><br \/>La libert\u00e9, les rencontres, les amiessss, la d\u00e9couverte, les \u00e9changes<br \/>Les cons, m\u2019enfermer, les masques<\/p>\r\n\r\n\r\n\r\n<p><strong>QUEL EST TON MANTRA, TA CITATION PR\u00c9F\u00c9R\u00c9E ?<\/strong><\/p>\r\n\r\n\r\n\r\n<p>\u00ab\u00a0Aimons-nous les uns les autres\u00a0\u00bb<\/p>\r\n\r\n\r\n\r\n<div class=\"wp-block-image\">\r\n<figure class=\"aligncenter is-resized\"><img decoding=\"async\" class=\"wp-image-2835\" src=\"https:\/\/manofacto31.com\/wp-content\/uploads\/2021\/03\/IMG_0187.jpg\" alt=\"\" width=\"550\" srcset=\"https:\/\/manofacto31.com\/wp-content\/uploads\/2021\/03\/IMG_0187.jpg 713w, https:\/\/manofacto31.com\/wp-content\/uploads\/2021\/03\/IMG_0187-600x713.jpg 600w, https:\/\/manofacto31.com\/wp-content\/uploads\/2021\/03\/IMG_0187-253x300.jpg 253w\" sizes=\"(max-width: 713px) 100vw, 713px\" \/><\/figure>\r\n<\/div>\r\n\r\n\r\n\r\n<p><strong>O\u00d9 TE TROUVE-T-ON (\u00c0 PART MANO FACTO) ?<\/strong><\/p>\r\n\r\n\r\n\r\n<p>March\u00e9 des cr\u00e9ateurs des Carmes, Aubin des cr\u00e9ateurs, Fait main 31, parmi d\u2019autres<\/p>\r\n","protected":false},"excerpt":{"rendered":"<p>QUI ES-TU ? Je suis Fabienne Montero cr\u00e9atrice de la marque FAFA M.J&rsquo;habite et travaille \u00e0 Toulouse dans le quartier Saint Aubin TON PARCOURS J&rsquo;ai une formation de peintre en d\u00e9cors, je suis tr\u00e8s manuelle depuis toujours.Mon nom de marque &hellip; <a class=\"more-link\" href=\"https:\/\/manofacto31.com\/?page_id=151\">Lire la suite <span class=\"meta-nav\">&rarr;<\/span><\/a><\/p>\n","protected":false},"author":5,"featured_media":0,"parent":44,"menu_order":0,"comment_status":"closed","ping_status":"open","template":"","meta":{"saved_in_kubio":true,"footnotes":""},"class_list":["post-151","page","type-page","status-publish","hentry"],"kubio_ai_page_context":{"short_desc":"","purpose":"general"},"_links":{"self":[{"href":"https:\/\/manofacto31.com\/index.php?rest_route=\/wp\/v2\/pages\/151","targetHints":{"allow":["GET"]}}],"collection":[{"href":"https:\/\/manofacto31.com\/index.php?rest_route=\/wp\/v2\/pages"}],"about":[{"href":"https:\/\/manofacto31.com\/index.php?rest_route=\/wp\/v2\/types\/page"}],"author":[{"embeddable":true,"href":"https:\/\/manofacto31.com\/index.php?rest_route=\/wp\/v2\/users\/5"}],"replies":[{"embeddable":true,"href":"https:\/\/manofacto31.com\/index.php?rest_route=%2Fwp%2Fv2%2Fcomments&post=151"}],"version-history":[{"count":11,"href":"https:\/\/manofacto31.com\/index.php?rest_route=\/wp\/v2\/pages\/151\/revisions"}],"predecessor-version":[{"id":3178,"href":"https:\/\/manofacto31.com\/index.php?rest_route=\/wp\/v2\/pages\/151\/revisions\/3178"}],"up":[{"embeddable":true,"href":"https:\/\/manofacto31.com\/index.php?rest_route=\/wp\/v2\/pages\/44"}],"wp:attachment":[{"href":"https:\/\/manofacto31.com\/index.php?rest_route=%2Fwp%2Fv2%2Fmedia&parent=151"}],"curies":[{"name":"wp","href":"https:\/\/api.w.org\/{rel}","templated":true}]}}