{"id":1986,"date":"2017-04-13T10:34:32","date_gmt":"2017-04-13T10:34:32","guid":{"rendered":"http:\/\/manofacto31.com\/?page_id=1986"},"modified":"2025-11-23T10:49:43","modified_gmt":"2025-11-23T10:49:43","slug":"louise-de-contes","status":"publish","type":"page","link":"https:\/\/manofacto31.com\/?page_id=1986","title":{"rendered":"Louise de Contes"},"content":{"rendered":"\r\n<div class=\"wp-block-image\">\r\n<figure class=\"aligncenter is-resized\"><img decoding=\"async\" class=\"wp-image-2857\" src=\"https:\/\/manofacto31.com\/wp-content\/uploads\/2021\/03\/IMG-2181-1024x940.jpg\" alt=\"\" width=\"550\" srcset=\"https:\/\/manofacto31.com\/wp-content\/uploads\/2021\/03\/IMG-2181-1024x940.jpg 1024w, https:\/\/manofacto31.com\/wp-content\/uploads\/2021\/03\/IMG-2181-600x551.jpg 600w, https:\/\/manofacto31.com\/wp-content\/uploads\/2021\/03\/IMG-2181-300x275.jpg 300w, https:\/\/manofacto31.com\/wp-content\/uploads\/2021\/03\/IMG-2181-768x705.jpg 768w, https:\/\/manofacto31.com\/wp-content\/uploads\/2021\/03\/IMG-2181.jpg 1569w\" sizes=\"(max-width: 1024px) 100vw, 1024px\" \/><\/figure>\r\n<\/div>\r\n\r\n\r\n\r\n<p><strong>QUI ES-TU ?<\/strong><\/p>\r\n\r\n\r\n\r\n<p>Je m\u2019appelle Louise de Contes, je suis illustratrice pour la litt\u00e9rature jeunesse et dessinatrice. Apr\u00e8s avoir fait mes \u00e9tudes \u00e0 Toulouse, et y avoir habit\u00e9 15 ans, j\u2019ai d\u00e9m\u00e9nag\u00e9 pas tr\u00e8s loin, dans le Tarn o\u00f9 j\u2019habite dans un ancien moulin, avec mon fils et son papa.<\/p>\r\n\r\n\r\n\r\n<p><strong>TON PARCOURS<\/strong><\/p>\r\n\r\n\r\n\r\n<p>J\u2019ai fait un passage \u00e9clair d\u2019un an \u00e0 l\u2019\u00e9cole des Beaux arts de Toulouse, puis un Master d\u2019arts plastiques entre l\u2019universit\u00e9 de Toulouse et l\u2019\u00e9cole des beaux arts de Guadalajara, au Mexique.<\/p>\r\n\r\n\r\n\r\n<p>Apr\u00e8s mes \u00e9tudes, durant lesquelles je dessinais beaucoup, j\u2019ai rencontr\u00e9 un conteur, et nous avons d\u00e9cid\u00e9 de faire un premier livre, un album jeunesse, ensemble, c\u2019est comme \u00e7a qu\u2019est n\u00e9e la premi\u00e8re version de l\u2019album\u00a0: Le lac Yishihama, en 2012. Aujourd\u2019hui, cet album est \u00e9puis\u00e9, mais nous en avons sorti une nouvelle version, avec de nouvelles illustrations, en d\u00e9cembre 2020.<\/p>\r\n\r\n\r\n\r\n<div class=\"wp-block-image\">\r\n<figure class=\"aligncenter is-resized\"><img decoding=\"async\" class=\"wp-image-2858\" src=\"https:\/\/manofacto31.com\/wp-content\/uploads\/2021\/03\/IMG-2159-1024x961.jpg\" alt=\"\" width=\"550\" srcset=\"https:\/\/manofacto31.com\/wp-content\/uploads\/2021\/03\/IMG-2159-1024x961.jpg 1024w, https:\/\/manofacto31.com\/wp-content\/uploads\/2021\/03\/IMG-2159-600x563.jpg 600w, https:\/\/manofacto31.com\/wp-content\/uploads\/2021\/03\/IMG-2159-300x281.jpg 300w, https:\/\/manofacto31.com\/wp-content\/uploads\/2021\/03\/IMG-2159-768x720.jpg 768w\" sizes=\"(max-width: 1024px) 100vw, 1024px\" \/><\/figure>\r\n<\/div>\r\n\r\n\r\n\r\n<p><strong>QUE FABRIQUES-TU ?<\/strong><\/p>\r\n\r\n\r\n\r\n<p>La plupart des produits disponibles \u00e0 Mano facto sont des reproductions de mes dessins et illustrations dans diff\u00e9rents formats, des cartes postales, des petits carnets, et quelques produits d\u00e9riv\u00e9s fabriqu\u00e9s avec mes images.<\/p>\r\n\r\n\r\n\r\n<p>J\u2019utilise majoritairement du papier (parfois du tissu), souvent du papier \u00e0 grain, car j\u2019aime bien la texture.<\/p>\r\n\r\n\r\n\r\n<p>J\u2019utilise des feutres, des crayons de couleurs, des crayons aquarellables, de l\u2019aquarelle, parfois des collages et des tampons que je fabrique. Je fais parfois un peu de gravure.<\/p>\r\n\r\n\r\n\r\n<p>J\u2019ai un atelier chez moi, et lorsque je ne bouge pas trop (en r\u00e9sidence, dans des salons du livres, des \u00e9coles\u2026), je loue un atelier avec d\u2019autres personnes. Ces derni\u00e8res ann\u00e9es il \u00e9tait \u00e0 Rabastens, dans le Tarn, mais je pense bient\u00f4t le d\u00e9m\u00e9nager \u00e0 Lisle sur Tarn, plus proche de chez moi.<\/p>\r\n\r\n\r\n\r\n<p><strong>QUELLES SONT TES SOURCES D\u2019INSPIRATION ?<\/strong><\/p>\r\n\r\n\r\n\r\n<p>J\u2019adore m\u2019inspirer de mon entourage, de mon environnement dans mes dessins, de ce que je vois m\u00e9lang\u00e9 \u00e0 mon imaginaire. Bien s\u00fbr je m\u2019inspire aussi de plein d\u2019illustratrices et illustrateurs que j\u2019adore, je me nourris de tout ce m\u00e9lange.<\/p>\r\n\r\n\r\n\r\n<div class=\"wp-block-image\">\r\n<figure class=\"aligncenter is-resized\"><img decoding=\"async\" class=\"wp-image-2860\" src=\"https:\/\/manofacto31.com\/wp-content\/uploads\/2021\/03\/IMG-2173-1024x768.jpg\" alt=\"\" width=\"550\" srcset=\"https:\/\/manofacto31.com\/wp-content\/uploads\/2021\/03\/IMG-2173-1024x768.jpg 1024w, https:\/\/manofacto31.com\/wp-content\/uploads\/2021\/03\/IMG-2173-600x450.jpg 600w, https:\/\/manofacto31.com\/wp-content\/uploads\/2021\/03\/IMG-2173-180x135.jpg 180w, https:\/\/manofacto31.com\/wp-content\/uploads\/2021\/03\/IMG-2173-300x225.jpg 300w, https:\/\/manofacto31.com\/wp-content\/uploads\/2021\/03\/IMG-2173-768x576.jpg 768w\" sizes=\"(max-width: 1024px) 100vw, 1024px\" \/><\/figure>\r\n<\/div>\r\n\r\n\r\n\r\n<p><strong>SI TU \u00c9TAIS UNE DE TES CR\u00c9ATIONS LAQUELLE SERAIS-TU ?<\/strong><\/p>\r\n\r\n\r\n\r\n<p>Je serais un dessin d\u2019oiseau, une petite hirondelle qui vole d\u2019endroit en endroit joyeusement.<\/p>\r\n\r\n\r\n\r\n<p><strong>DES CHOSES QUE TU AIMES ?<\/strong><\/p>\r\n\r\n\r\n\r\n<p>J\u2019adore prendre le temps de dessiner pour rien, sans commandes, sans obligations, j\u2019adore dessiner pour des commandes, c\u2019est \u00e0 chaque fois un nouveau challenge. J\u2019aime faire des bons repas avec des amis et siroter une grenadine en terrasse d\u2019un caf\u00e9 en regardant les passants. J\u2019aime le chant des oiseaux le matin, et le rire de mon enfant.<\/p>\r\n\r\n\r\n\r\n<div class=\"wp-block-image\">\r\n<figure class=\"aligncenter is-resized\"><img decoding=\"async\" class=\"wp-image-2859\" src=\"https:\/\/manofacto31.com\/wp-content\/uploads\/2021\/03\/C48F9340-3F70-4929-9BE2-C97D4727556A-1024x1024.jpg\" alt=\"\" width=\"450\" srcset=\"https:\/\/manofacto31.com\/wp-content\/uploads\/2021\/03\/C48F9340-3F70-4929-9BE2-C97D4727556A-1024x1024.jpg 1024w, https:\/\/manofacto31.com\/wp-content\/uploads\/2021\/03\/C48F9340-3F70-4929-9BE2-C97D4727556A-300x300.jpg 300w, https:\/\/manofacto31.com\/wp-content\/uploads\/2021\/03\/C48F9340-3F70-4929-9BE2-C97D4727556A-100x100.jpg 100w, https:\/\/manofacto31.com\/wp-content\/uploads\/2021\/03\/C48F9340-3F70-4929-9BE2-C97D4727556A-600x600.jpg 600w, https:\/\/manofacto31.com\/wp-content\/uploads\/2021\/03\/C48F9340-3F70-4929-9BE2-C97D4727556A-768x768.jpg 768w\" sizes=\"(max-width: 1024px) 100vw, 1024px\" \/><\/figure>\r\n<\/div>\r\n\r\n\r\n\r\n<p><strong>O\u00d9 TE TROUVE-T-ON (\u00c0 PART MANO FACTO) ?<\/strong><\/p>\r\n\r\n\r\n\r\n<p>\u00c0 mon atelier\u00a0(sur rendez-vous).<\/p>\r\n\r\n\r\n\r\n<p><a href=\"http:\/\/www.louisedecontes.com\" target=\"_blank\" rel=\"noreferrer noopener\" aria-label=\"Site (s\u2019ouvre dans un nouvel onglet)\">Site<\/a><br \/><a href=\"https:\/\/www.etsy.com\/shop\/LouisedeContes\" target=\"_blank\" rel=\"noreferrer noopener\" aria-label=\"Boutique en ligne - Etsy (s\u2019ouvre dans un nouvel onglet)\">Boutique en ligne &#8211; Etsy<\/a><br \/><a href=\"https:\/\/www.facebook.com\/louisedecontes\" target=\"_blank\" rel=\"noreferrer noopener\" aria-label=\"Facebook (s\u2019ouvre dans un nouvel onglet)\">Facebook<\/a><br \/><a href=\"https:\/\/www.instagram.com\/louisedecontes\" target=\"_blank\" rel=\"noreferrer noopener\" aria-label=\"Instagram (s\u2019ouvre dans un nouvel onglet)\">Instagram<\/a><\/p>\r\n","protected":false},"excerpt":{"rendered":"<p>QUI ES-TU ? Je m\u2019appelle Louise de Contes, je suis illustratrice pour la litt\u00e9rature jeunesse et dessinatrice. Apr\u00e8s avoir fait mes \u00e9tudes \u00e0 Toulouse, et y avoir habit\u00e9 15 ans, j\u2019ai d\u00e9m\u00e9nag\u00e9 pas tr\u00e8s loin, dans le Tarn o\u00f9 j\u2019habite &hellip; <a class=\"more-link\" href=\"https:\/\/manofacto31.com\/?page_id=1986\">Lire la suite <span class=\"meta-nav\">&rarr;<\/span><\/a><\/p>\n","protected":false},"author":5,"featured_media":0,"parent":0,"menu_order":0,"comment_status":"closed","ping_status":"open","template":"","meta":{"saved_in_kubio":true,"footnotes":""},"class_list":["post-1986","page","type-page","status-publish","hentry"],"kubio_ai_page_context":{"short_desc":"","purpose":"general"},"_links":{"self":[{"href":"https:\/\/manofacto31.com\/index.php?rest_route=\/wp\/v2\/pages\/1986","targetHints":{"allow":["GET"]}}],"collection":[{"href":"https:\/\/manofacto31.com\/index.php?rest_route=\/wp\/v2\/pages"}],"about":[{"href":"https:\/\/manofacto31.com\/index.php?rest_route=\/wp\/v2\/types\/page"}],"author":[{"embeddable":true,"href":"https:\/\/manofacto31.com\/index.php?rest_route=\/wp\/v2\/users\/5"}],"replies":[{"embeddable":true,"href":"https:\/\/manofacto31.com\/index.php?rest_route=%2Fwp%2Fv2%2Fcomments&post=1986"}],"version-history":[{"count":13,"href":"https:\/\/manofacto31.com\/index.php?rest_route=\/wp\/v2\/pages\/1986\/revisions"}],"predecessor-version":[{"id":3193,"href":"https:\/\/manofacto31.com\/index.php?rest_route=\/wp\/v2\/pages\/1986\/revisions\/3193"}],"wp:attachment":[{"href":"https:\/\/manofacto31.com\/index.php?rest_route=%2Fwp%2Fv2%2Fmedia&parent=1986"}],"curies":[{"name":"wp","href":"https:\/\/api.w.org\/{rel}","templated":true}]}}