{"id":2078,"date":"2017-05-01T15:59:10","date_gmt":"2017-05-01T15:59:10","guid":{"rendered":"http:\/\/manofacto31.com\/?page_id=2078"},"modified":"2017-05-01T16:14:56","modified_gmt":"2017-05-01T16:14:56","slug":"gaya-gioielli","status":"publish","type":"page","link":"https:\/\/manofacto31.com\/?page_id=2078","title":{"rendered":"Gaya Gioielli"},"content":{"rendered":"<div id=\"yui_3_16_0_ym19_1_1493641862548_6835\"><a href=\"https:\/\/manofacto31.com\/wp-content\/uploads\/2017\/05\/DSC5757-copie.jpg\"><img loading=\"lazy\" decoding=\"async\" class=\"alignnone wp-image-2071 \" src=\"https:\/\/manofacto31.com\/wp-content\/uploads\/2017\/05\/DSC5757-copie-199x300.jpg\" alt=\"_DSC5757 copie\" width=\"381\" height=\"574\" srcset=\"https:\/\/manofacto31.com\/wp-content\/uploads\/2017\/05\/DSC5757-copie-199x300.jpg 199w, https:\/\/manofacto31.com\/wp-content\/uploads\/2017\/05\/DSC5757-copie-600x906.jpg 600w, https:\/\/manofacto31.com\/wp-content\/uploads\/2017\/05\/DSC5757-copie-678x1024.jpg 678w, https:\/\/manofacto31.com\/wp-content\/uploads\/2017\/05\/DSC5757-copie-scaled.jpg 1696w\" sizes=\"(max-width: 381px) 100vw, 381px\" \/> <\/a><\/div>\n<div><\/div>\n<div><a href=\"http:\/\/www.gayagioielli.com\/\"><strong>GAYA GIOIELLI<\/strong><\/a> est une ligne de\u00a0<strong id=\"yui_3_16_0_ym19_1_1493641862548_6836\">cr\u00e9ations en argent massif<\/strong> <strong>et pierres semi pr\u00e9cieuses<\/strong> enti\u00e8rement faite main.Bagues, boucles d\u2019oreilles, pendentifs; chaque pi\u00e8ce est unique sans jamais \u00eatre produite deux fois.<br \/>\nLes formes, souvent inspir\u00e9es de la nature, sont simples et organiques.<\/div>\n<div id=\"yui_3_16_0_ym19_1_1493641862548_8383\"><\/div>\n<div id=\"yui_3_16_0_ym19_1_1493641862548_6665\">Le travail des\u00a0diff\u00e9rentes textures de la mati\u00e8re sont privil\u00e9gi\u00e9s; l\u2019argent devient ainsi mat, brillant, satin\u00e9, martel\u00e9, cisel\u00e9, brunit\u2026<br \/>\nLe contraste avec l\u2019\u00e9nergie des pierres \u00a0cr\u00e9e un effet \u00a0\u00bb\u00a0 rustique\u00a0\u00bb mais \u00e9l\u00e9gant, sans doute originel.<\/div>\n<div><a href=\"https:\/\/manofacto31.com\/wp-content\/uploads\/2017\/05\/Sans-titre_HDR2-copie.jpg\"><img loading=\"lazy\" decoding=\"async\" class=\"alignnone wp-image-2069\" src=\"https:\/\/manofacto31.com\/wp-content\/uploads\/2017\/05\/Sans-titre_HDR2-copie.jpg\" alt=\"Sans titre_HDR2 copie\" width=\"600\" height=\"396\" \/><\/a><a href=\"https:\/\/manofacto31.com\/wp-content\/uploads\/2017\/05\/IMG_0025.jpg\"><img loading=\"lazy\" decoding=\"async\" class=\"alignnone wp-image-2038\" src=\"https:\/\/manofacto31.com\/wp-content\/uploads\/2017\/05\/IMG_0025-180x135.jpg\" alt=\"IMG_0025\" width=\"600\" height=\"450\" srcset=\"https:\/\/manofacto31.com\/wp-content\/uploads\/2017\/05\/IMG_0025-180x135.jpg 180w, https:\/\/manofacto31.com\/wp-content\/uploads\/2017\/05\/IMG_0025-600x450.jpg 600w, https:\/\/manofacto31.com\/wp-content\/uploads\/2017\/05\/IMG_0025-300x225.jpg 300w, https:\/\/manofacto31.com\/wp-content\/uploads\/2017\/05\/IMG_0025.jpg 640w\" sizes=\"(max-width: 600px) 100vw, 600px\" \/><\/a><a href=\"https:\/\/manofacto31.com\/wp-content\/uploads\/2017\/05\/IMG_2715.jpg\"><img loading=\"lazy\" decoding=\"async\" class=\"alignnone wp-image-2039\" src=\"https:\/\/manofacto31.com\/wp-content\/uploads\/2017\/05\/IMG_2715-180x135.jpg\" alt=\"IMG_2715\" width=\"600\" height=\"508\" srcset=\"https:\/\/manofacto31.com\/wp-content\/uploads\/2017\/05\/IMG_2715-600x508.jpg 600w, https:\/\/manofacto31.com\/wp-content\/uploads\/2017\/05\/IMG_2715-300x254.jpg 300w, https:\/\/manofacto31.com\/wp-content\/uploads\/2017\/05\/IMG_2715.jpg 650w\" sizes=\"(max-width: 600px) 100vw, 600px\" \/><\/a><\/div>\n<div><a id=\"yui_3_16_0_ym19_1_1493641862548_8315\" href=\"http:\/\/www.gayagioielli.com\/\" target=\"_blank\" rel=\"nofollow\">www.gayagioielli.com <\/a><\/div>\n","protected":false},"excerpt":{"rendered":"<p>GAYA GIOIELLI est une ligne de\u00a0cr\u00e9ations en argent massif et pierres semi pr\u00e9cieuses enti\u00e8rement faite main.Bagues, boucles d\u2019oreilles, pendentifs; chaque pi\u00e8ce est unique sans jamais \u00eatre produite deux fois. Les formes, souvent inspir\u00e9es de la nature, sont simples et organiques. &hellip; <a class=\"more-link\" href=\"https:\/\/manofacto31.com\/?page_id=2078\">Lire la suite <span class=\"meta-nav\">&rarr;<\/span><\/a><\/p>\n","protected":false},"author":5,"featured_media":0,"parent":0,"menu_order":0,"comment_status":"closed","ping_status":"open","template":"","meta":{"saved_in_kubio":false,"footnotes":""},"class_list":["post-2078","page","type-page","status-publish","hentry"],"kubio_ai_page_context":{"short_desc":"","purpose":"general"},"_links":{"self":[{"href":"https:\/\/manofacto31.com\/index.php?rest_route=\/wp\/v2\/pages\/2078","targetHints":{"allow":["GET"]}}],"collection":[{"href":"https:\/\/manofacto31.com\/index.php?rest_route=\/wp\/v2\/pages"}],"about":[{"href":"https:\/\/manofacto31.com\/index.php?rest_route=\/wp\/v2\/types\/page"}],"author":[{"embeddable":true,"href":"https:\/\/manofacto31.com\/index.php?rest_route=\/wp\/v2\/users\/5"}],"replies":[{"embeddable":true,"href":"https:\/\/manofacto31.com\/index.php?rest_route=%2Fwp%2Fv2%2Fcomments&post=2078"}],"version-history":[{"count":17,"href":"https:\/\/manofacto31.com\/index.php?rest_route=\/wp\/v2\/pages\/2078\/revisions"}],"predecessor-version":[{"id":2100,"href":"https:\/\/manofacto31.com\/index.php?rest_route=\/wp\/v2\/pages\/2078\/revisions\/2100"}],"wp:attachment":[{"href":"https:\/\/manofacto31.com\/index.php?rest_route=%2Fwp%2Fv2%2Fmedia&parent=2078"}],"curies":[{"name":"wp","href":"https:\/\/api.w.org\/{rel}","templated":true}]}}