{"id":2277,"date":"2018-01-11T10:07:27","date_gmt":"2018-01-11T10:07:27","guid":{"rendered":"http:\/\/manofacto31.com\/?page_id=2277"},"modified":"2018-10-10T21:12:46","modified_gmt":"2018-10-10T21:12:46","slug":"cuckoo-madame","status":"publish","type":"page","link":"https:\/\/manofacto31.com\/?page_id=2277","title":{"rendered":"Cuckoo Madame"},"content":{"rendered":"<div><\/div>\n<div><a href=\"https:\/\/manofacto31.com\/wp-content\/uploads\/2018\/01\/mobile-en-feutrine-montgolfieres.jpg\"><img loading=\"lazy\" decoding=\"async\" class=\"alignnone wp-image-2272 size-full\" src=\"https:\/\/manofacto31.com\/wp-content\/uploads\/2018\/01\/mobile-en-feutrine-montgolfieres.jpg\" alt=\"mobile en feutrine montgolfieres\" width=\"703\" height=\"1100\" srcset=\"https:\/\/manofacto31.com\/wp-content\/uploads\/2018\/01\/mobile-en-feutrine-montgolfieres.jpg 703w, https:\/\/manofacto31.com\/wp-content\/uploads\/2018\/01\/mobile-en-feutrine-montgolfieres-600x939.jpg 600w, https:\/\/manofacto31.com\/wp-content\/uploads\/2018\/01\/mobile-en-feutrine-montgolfieres-192x300.jpg 192w, https:\/\/manofacto31.com\/wp-content\/uploads\/2018\/01\/mobile-en-feutrine-montgolfieres-654x1024.jpg 654w\" sizes=\"(max-width: 703px) 100vw, 703px\" \/><\/a><\/div>\n<div><\/div>\n<div>\u00ab\u00a0Je m&rsquo;appelle Mara et j&rsquo;ai cr\u00e9\u00e9 mon atelier de cr\u00e9ation textile et pi\u00e8ces uniques <a href=\"https:\/\/www.etsy.com\/fr\/shop\/CuckooMadam\" target=\"_blank\"><span style=\"color: #cc99ff;\">\u00ab\u00a0Cuckoo Madame\u00a0\u00bb<\/span> <\/a>pour vous proposer des accessoires color\u00e9s ou sombres en coton et lin (ceintures obi, trousses de peinture ou dessin, broches, sacs cabas&#8230;) ainsi que des objets d\u00e9coratifs en feutrine (mobiles,&#8230;). <span style=\"color: #222222;\"><span style=\"font-family: arial, sans-serif;\">Je cr\u00e9e \u00e9galement des objets (sacs, trousses&#8230;) \u00e0 partir d&rsquo;impressions sur tissu de mes peintures et collages.(visible <a href=\"http:\/\/maraneacsu.blogspot.fr\/\" target=\"_blank\"><span style=\"color: #cc99ff;\">ici<\/span><\/a>)\u00a0\u00bb <\/span><\/span><\/div>\n<div><\/div>\n<p><a href=\"https:\/\/manofacto31.com\/wp-content\/uploads\/2018\/01\/Untitled-1.png\"><img loading=\"lazy\" decoding=\"async\" class=\"alignnone wp-image-2273 size-large\" src=\"https:\/\/manofacto31.com\/wp-content\/uploads\/2018\/01\/Untitled-1-1024x1010.png\" alt=\"Untitled-1\" width=\"560\" height=\"552\" srcset=\"https:\/\/manofacto31.com\/wp-content\/uploads\/2018\/01\/Untitled-1-1024x1010.png 1024w, https:\/\/manofacto31.com\/wp-content\/uploads\/2018\/01\/Untitled-1-100x100.png 100w, https:\/\/manofacto31.com\/wp-content\/uploads\/2018\/01\/Untitled-1-600x592.png 600w, https:\/\/manofacto31.com\/wp-content\/uploads\/2018\/01\/Untitled-1-300x296.png 300w, https:\/\/manofacto31.com\/wp-content\/uploads\/2018\/01\/Untitled-1.png 1092w\" sizes=\"(max-width: 560px) 100vw, 560px\" \/><\/a> <a href=\"https:\/\/manofacto31.com\/wp-content\/uploads\/2018\/01\/Untitled-3.png\"><img loading=\"lazy\" decoding=\"async\" class=\"alignnone wp-image-2274 size-large\" src=\"https:\/\/manofacto31.com\/wp-content\/uploads\/2018\/01\/Untitled-3-1024x534.png\" alt=\"Untitled-3\" width=\"560\" height=\"292\" srcset=\"https:\/\/manofacto31.com\/wp-content\/uploads\/2018\/01\/Untitled-3-1024x534.png 1024w, https:\/\/manofacto31.com\/wp-content\/uploads\/2018\/01\/Untitled-3-600x313.png 600w, https:\/\/manofacto31.com\/wp-content\/uploads\/2018\/01\/Untitled-3-300x156.png 300w, https:\/\/manofacto31.com\/wp-content\/uploads\/2018\/01\/Untitled-3.png 1919w\" sizes=\"(max-width: 560px) 100vw, 560px\" \/><\/a> <a href=\"https:\/\/manofacto31.com\/wp-content\/uploads\/2018\/01\/il_fullxfull.1323396344_ht45.jpg\"><img loading=\"lazy\" decoding=\"async\" class=\"alignnone wp-image-2275 size-large\" src=\"https:\/\/manofacto31.com\/wp-content\/uploads\/2018\/01\/il_fullxfull.1323396344_ht45-738x1024.jpg\" alt=\"il_fullxfull.1323396344_ht45\" width=\"560\" height=\"777\" srcset=\"https:\/\/manofacto31.com\/wp-content\/uploads\/2018\/01\/il_fullxfull.1323396344_ht45-738x1024.jpg 738w, https:\/\/manofacto31.com\/wp-content\/uploads\/2018\/01\/il_fullxfull.1323396344_ht45-600x832.jpg 600w, https:\/\/manofacto31.com\/wp-content\/uploads\/2018\/01\/il_fullxfull.1323396344_ht45-216x300.jpg 216w, https:\/\/manofacto31.com\/wp-content\/uploads\/2018\/01\/il_fullxfull.1323396344_ht45-scaled.jpg 1846w\" sizes=\"(max-width: 560px) 100vw, 560px\" \/><\/a><\/p>\n<p>&nbsp;<\/p>\n<p>Et mes coordonn\u00e9es :<\/p>\n<div><span style=\"color: #cc99ff;\">Cuckoo Madame<\/span><\/div>\n<div>\n<p><span style=\"color: #cc99ff;\"><a style=\"color: #cc99ff;\" href=\"mailto:cuckoomadame.couture@gmail.com\" target=\"_blank\">cuckoomadame.couture@gmail.com<\/a><wbr \/>\u00a0 \u00a0 \u00a0 \u00a0 \u00a0 \u00a0 \u00a0 \u00a0 \u00a0 \u00a0 \u00a0 \u00a0 \u00a0 \u00a0 \u00a0<\/span><\/p>\n<p><span style=\"color: #cc99ff;\"><a style=\"color: #cc99ff;\" href=\"http:\/\/www.cuckoomadame.fr\" target=\"_blank\" data-saferedirecturl=\"https:\/\/www.google.com\/url?hl=fr&amp;q=http:\/\/www.cuckoomadame.fr&amp;source=gmail&amp;ust=1515748781438000&amp;usg=AFQjCNH0BjOtgoNOGX7FdLUlyyo_cG2j3A\">Site cuckoomadame<\/a><\/span><\/p>\n<p><span style=\"color: #cc99ff;\"><a style=\"color: #cc99ff;\" href=\"https:\/\/www.facebook.com\/Cuckoo-Madame-426923257491499\/timeline\/\" target=\"_blank\" data-saferedirecturl=\"https:\/\/www.google.com\/url?hl=fr&amp;q=https:\/\/www.facebook.com\/Cuckoo-Madame-426923257491499\/timeline\/&amp;source=gmail&amp;ust=1515748781438000&amp;usg=AFQjCNERY_Xk8ib_X_LdnKm3FO4L7ehnXw\">Facebook Cuckoo-Madame<\/a><\/span><\/p>\n<\/div>\n<p>&nbsp;<\/p>\n","protected":false},"excerpt":{"rendered":"<p>\u00ab\u00a0Je m&rsquo;appelle Mara et j&rsquo;ai cr\u00e9\u00e9 mon atelier de cr\u00e9ation textile et pi\u00e8ces uniques \u00ab\u00a0Cuckoo Madame\u00a0\u00bb pour vous proposer des accessoires color\u00e9s ou sombres en coton et lin (ceintures obi, trousses de peinture ou dessin, broches, sacs cabas&#8230;) ainsi que &hellip; <a class=\"more-link\" href=\"https:\/\/manofacto31.com\/?page_id=2277\">Lire la suite <span class=\"meta-nav\">&rarr;<\/span><\/a><\/p>\n","protected":false},"author":5,"featured_media":2272,"parent":0,"menu_order":0,"comment_status":"closed","ping_status":"open","template":"","meta":{"saved_in_kubio":false,"footnotes":""},"class_list":["post-2277","page","type-page","status-publish","has-post-thumbnail","hentry"],"kubio_ai_page_context":{"short_desc":"","purpose":"general"},"_links":{"self":[{"href":"https:\/\/manofacto31.com\/index.php?rest_route=\/wp\/v2\/pages\/2277","targetHints":{"allow":["GET"]}}],"collection":[{"href":"https:\/\/manofacto31.com\/index.php?rest_route=\/wp\/v2\/pages"}],"about":[{"href":"https:\/\/manofacto31.com\/index.php?rest_route=\/wp\/v2\/types\/page"}],"author":[{"embeddable":true,"href":"https:\/\/manofacto31.com\/index.php?rest_route=\/wp\/v2\/users\/5"}],"replies":[{"embeddable":true,"href":"https:\/\/manofacto31.com\/index.php?rest_route=%2Fwp%2Fv2%2Fcomments&post=2277"}],"version-history":[{"count":4,"href":"https:\/\/manofacto31.com\/index.php?rest_route=\/wp\/v2\/pages\/2277\/revisions"}],"predecessor-version":[{"id":2318,"href":"https:\/\/manofacto31.com\/index.php?rest_route=\/wp\/v2\/pages\/2277\/revisions\/2318"}],"wp:featuredmedia":[{"embeddable":true,"href":"https:\/\/manofacto31.com\/index.php?rest_route=\/wp\/v2\/media\/2272"}],"wp:attachment":[{"href":"https:\/\/manofacto31.com\/index.php?rest_route=%2Fwp%2Fv2%2Fmedia&parent=2277"}],"curies":[{"name":"wp","href":"https:\/\/api.w.org\/{rel}","templated":true}]}}