{"id":2441,"date":"2018-10-10T22:47:16","date_gmt":"2018-10-10T22:47:16","guid":{"rendered":"http:\/\/manofacto31.com\/?page_id=2441"},"modified":"2023-06-15T09:06:29","modified_gmt":"2023-06-15T09:06:29","slug":"les-bijoux-de-vagalumi","status":"publish","type":"page","link":"https:\/\/manofacto31.com\/?page_id=2441","title":{"rendered":"Les Bijoux de Vagalumi"},"content":{"rendered":"<p style=\"text-align: left;\">Les bijoux de Vagalumi sont des bijoux r\u00e9alis\u00e9s en macram\u00e9 et pierres semi pr\u00e9cieuses.<\/p>\n<p>\u00a0<img loading=\"lazy\" decoding=\"async\" class=\"alignnone size-thumbnail wp-image-2443\" src=\"https:\/\/manofacto31.com\/wp-content\/uploads\/2018\/10\/remy3-180x135.jpg\" alt=\"\" width=\"180\" height=\"135\" \/> \u00a0<img loading=\"lazy\" decoding=\"async\" class=\"alignnone size-thumbnail wp-image-2429\" src=\"https:\/\/manofacto31.com\/wp-content\/uploads\/2018\/10\/remy-180x135.jpg\" alt=\"\" width=\"180\" height=\"135\" \/><\/p>\n<h4><img loading=\"lazy\" decoding=\"async\" class=\"alignnone size-thumbnail wp-image-2442\" style=\"line-height: 1.5;\" src=\"https:\/\/manofacto31.com\/wp-content\/uploads\/2018\/10\/remy2-180x135.jpg\" alt=\"\" width=\"180\" height=\"135\" \/>\u00a0\u00a0\u00a0<img loading=\"lazy\" decoding=\"async\" class=\"alignnone size-thumbnail wp-image-2444\" style=\"line-height: 1.5;\" src=\"https:\/\/manofacto31.com\/wp-content\/uploads\/2018\/10\/remy4-180x135.jpg\" alt=\"\" width=\"180\" height=\"135\" \/><\/h4>\n<div class=\"text_exposed_show\">\n<p>&nbsp;<\/p>\n<\/div>\n","protected":false},"excerpt":{"rendered":"<p>Les bijoux de Vagalumi sont des bijoux r\u00e9alis\u00e9s en macram\u00e9 et pierres semi pr\u00e9cieuses. \u00a0 \u00a0 \u00a0\u00a0\u00a0 &nbsp;<\/p>\n","protected":false},"author":5,"featured_media":2429,"parent":62,"menu_order":0,"comment_status":"closed","ping_status":"closed","template":"","meta":{"saved_in_kubio":false,"footnotes":""},"class_list":["post-2441","page","type-page","status-publish","has-post-thumbnail","hentry"],"kubio_ai_page_context":{"short_desc":"","purpose":"general"},"_links":{"self":[{"href":"https:\/\/manofacto31.com\/index.php?rest_route=\/wp\/v2\/pages\/2441","targetHints":{"allow":["GET"]}}],"collection":[{"href":"https:\/\/manofacto31.com\/index.php?rest_route=\/wp\/v2\/pages"}],"about":[{"href":"https:\/\/manofacto31.com\/index.php?rest_route=\/wp\/v2\/types\/page"}],"author":[{"embeddable":true,"href":"https:\/\/manofacto31.com\/index.php?rest_route=\/wp\/v2\/users\/5"}],"replies":[{"embeddable":true,"href":"https:\/\/manofacto31.com\/index.php?rest_route=%2Fwp%2Fv2%2Fcomments&post=2441"}],"version-history":[{"count":1,"href":"https:\/\/manofacto31.com\/index.php?rest_route=\/wp\/v2\/pages\/2441\/revisions"}],"predecessor-version":[{"id":2445,"href":"https:\/\/manofacto31.com\/index.php?rest_route=\/wp\/v2\/pages\/2441\/revisions\/2445"}],"up":[{"embeddable":true,"href":"https:\/\/manofacto31.com\/index.php?rest_route=\/wp\/v2\/pages\/62"}],"wp:featuredmedia":[{"embeddable":true,"href":"https:\/\/manofacto31.com\/index.php?rest_route=\/wp\/v2\/media\/2429"}],"wp:attachment":[{"href":"https:\/\/manofacto31.com\/index.php?rest_route=%2Fwp%2Fv2%2Fmedia&parent=2441"}],"curies":[{"name":"wp","href":"https:\/\/api.w.org\/{rel}","templated":true}]}}