{"id":2544,"date":"2019-10-26T16:26:30","date_gmt":"2019-10-26T16:26:30","guid":{"rendered":"http:\/\/manofacto31.com\/?page_id=2544"},"modified":"2025-11-23T10:33:34","modified_gmt":"2025-11-23T10:33:34","slug":"pauline-roques","status":"publish","type":"page","link":"https:\/\/manofacto31.com\/?page_id=2544","title":{"rendered":"Pauline Roques"},"content":{"rendered":"\r\n<div class=\"wp-block-image\">\r\n<figure class=\"aligncenter is-resized\"><img decoding=\"async\" class=\"wp-image-2890\" src=\"https:\/\/manofacto31.com\/wp-content\/uploads\/2021\/04\/portrait-1.jpg\" alt=\"\" width=\"450\" srcset=\"https:\/\/manofacto31.com\/wp-content\/uploads\/2021\/04\/portrait-1.jpg 505w, https:\/\/manofacto31.com\/wp-content\/uploads\/2021\/04\/portrait-1-200x300.jpg 200w\" sizes=\"(max-width: 505px) 100vw, 505px\" \/><\/figure>\r\n<\/div>\r\n\r\n\r\n\r\n<p><strong>QUI ES-TU ?<\/strong><\/p>\r\n\r\n\r\n\r\n<p>Je suis Pauline, perlier d\u2019art, trentenaire, et maman de deux enfants pleins d&rsquo;\u00e9nergie ! <br \/>Je vis dans un joli village \u00e0 la campagne, pas tr\u00e8s loin de Toulouse, avec ma famille et nos poules.<br \/>On dit de moi que je suis bienveillante, joyeuse&#8230; et souvent en retard !<\/p>\r\n\r\n\r\n\r\n<p><strong>TON PARCOURS<br \/><\/strong><\/p>\r\n\r\n\r\n\r\n<p>Je suis passionn\u00e9e depuis toujours par le travail manuel et la couleur.<br \/>Avant de me former au m\u00e9tier de perlier d&rsquo;art, j&rsquo;ai travaill\u00e9 une dizaine d&rsquo;ann\u00e9es dans un grand groupe a\u00e9ronautique.<\/p>\r\n\r\n\r\n\r\n<p>En 2017 j\u2019ai saisi l\u2019opportunit\u00e9 de quitter un rythme de vie effr\u00e9n\u00e9 pour ce m\u00e9tier-passion qui a du sens \u00e0 mes yeux\u00a0: ralentir, travailler de mes mains, explorer le motif, la couleur, partager et faire de belles rencontres au travers des boutiques et expos\u2026 La vraie vie !<\/p>\r\n\r\n\r\n\r\n<div class=\"wp-block-image\">\r\n<figure class=\"aligncenter is-resized\"><img decoding=\"async\" class=\"wp-image-2891\" src=\"https:\/\/manofacto31.com\/wp-content\/uploads\/2021\/04\/portrait-2-1024x790.jpg\" alt=\"\" width=\"550\" srcset=\"https:\/\/manofacto31.com\/wp-content\/uploads\/2021\/04\/portrait-2-1024x790.jpg 1024w, https:\/\/manofacto31.com\/wp-content\/uploads\/2021\/04\/portrait-2-600x463.jpg 600w, https:\/\/manofacto31.com\/wp-content\/uploads\/2021\/04\/portrait-2-300x231.jpg 300w, https:\/\/manofacto31.com\/wp-content\/uploads\/2021\/04\/portrait-2-768x592.jpg 768w\" sizes=\"(max-width: 1024px) 100vw, 1024px\" \/><\/figure>\r\n<\/div>\r\n\r\n\r\n\r\n<p><strong>QUE FABRIQUES-TU ?<\/strong><\/p>\r\n\r\n\r\n\r\n<p>Dans mon atelier pr\u00e8s de Toulouse, je fa\u00e7onne des perles de verre gr\u00e2ce \u00e0 la technique du\u00a0verre fil\u00e9 au chalumeau.<br \/>J&rsquo;aime les associations de couleurs piquantes, tout en jouant sur la r\u00e9p\u00e9tition des motifs, les contrastes et la transparence du verre&#8230;<\/p>\r\n\r\n\r\n\r\n<p>A partir de ces perles, j\u2019imagine des bijoux vitamin\u00e9s \u2013 principalement des boucles d\u2019oreilles et colliers &#8211; pour femmes authentiques &amp; joyeuses.\u00a0<\/p>\r\n\r\n\r\n\r\n<p>Je cr\u00e9e \u00e9galement des petits objets orn\u00e9s de perles de verre, comme les boules \u00e0 th\u00e9 qui sont propos\u00e9es \u00e0 Mano Facto\u00a0: une fa\u00e7on pour moi d\u2019explorer l\u2019univers de la maison.<\/p>\r\n\r\n\r\n\r\n<p>Je travaille \u00e0 partir de baguettes de verre color\u00e9es, principalement fabriqu\u00e9es \u00e0 Murano, un chalumeau oxg\u00e8ne\/propane\u2026 et la gravit\u00e9 ! La fabrication de chaque perle prend plusieurs dizaines de minutes, selon la complexit\u00e9 du motif.<\/p>\r\n\r\n\r\n\r\n<p>Pour une perle au motif \u2018\u00e9caille\u2019 par exemple, c\u2019est 70 \u2018points\u2019 de verre que je viens appliquer successivement sur la perle. Pour ce type de motif, impossible d\u2019enlever la mati\u00e8re une fois pos\u00e9e, il faut donc de la pr\u00e9cision et de la concentration. J\u2019aime l\u2019aspect m\u00e9ditatif que cela procure\u00a0!<br \/>Mes perles sont recuites plusieurs heures dans un four pour \u00e9liminer les tensions dans la mati\u00e8re et garantir leur solidit\u00e9.<\/p>\r\n\r\n\r\n\r\n<p>J\u2019utilise pour les montages, des appr\u00eats de qualit\u00e9, principalement de l&rsquo;acier inoxydable,\u00a0s\u00e9lectionn\u00e9 pour ses propri\u00e9t\u00e9s\u00a0hypoallerg\u00e9niques\u00a0et sa durabilit\u00e9.\u200b<\/p>\r\n\r\n\r\n\r\n<p><strong>QUELLES SONT TES SOURCES D\u2019INSPIRATION ?<\/strong><\/p>\r\n\r\n\r\n\r\n<p>Lieux, personnes, sites internet\u2026<br \/>Les objets d\u00e9licats &amp; po\u00e9tiques (j\u2019ai un gros faible pour les c\u00e9ramiques et les illustrations).<br \/>Les motifs, couleurs, textures aper\u00e7us au d\u00e9tour d\u2019une balade, sur un tissu, bref partout\u2026<\/p>\r\n\r\n\r\n\r\n<div class=\"wp-block-image\">\r\n<figure class=\"aligncenter is-resized\"><img decoding=\"async\" class=\"wp-image-2892\" src=\"https:\/\/manofacto31.com\/wp-content\/uploads\/2021\/04\/BO-e\u0301cailles-1024x683.jpg\" alt=\"\" width=\"550\" srcset=\"https:\/\/manofacto31.com\/wp-content\/uploads\/2021\/04\/BO-e\u0301cailles-1024x683.jpg 1024w, https:\/\/manofacto31.com\/wp-content\/uploads\/2021\/04\/BO-e\u0301cailles-600x400.jpg 600w, https:\/\/manofacto31.com\/wp-content\/uploads\/2021\/04\/BO-e\u0301cailles-300x200.jpg 300w, https:\/\/manofacto31.com\/wp-content\/uploads\/2021\/04\/BO-e\u0301cailles-768x512.jpg 768w\" sizes=\"(max-width: 1024px) 100vw, 1024px\" \/><\/figure>\r\n<\/div>\r\n\r\n\r\n\r\n<p><strong>SI TU \u00c9TAIS UNE DE TES CR\u00c9ATIONS LAQUELLE SERAIS TU ?<\/strong><\/p>\r\n\r\n\r\n\r\n<p>Une perle facett\u00e9e, irr\u00e9guli\u00e8re, avec des pois<\/p>\r\n\r\n\r\n\r\n<p><strong>3 CHOSES QUE TU AIMES, 3 CHOSES QUE TU N\u2019AIMES PAS ?<\/strong><\/p>\r\n\r\n\r\n\r\n<p>J\u2019aime les personnes authentiques, les repas entre amis, les contrastes, le cirque contemporain, marcher pieds nus dans l&rsquo;herbe, savourer les petits bonheurs, les assiettes vintage de mamie\u2026 comment \u00e7a il y en a trop\u00a0?!<\/p>\r\n\r\n\r\n\r\n<p>Je n\u2019aime pas\u00a0: les gens trop press\u00e9s, les supermarch\u00e9s, ranger mon atelier<\/p>\r\n\r\n\r\n\r\n<p><strong>QUEL EST TON MANTRA, TA CITATION PR\u00c9F\u00c9R\u00c9E ?<\/strong><\/p>\r\n\r\n\r\n\r\n<p>\u00ab\u00a0Bienheureux les f\u00eal\u00e9s, car ils laissent passer la lumi\u00e8re.\u00bb (Michel Audiard)<\/p>\r\n\r\n\r\n\r\n<div class=\"wp-block-image\">\r\n<figure class=\"aligncenter is-resized\"><img decoding=\"async\" class=\"wp-image-2893\" src=\"https:\/\/manofacto31.com\/wp-content\/uploads\/2021\/04\/atelier-683x1024.jpg\" alt=\"\" width=\"450\" srcset=\"https:\/\/manofacto31.com\/wp-content\/uploads\/2021\/04\/atelier-683x1024.jpg 683w, https:\/\/manofacto31.com\/wp-content\/uploads\/2021\/04\/atelier-600x899.jpg 600w, https:\/\/manofacto31.com\/wp-content\/uploads\/2021\/04\/atelier-200x300.jpg 200w, https:\/\/manofacto31.com\/wp-content\/uploads\/2021\/04\/atelier-768x1151.jpg 768w, https:\/\/manofacto31.com\/wp-content\/uploads\/2021\/04\/atelier.jpg 996w\" sizes=\"(max-width: 683px) 100vw, 683px\" \/><\/figure>\r\n<\/div>\r\n\r\n\r\n\r\n<p><strong>O\u00d9 TE TROUVE-T-ON \u00c0 PART MANO FACTO) ?<\/strong><br \/><br \/>La boutique-atelier \u00ab\u00a0La Lunette\u00a0\u00bb \u00e0 Saint-Antonin-Noble-Val (mai-octobre 2021)<br \/>Tr\u00e8s prochainement dans d\u2019autres lieux tout aussi sympas\u2026 adresses \u00e0 suivre ! <br \/><br \/>Egalement sur les expos de cr\u00e9ateurs &amp; m\u00e9tiers d\u2019art de la r\u00e9gion.<\/p>\r\n\r\n\r\n\r\n<p><a href=\"https:\/\/www.etsy.com\/shop\/PaulineRAtelierVerre\" target=\"_blank\" rel=\"noreferrer noopener\" aria-label=\"Boutique en ligne - Etsy (s\u2019ouvre dans un nouvel onglet)\">Boutique en ligne &#8211; Etsy<\/a><br \/><a href=\"http:\/\/www.pauline-roques.com\/\" target=\"_blank\" rel=\"noreferrer noopener\" aria-label=\"Site (s\u2019ouvre dans un nouvel onglet)\">Site<\/a><br \/><a href=\"https:\/\/www.facebook.com\/pauline.roques.verre\" target=\"_blank\" rel=\"noreferrer noopener\" aria-label=\"Facebook (s\u2019ouvre dans un nouvel onglet)\">Facebook<\/a><br \/><a href=\"https:\/\/www.instagram.com\/pauline.roques_\/\" target=\"_blank\" rel=\"noreferrer noopener\" aria-label=\"Instagram (s\u2019ouvre dans un nouvel onglet)\">Instagram<\/a><\/p>\r\n","protected":false},"excerpt":{"rendered":"<p>QUI ES-TU ? Je suis Pauline, perlier d\u2019art, trentenaire, et maman de deux enfants pleins d&rsquo;\u00e9nergie ! Je vis dans un joli village \u00e0 la campagne, pas tr\u00e8s loin de Toulouse, avec ma famille et nos poules.On dit de moi &hellip; <a class=\"more-link\" href=\"https:\/\/manofacto31.com\/?page_id=2544\">Lire la suite <span class=\"meta-nav\">&rarr;<\/span><\/a><\/p>\n","protected":false},"author":5,"featured_media":0,"parent":48,"menu_order":0,"comment_status":"closed","ping_status":"closed","template":"","meta":{"saved_in_kubio":true,"footnotes":""},"class_list":["post-2544","page","type-page","status-publish","hentry"],"kubio_ai_page_context":{"short_desc":"","purpose":"general"},"_links":{"self":[{"href":"https:\/\/manofacto31.com\/index.php?rest_route=\/wp\/v2\/pages\/2544","targetHints":{"allow":["GET"]}}],"collection":[{"href":"https:\/\/manofacto31.com\/index.php?rest_route=\/wp\/v2\/pages"}],"about":[{"href":"https:\/\/manofacto31.com\/index.php?rest_route=\/wp\/v2\/types\/page"}],"author":[{"embeddable":true,"href":"https:\/\/manofacto31.com\/index.php?rest_route=\/wp\/v2\/users\/5"}],"replies":[{"embeddable":true,"href":"https:\/\/manofacto31.com\/index.php?rest_route=%2Fwp%2Fv2%2Fcomments&post=2544"}],"version-history":[{"count":7,"href":"https:\/\/manofacto31.com\/index.php?rest_route=\/wp\/v2\/pages\/2544\/revisions"}],"predecessor-version":[{"id":3279,"href":"https:\/\/manofacto31.com\/index.php?rest_route=\/wp\/v2\/pages\/2544\/revisions\/3279"}],"up":[{"embeddable":true,"href":"https:\/\/manofacto31.com\/index.php?rest_route=\/wp\/v2\/pages\/48"}],"wp:attachment":[{"href":"https:\/\/manofacto31.com\/index.php?rest_route=%2Fwp%2Fv2%2Fmedia&parent=2544"}],"curies":[{"name":"wp","href":"https:\/\/api.w.org\/{rel}","templated":true}]}}