{"id":2552,"date":"2019-10-28T15:04:14","date_gmt":"2019-10-28T15:04:14","guid":{"rendered":"http:\/\/manofacto31.com\/?page_id=2552"},"modified":"2025-11-23T10:47:10","modified_gmt":"2025-11-23T10:47:10","slug":"le-point-rouge","status":"publish","type":"page","link":"https:\/\/manofacto31.com\/?page_id=2552","title":{"rendered":"Le Point Rouge"},"content":{"rendered":"\r\n<div class=\"wp-block-image\">\r\n<figure class=\"aligncenter is-resized\"><img decoding=\"async\" class=\"wp-image-2799\" src=\"https:\/\/manofacto31.com\/wp-content\/uploads\/2021\/03\/161971314_779292062993167_1737461575699886942_n.jpg\" alt=\"\" width=\"450\" srcset=\"https:\/\/manofacto31.com\/wp-content\/uploads\/2021\/03\/161971314_779292062993167_1737461575699886942_n.jpg 360w, https:\/\/manofacto31.com\/wp-content\/uploads\/2021\/03\/161971314_779292062993167_1737461575699886942_n-225x300.jpg 225w\" sizes=\"(max-width: 360px) 100vw, 360px\" \/><\/figure>\r\n<\/div>\r\n\r\n\r\n\r\n<p><strong>QUI ES-TU ?<\/strong><\/p>\r\n\r\n\r\n\r\n<p>Elisa, Le point rouge, la trentaine, rabastinoise depuis peu.<\/p>\r\n\r\n\r\n\r\n<p><strong>TON PARCOURS<\/strong><\/p>\r\n\r\n\r\n\r\n<p>La t\u00eate dans les nuages ne suffisait pas pour devenir m\u00e9t\u00e9orologue\u2026 Apr\u00e8s une licence \u00e0 l\u2019\u00e9cole sup\u00e9rieure d\u2019art des Pyr\u00e9n\u00e9es, j\u2019enchaine sur un brevet m\u00e9tier d\u2019art c\u00e9ramique \u00e0 Paris pour apprendre les\u00a0 bases techniques du travail de la terre. La suite est faite d&rsquo;exp\u00e9rimentations, de collaborations et de recherches.\u00a0 <\/p>\r\n\r\n\r\n\r\n<p>J\u2019ai officiellement commenc\u00e9 mon activit\u00e9 pro en 2019. J\u2019ai rejoins Mano Facto dans la foul\u00e9e.<\/p>\r\n\r\n\r\n\r\n<p>Le point rouge. Long \u00e0 l&rsquo;\u00e9crit mais sur la mati\u00e8re c\u2019est facile, c\u2019est rond, un point&#8230;\u00a0<\/p>\r\n\r\n\r\n\r\n<div class=\"wp-block-image\">\r\n<figure class=\"aligncenter is-resized\"><img decoding=\"async\" class=\"wp-image-2800\" src=\"https:\/\/manofacto31.com\/wp-content\/uploads\/2021\/03\/162173815_848113336046863_4899574689717728997_n.jpg\" alt=\"\" width=\"450\" srcset=\"https:\/\/manofacto31.com\/wp-content\/uploads\/2021\/03\/162173815_848113336046863_4899574689717728997_n.jpg 600w, https:\/\/manofacto31.com\/wp-content\/uploads\/2021\/03\/162173815_848113336046863_4899574689717728997_n-225x300.jpg 225w\" sizes=\"(max-width: 600px) 100vw, 600px\" \/><\/figure>\r\n<\/div>\r\n\r\n\r\n\r\n<p><strong>QUE FABRIQUES-TU ?<\/strong><\/p>\r\n\r\n\r\n\r\n<p>Le point rouge est un atelier de c\u00e9ramique. Je travaille autour de l&rsquo;utilitaire (tasses, bols, vases, saladier) ainsi que le d\u00e9coratif (st\u00e8les, carreaux\u2026).\u00a0 J\u2019explore diff\u00e9rentes techniques de fa\u00e7onnage (coulage, plaques, colombins, estampage) et techniques de d\u00e9corations (engobes et \u00e9maux pos\u00e9s au pinceau, \u00e0 la plume, par trempage ou encore via la s\u00e9rigraphie). Par le biais du d\u00e9cor ou du fa\u00e7onnage, j\u2019int\u00e8gre dans mon travail une part artistique propre \u00e0 chaque pi\u00e8ce ou s\u00e9rie.<\/p>\r\n\r\n\r\n\r\n<p>Je travaille principalement deux types de terre : le gr\u00e8s et la porcelaine. Le gr\u00e8s pour son aspect robuste et brut. La porcelaine pour sa d\u00e9licatesse, sa transparence et sa blancheur. Je me fournis r\u00e9guli\u00e8rement en Espagne, \u00e0 la Bisbal (gros lieux de la c\u00e9ramique).<\/p>\r\n\r\n\r\n\r\n<p>Un de mes principaux outils est ma paire de mains. Ensuite il y a le four, une belle b\u00eate \u00e9lectrique de 200L qui peut monter jusqu&rsquo;\u00e0 1300\u00b0c. Pour compl\u00e9ter ma paire de mains, j\u2019utilise une cro\u00fbteuse (machine manuelle pour faire des plaques r\u00e9guli\u00e8res), et plein de petits outils en bois, m\u00e9tal, etc..!<\/p>\r\n\r\n\r\n\r\n<p>Mon atelier est \u00e0 Rabastens, perch\u00e9 sur une mezzanine, au sein de la fourmili\u00e8re, lieu collectif d\u2019ateliers et d&rsquo;\u00e9v\u00e8nements.\u00a0<\/p>\r\n\r\n\r\n\r\n<p><strong>QUELLES SONT TES SOURCES D\u2019INSPIRATION ?<\/strong><\/p>\r\n\r\n\r\n\r\n<p>Beaucoup de c\u00e9ramistes, mais aussi tout autre artiste ou artisan.<\/p>\r\n\r\n\r\n\r\n<p><strong>SI TU \u00c9TAIS UNE DE TES CR\u00c9ATIONS LAQUELLE SERAIS-TU ?<\/strong><\/p>\r\n\r\n\r\n\r\n<p>Mon essai de construction en terre papier, un empilement pr\u00e9caire et al\u00e9atoire ayant pour but de trouver un certain \u00e9quilibre.<\/p>\r\n\r\n\r\n\r\n<div class=\"wp-block-image\">\r\n<figure class=\"aligncenter is-resized\"><img decoding=\"async\" class=\"wp-image-2801\" src=\"https:\/\/manofacto31.com\/wp-content\/uploads\/2021\/03\/162537498_485454675950585_4824310690497687208_n.jpg\" alt=\"\" width=\"450\" srcset=\"https:\/\/manofacto31.com\/wp-content\/uploads\/2021\/03\/162537498_485454675950585_4824310690497687208_n.jpg 360w, https:\/\/manofacto31.com\/wp-content\/uploads\/2021\/03\/162537498_485454675950585_4824310690497687208_n-225x300.jpg 225w\" sizes=\"(max-width: 360px) 100vw, 360px\" \/><\/figure>\r\n<\/div>\r\n\r\n\r\n\r\n<p><strong>3 CHOSES QUE TU AIMES, 3 CHOSES QUE TU N\u2019AIMES PAS ?<\/strong><\/p>\r\n\r\n\r\n\r\n<p>Le soleil, la bienveillance et l\u2019amourrr<\/p>\r\n\r\n\r\n\r\n<p>Le m\u00e9pris, la chicor\u00e9e et l&rsquo;orgueil<\/p>\r\n\r\n\r\n\r\n<p>&nbsp;<\/p>\r\n\r\n\r\n\r\n<p><strong>QUEL EST TON MANTRA, TA CITATION PR\u00c9F\u00c9R\u00c9E ?<\/strong><\/p>\r\n\r\n\r\n\r\n<p>\u00ab\u00a0\u00catre inadapt\u00e9 est notre grande vertu. Ne pas se conformer, \u00eatre impatient, tenace rebelle, confiant. Poursuivre l\u2019impossible comme les amoureux.\u201d Nikos Kazantzakis, lettre au greco, 1956<\/p>\r\n\r\n\r\n\r\n<div class=\"wp-block-image\">\r\n<figure class=\"aligncenter is-resized\"><img decoding=\"async\" class=\"wp-image-2803\" src=\"https:\/\/manofacto31.com\/wp-content\/uploads\/2021\/03\/162488796_1492251644442534_7186707842182548864_n.jpg\" alt=\"\" width=\"450\" srcset=\"https:\/\/manofacto31.com\/wp-content\/uploads\/2021\/03\/162488796_1492251644442534_7186707842182548864_n.jpg 360w, https:\/\/manofacto31.com\/wp-content\/uploads\/2021\/03\/162488796_1492251644442534_7186707842182548864_n-225x300.jpg 225w\" sizes=\"(max-width: 360px) 100vw, 360px\" \/><\/figure>\r\n<\/div>\r\n\r\n\r\n\r\n<p><strong>O\u00d9 TE TROUVE-T-ON (\u00c0 PART MANO FACTO) ?<\/strong><\/p>\r\n\r\n\r\n\r\n<p>\u00c0 La botiga del amor (Rabastens). Parfois je suis au march\u00e9 \u00e0 Saint Aubin le dimanche matin \u00e0 Toulouse.<br \/><a href=\"https:\/\/lepointrouge.wixsite.com\/lepointrouge\" target=\"_blank\" rel=\"noreferrer noopener\" aria-label=\" (s\u2019ouvre dans un nouvel onglet)\">Site<\/a><br \/><a href=\"https:\/\/www.facebook.com\/Le-point-rouge-353644588707240\" target=\"_blank\" rel=\"noreferrer noopener\" aria-label=\"Facebook (s\u2019ouvre dans un nouvel onglet)\">Facebook<\/a><br \/><a href=\"https:\/\/www.instagram.com\/lepointrouge.elisa\/\" target=\"_blank\" rel=\"noreferrer noopener\" aria-label=\"Instagram (s\u2019ouvre dans un nouvel onglet)\">Instagram<\/a><\/p>\r\n","protected":false},"excerpt":{"rendered":"<p>QUI ES-TU ? Elisa, Le point rouge, la trentaine, rabastinoise depuis peu. TON PARCOURS La t\u00eate dans les nuages ne suffisait pas pour devenir m\u00e9t\u00e9orologue\u2026 Apr\u00e8s une licence \u00e0 l\u2019\u00e9cole sup\u00e9rieure d\u2019art des Pyr\u00e9n\u00e9es, j\u2019enchaine sur un brevet m\u00e9tier d\u2019art &hellip; <a class=\"more-link\" href=\"https:\/\/manofacto31.com\/?page_id=2552\">Lire la suite <span class=\"meta-nav\">&rarr;<\/span><\/a><\/p>\n","protected":false},"author":5,"featured_media":2801,"parent":945,"menu_order":0,"comment_status":"closed","ping_status":"closed","template":"","meta":{"saved_in_kubio":true,"footnotes":""},"class_list":["post-2552","page","type-page","status-publish","has-post-thumbnail","hentry"],"kubio_ai_page_context":{"short_desc":"","purpose":"general"},"_links":{"self":[{"href":"https:\/\/manofacto31.com\/index.php?rest_route=\/wp\/v2\/pages\/2552","targetHints":{"allow":["GET"]}}],"collection":[{"href":"https:\/\/manofacto31.com\/index.php?rest_route=\/wp\/v2\/pages"}],"about":[{"href":"https:\/\/manofacto31.com\/index.php?rest_route=\/wp\/v2\/types\/page"}],"author":[{"embeddable":true,"href":"https:\/\/manofacto31.com\/index.php?rest_route=\/wp\/v2\/users\/5"}],"replies":[{"embeddable":true,"href":"https:\/\/manofacto31.com\/index.php?rest_route=%2Fwp%2Fv2%2Fcomments&post=2552"}],"version-history":[{"count":11,"href":"https:\/\/manofacto31.com\/index.php?rest_route=\/wp\/v2\/pages\/2552\/revisions"}],"predecessor-version":[{"id":3247,"href":"https:\/\/manofacto31.com\/index.php?rest_route=\/wp\/v2\/pages\/2552\/revisions\/3247"}],"up":[{"embeddable":true,"href":"https:\/\/manofacto31.com\/index.php?rest_route=\/wp\/v2\/pages\/945"}],"wp:featuredmedia":[{"embeddable":true,"href":"https:\/\/manofacto31.com\/index.php?rest_route=\/wp\/v2\/media\/2801"}],"wp:attachment":[{"href":"https:\/\/manofacto31.com\/index.php?rest_route=%2Fwp%2Fv2%2Fmedia&parent=2552"}],"curies":[{"name":"wp","href":"https:\/\/api.w.org\/{rel}","templated":true}]}}