{"id":2602,"date":"2020-09-02T08:45:10","date_gmt":"2020-09-02T08:45:10","guid":{"rendered":"http:\/\/manofacto31.com\/?page_id=2602"},"modified":"2025-11-23T10:46:44","modified_gmt":"2025-11-23T10:46:44","slug":"titlaine-felt-creations","status":"publish","type":"page","link":"https:\/\/manofacto31.com\/?page_id=2602","title":{"rendered":"Titlaine Felt Cr\u00e9ations"},"content":{"rendered":"\r\n<div class=\"wp-block-image\">\r\n<figure class=\"aligncenter is-resized\"><img decoding=\"async\" class=\"wp-image-2839\" src=\"https:\/\/manofacto31.com\/wp-content\/uploads\/2021\/03\/He\u0301le\u0300ne-Titlaine-mains-en-lotus-1024x1006.jpg\" alt=\"\" width=\"550\" srcset=\"https:\/\/manofacto31.com\/wp-content\/uploads\/2021\/03\/He\u0301le\u0300ne-Titlaine-mains-en-lotus-1024x1006.jpg 1024w, https:\/\/manofacto31.com\/wp-content\/uploads\/2021\/03\/He\u0301le\u0300ne-Titlaine-mains-en-lotus-600x589.jpg 600w, https:\/\/manofacto31.com\/wp-content\/uploads\/2021\/03\/He\u0301le\u0300ne-Titlaine-mains-en-lotus-300x295.jpg 300w, https:\/\/manofacto31.com\/wp-content\/uploads\/2021\/03\/He\u0301le\u0300ne-Titlaine-mains-en-lotus-768x755.jpg 768w\" sizes=\"(max-width: 1024px) 100vw, 1024px\" \/><\/figure>\r\n<\/div>\r\n\r\n\r\n\r\n<p><strong>QUI ES-TU ?<\/strong><\/p>\r\n\r\n\r\n\r\n<p><span style=\"font-weight: 400;\">H\u00e9l\u00e8ne de <\/span><b>Titlaine Art Felt,<\/b><span style=\"font-weight: 400;\"> mari\u00e9e 2 enfants, un chien, un lapin des poules, tout mon petit monde aux portes Nord de Toulouse.<\/span><\/p>\r\n\r\n\r\n\r\n<p><strong>TON PARCOURS<\/strong><\/p>\r\n\r\n\r\n\r\n<p>J\u2019ai un BTS Action commerciale, j\u2019ai longtemps \u00e9t\u00e9 salari\u00e9e dans le domaine commercial, jusqu\u2019\u00e0 une prise de conscience en 2018 : mes passions \u00e9taient tellement importantes et font du bien au monde alors pourquoi ne pas en faire mon m\u00e9tier?\u00a0<\/p>\r\n\r\n\r\n\r\n<p><span style=\"font-weight: 400;\">J\u2019ai cr\u00e9\u00e9 officiellement ma (micro) entreprise d\u00e9but 2020 (oui juste avant le 1er confinement suite \u00e0 la Covid). Mais depuis que j\u2019ai l\u2019\u00e2ge de tenir des ciseaux, j\u2019ai toujours \u00e9t\u00e9 dans les tissus et autres loisirs cr\u00e9atifs, <\/span><span style=\"font-weight: 400;\">d\u2019o\u00f9 la marque la Cartonnelle (meubles en carton en 2009), puis Acces\u2019folies cr\u00e9e en 2015 qui englobait toutes mes cr\u00e9ations \u00e9co-responsables (beewrap, \u00e9ponge lavables, lingettes r\u00e9utilisables).<\/span><span style=\"font-weight: 400;\"> En 2013 j\u2019ai suivi une formation au feutrage de la laine, depuis les laines ne me quittent plus.<\/span><\/p>\r\n\r\n\r\n\r\n<p>Mon nom de marque tr\u00e8s facile \u00e0 trouver : TITLAINE c\u2019\u00e9tait mon surnom ado, contraction de \u201cpetite H\u00e9l\u00e8ne\u201d. Le travail de la laine m\u2019\u00e9tait pr\u00e9destin\u00e9 je crois? Quant \u00e0 mon mouton turquoise, celui qui me donne ma mati\u00e8re premi\u00e8re, douce et naturelle, petit clin d\u2019\u0153il \u00e0 Saint-Exup\u00e9ry \u00a0\u00bb S\u2019il vous plait feutre-moi un mouton \u201d<\/p>\r\n\r\n\r\n\r\n<div class=\"wp-block-image\">\r\n<figure class=\"aligncenter is-resized\"><img decoding=\"async\" class=\"wp-image-2840\" src=\"https:\/\/manofacto31.com\/wp-content\/uploads\/2021\/03\/He\u0301le\u0300ne-Titlaine-a\u0300-l_atelier-643x1024.jpg\" alt=\"\" width=\"550\" srcset=\"https:\/\/manofacto31.com\/wp-content\/uploads\/2021\/03\/He\u0301le\u0300ne-Titlaine-a\u0300-l_atelier-643x1024.jpg 643w, https:\/\/manofacto31.com\/wp-content\/uploads\/2021\/03\/He\u0301le\u0300ne-Titlaine-a\u0300-l_atelier-600x955.jpg 600w, https:\/\/manofacto31.com\/wp-content\/uploads\/2021\/03\/He\u0301le\u0300ne-Titlaine-a\u0300-l_atelier-188x300.jpg 188w, https:\/\/manofacto31.com\/wp-content\/uploads\/2021\/03\/He\u0301le\u0300ne-Titlaine-a\u0300-l_atelier-768x1222.jpg 768w, https:\/\/manofacto31.com\/wp-content\/uploads\/2021\/03\/He\u0301le\u0300ne-Titlaine-a\u0300-l_atelier-scaled.jpg 1608w\" sizes=\"(max-width: 643px) 100vw, 643px\" \/><\/figure>\r\n<\/div>\r\n\r\n\r\n\r\n<p><strong>QUE FABRIQUES-TU ?<\/strong><\/p>\r\n\r\n\r\n\r\n<p><span style=\"font-weight: 400;\">Je fabrique des objets en laine feutr\u00e9e \u00e0 la main selon la technique ancestrale \u00e0 l\u2019eau chaude et au savon. Je cr\u00e9e principalement de la d\u00e9coration d\u2019int\u00e9rieur (des suspensions, vases\u2026), petits accessoires de mode (pochettes, \u00e9tuis, tours de cou, mitaines) ou de bien-\u00eatre (bouillottes s\u00e8ches et savons de laine).<br \/><\/span><span style=\"font-weight: 400;\">Je modernise le feutre de laine avec de la couleur et des formes design, j\u2019aime que mes cr\u00e9ations soient pratiques, en plus d\u2019\u00eatre jolies et naturelles.<br \/><\/span><br \/><span style=\"font-weight: 400;\">J\u2019utilise des laines naturelles card\u00e9es ou peign\u00e9es, principalement d\u2019\u00e9levages fran\u00e7ais et m\u00eame de nos belles Pyr\u00e9n\u00e9es. La laine de mouton M\u00e9rinos est la plus chouette \u00e0 travailler, elle vient de plus loin mais avec la norme Oekotex standard (moins nocive pour l\u2019environnement). Pour mes tissus et fils \u00e0 macram\u00e9, je reste sur le plus naturel possible, avec du 100% coton, lin, chanvre, li\u00e8ge.<\/span><br \/><br \/><span style=\"font-weight: 400;\">Ce sont surtout mes mains, bras, \u00e9paules qui travaillent, allez voir mes tutoriels de feutrage\u2026 <\/span><a href=\"https:\/\/accesfolies.fr\/apprendre-a-feutrer-un-savon-de-laine\/\"><span style=\"font-weight: 400;\">apprendre \u00e0 feutrer un savon de laine <\/span><\/a>\u00a0<br \/><span style=\"font-weight: 400;\">Sinon une bouilloire, des aiguilles de feutrage \u00e0 sec, une machine \u00e0 coudre et tout le n\u00e9cessaire de couture.<br \/><br \/><\/span><span style=\"font-weight: 400;\">Mon atelier est une grande pi\u00e8ce, spacieuse et lumineuse chez moi. Je peux y accueillir du public pour des ateliers d\u2019initiation au feutrage de la laine. <\/span><a href=\"https:\/\/accesfolies.fr\/ateliers-creatifs\/\"><span style=\"font-weight: 400;\">https:\/\/accesfolies.fr\/ateliers-creatifs\/<\/span><\/a><span style=\"font-weight: 400;\">\u00a0<br \/><br \/><\/span><strong>QUELLES SONT TES SOURCES D\u2019INSPIRATION ?<\/strong><\/p>\r\n\r\n\r\n\r\n\r\n\r\n<p>Lieux, personnes, sites internet\u2026<\/p>\r\n\r\n\r\n\r\n<p>Tr\u00e8s souvent c\u2019est la nature qui m\u2019inspire, mais j\u2019aime naviguer sur la toile, parfois m\u00eame le motif d\u2019une c\u00e9ramique me donne une id\u00e9e. M\u2019inspirer oui mais ne pas copier.<\/p>\r\n\r\n\r\n\r\n<div class=\"wp-block-image\">\r\n<figure class=\"aligncenter is-resized\"><img decoding=\"async\" class=\"wp-image-2841\" src=\"https:\/\/manofacto31.com\/wp-content\/uploads\/2021\/03\/He\u0301le\u0300ne-Titlaine-savon-au-visage-996x1024.jpg\" alt=\"\" width=\"550\" srcset=\"https:\/\/manofacto31.com\/wp-content\/uploads\/2021\/03\/He\u0301le\u0300ne-Titlaine-savon-au-visage-996x1024.jpg 996w, https:\/\/manofacto31.com\/wp-content\/uploads\/2021\/03\/He\u0301le\u0300ne-Titlaine-savon-au-visage-600x617.jpg 600w, https:\/\/manofacto31.com\/wp-content\/uploads\/2021\/03\/He\u0301le\u0300ne-Titlaine-savon-au-visage-292x300.jpg 292w, https:\/\/manofacto31.com\/wp-content\/uploads\/2021\/03\/He\u0301le\u0300ne-Titlaine-savon-au-visage-768x790.jpg 768w\" sizes=\"(max-width: 996px) 100vw, 996px\" \/><\/figure>\r\n<\/div>\r\n\r\n\r\n\r\n<p><strong>SI TU \u00c9TAIS UNE DE TES CR\u00c9ATIONS LAQUELLE SERAIS-TU ?<\/strong><\/p>\r\n\r\n\r\n\r\n<p>J\u2019ai fait <a href=\"https:\/\/accesfolies.fr\/wp-content\/gallery\/tableaux-de-laine\/tapisserie-murale-symboles-Titlaine.jpg\">un tableau de laine<\/a>, qui est un bout de moi, d\u2019abord la laine, le naturel, le monde animal (\u00e0 qui je ne fais pas mal puisque les moutons doivent \u00eatre tondus), il y a dessus la lune, les \u00e9toiles, les fl\u00e8ches de direction, un b\u00e2ton chaman, un signe Maya, mon signe astrologique le poisson et m\u00eame une citation cach\u00e9e \u00ab\u00a0 vise la lune au moins si tu \u00e9choues, tu atterriras dans les \u00e9toiles \u00bb.<\/p>\r\n\r\n\r\n\r\n<p><strong>3 CHOSES QUE TU AIMES, 3 CHOSES QUE TU N\u2019AIMES PAS ?<\/strong><\/p>\r\n\r\n\r\n\r\n<p>J\u2019aime : me r\u00e9fugier dans mon atelier pour cr\u00e9er, que les choses soient rang\u00e9es, les salades bowl avec plein de bons ingr\u00e9dients color\u00e9s dedans.<\/p>\r\n\r\n\r\n\r\n<p>Je n\u2019aime pas : les gens qui ferment les yeux devant le d\u00e9sastre \u00e9cologique, les calculs mentaux, les lieux bruyants.<\/p>\r\n\r\n\r\n\r\n<p><strong>QUEL EST TON MANTRA, TA CITATION PR\u00c9F\u00c9R\u00c9E ?<\/strong><\/p>\r\n\r\n\r\n\r\n<p>\u00a0\u00ab Tout est possible \u00e0 qui r\u00eave, ose et travaille et n\u2019abandonne jamais \u00bb X. Dolan<\/p>\r\n\r\n\r\n\r\n<div class=\"wp-block-image\">\r\n<figure class=\"aligncenter is-resized\"><img decoding=\"async\" class=\"wp-image-2842\" src=\"https:\/\/manofacto31.com\/wp-content\/uploads\/2021\/03\/He\u0301le\u0300ne-Titlaine-boule-de-laine-819x1024.jpg\" alt=\"\" width=\"550\" srcset=\"https:\/\/manofacto31.com\/wp-content\/uploads\/2021\/03\/He\u0301le\u0300ne-Titlaine-boule-de-laine-819x1024.jpg 819w, https:\/\/manofacto31.com\/wp-content\/uploads\/2021\/03\/He\u0301le\u0300ne-Titlaine-boule-de-laine-600x750.jpg 600w, https:\/\/manofacto31.com\/wp-content\/uploads\/2021\/03\/He\u0301le\u0300ne-Titlaine-boule-de-laine-240x300.jpg 240w, https:\/\/manofacto31.com\/wp-content\/uploads\/2021\/03\/He\u0301le\u0300ne-Titlaine-boule-de-laine-768x961.jpg 768w, https:\/\/manofacto31.com\/wp-content\/uploads\/2021\/03\/He\u0301le\u0300ne-Titlaine-boule-de-laine-scaled.jpg 2047w\" sizes=\"(max-width: 819px) 100vw, 819px\" \/><\/figure>\r\n<\/div>\r\n\r\n\r\n\r\n<p><strong>O\u00d9 TE TROUVE-T-ON (\u00c0 PART MANO FACTO) ?<\/strong><\/p>\r\n\r\n\r\n\r\n<p><span style=\"font-weight: 400;\">Potamo (Villemur sur Tarn)<br \/><\/span><span style=\"font-weight: 400;\">Marches des cr\u00e9ateurs autour de Toulouse (place St Pierre\u2026)<\/span><\/p>\r\n\r\n\r\n\r\n<p><a href=\"https:\/\/www.titlaine.fr\" target=\"_blank\" rel=\"noreferrer noopener\" aria-label=\"SITE (s\u2019ouvre dans un nouvel onglet)\">Site<\/a><br \/><a href=\"https:\/\/www.etsy.com\/fr\/shop\/TitlaineArtFelt\" target=\"_blank\" rel=\"noreferrer noopener\" aria-label=\"Boutique en ligne - Etsy (s\u2019ouvre dans un nouvel onglet)\">Boutique en ligne &#8211; Etsy<\/a><br \/><a href=\"https:\/\/www.instagram.com\/titlaine_art_felt\/\" target=\"_blank\" rel=\"noreferrer noopener\" aria-label=\"Instagram (s\u2019ouvre dans un nouvel onglet)\">Instagram<\/a><br \/><a href=\"https:\/\/www.facebook.com\/accesfolies\" target=\"_blank\" rel=\"noreferrer noopener\" aria-label=\"Facebook (s\u2019ouvre dans un nouvel onglet)\">Facebook<\/a><\/p>\r\n","protected":false},"excerpt":{"rendered":"<p>QUI ES-TU ? H\u00e9l\u00e8ne de Titlaine Art Felt, mari\u00e9e 2 enfants, un chien, un lapin des poules, tout mon petit monde aux portes Nord de Toulouse. TON PARCOURS J\u2019ai un BTS Action commerciale, j\u2019ai longtemps \u00e9t\u00e9 salari\u00e9e dans le domaine &hellip; <a class=\"more-link\" href=\"https:\/\/manofacto31.com\/?page_id=2602\">Lire la suite <span class=\"meta-nav\">&rarr;<\/span><\/a><\/p>\n","protected":false},"author":5,"featured_media":0,"parent":62,"menu_order":0,"comment_status":"closed","ping_status":"closed","template":"","meta":{"saved_in_kubio":true,"footnotes":""},"class_list":["post-2602","page","type-page","status-publish","hentry"],"kubio_ai_page_context":{"short_desc":"","purpose":"general"},"_links":{"self":[{"href":"https:\/\/manofacto31.com\/index.php?rest_route=\/wp\/v2\/pages\/2602","targetHints":{"allow":["GET"]}}],"collection":[{"href":"https:\/\/manofacto31.com\/index.php?rest_route=\/wp\/v2\/pages"}],"about":[{"href":"https:\/\/manofacto31.com\/index.php?rest_route=\/wp\/v2\/types\/page"}],"author":[{"embeddable":true,"href":"https:\/\/manofacto31.com\/index.php?rest_route=\/wp\/v2\/users\/5"}],"replies":[{"embeddable":true,"href":"https:\/\/manofacto31.com\/index.php?rest_route=%2Fwp%2Fv2%2Fcomments&post=2602"}],"version-history":[{"count":8,"href":"https:\/\/manofacto31.com\/index.php?rest_route=\/wp\/v2\/pages\/2602\/revisions"}],"predecessor-version":[{"id":3520,"href":"https:\/\/manofacto31.com\/index.php?rest_route=\/wp\/v2\/pages\/2602\/revisions\/3520"}],"up":[{"embeddable":true,"href":"https:\/\/manofacto31.com\/index.php?rest_route=\/wp\/v2\/pages\/62"}],"wp:attachment":[{"href":"https:\/\/manofacto31.com\/index.php?rest_route=%2Fwp%2Fv2%2Fmedia&parent=2602"}],"curies":[{"name":"wp","href":"https:\/\/api.w.org\/{rel}","templated":true}]}}