{"id":2608,"date":"2020-09-02T08:49:32","date_gmt":"2020-09-02T08:49:32","guid":{"rendered":"http:\/\/manofacto31.com\/?page_id=2608"},"modified":"2025-11-23T10:46:15","modified_gmt":"2025-11-23T10:46:15","slug":"maiwenn-dagan","status":"publish","type":"page","link":"https:\/\/manofacto31.com\/?page_id=2608","title":{"rendered":"Ma\u00efwenn Dagan"},"content":{"rendered":"\r\n<div class=\"wp-block-image\">\r\n<figure class=\"aligncenter is-resized\"><img decoding=\"async\" class=\"wp-image-2868\" src=\"https:\/\/manofacto31.com\/wp-content\/uploads\/2021\/04\/IMG_4348-769x1024.jpeg\" alt=\"\" width=\"450\" srcset=\"https:\/\/manofacto31.com\/wp-content\/uploads\/2021\/04\/IMG_4348-769x1024.jpeg 769w, https:\/\/manofacto31.com\/wp-content\/uploads\/2021\/04\/IMG_4348-600x799.jpeg 600w, https:\/\/manofacto31.com\/wp-content\/uploads\/2021\/04\/IMG_4348-225x300.jpeg 225w, https:\/\/manofacto31.com\/wp-content\/uploads\/2021\/04\/IMG_4348-768x1022.jpeg 768w, https:\/\/manofacto31.com\/wp-content\/uploads\/2021\/04\/IMG_4348-scaled.jpeg 1923w\" sizes=\"(max-width: 769px) 100vw, 769px\" \/><\/figure>\r\n<\/div>\r\n\r\n\r\n\r\n<p><strong>QUI ES-TU ?<\/strong><\/p>\r\n\r\n\r\n\r\n<p>Ma\u00efwenn Dagan, cr\u00e9atrice toulousaine<\/p>\r\n\r\n\r\n\r\n<p><strong>TON PARCOURS<\/strong><\/p>\r\n\r\n\r\n\r\n<p>DNSEP option design aux Beaux Arts de Rennes<\/p>\r\n\r\n\r\n\r\n<p>1<sup>er<\/sup> mai 2009 d\u00e9but d\u2019activit\u00e9. Il me semblait important de d\u00e9marrer le jour de la f\u00eate du travail, et que ce m\u00eame jour soit f\u00e9ri\u00e9. (dates, \u00e9v\u00e9nements particuliers\u2026)<\/p>\r\n\r\n\r\n\r\n<p>Apr\u00e8s avoir r\u00e9fl\u00e9chi \u00e0 plein de noms, le mien m\u2019a sembl\u00e9 \u00e9vident. Je le connais bien et saurai le d\u00e9fendre\u00a0;-). Mon logo est issu d&rsquo;une lettre atypique de mon pr\u00e9nom breton\u00a0: le \u00ab\u00a0w\u00a0\u00bb qui se retourne pour faire mon \u00ab\u00a0M\u00a0\u00bb. Cette identit\u00e9 visuelle est pr\u00e9sente depuis mes d\u00e9buts, et a su se moderniser.<\/p>\r\n\r\n\r\n\r\n<div class=\"wp-block-image\">\r\n<figure class=\"aligncenter is-resized\"><img decoding=\"async\" class=\"wp-image-2869\" src=\"https:\/\/manofacto31.com\/wp-content\/uploads\/2021\/04\/Capture-d\u2019e\u0301cran-2021-03-13-a\u0300-18.41.54-1021x1024.png\" alt=\"\" width=\"450\" srcset=\"https:\/\/manofacto31.com\/wp-content\/uploads\/2021\/04\/Capture-d\u2019e\u0301cran-2021-03-13-a\u0300-18.41.54-1021x1024.png 1021w, https:\/\/manofacto31.com\/wp-content\/uploads\/2021\/04\/Capture-d\u2019e\u0301cran-2021-03-13-a\u0300-18.41.54-300x300.png 300w, https:\/\/manofacto31.com\/wp-content\/uploads\/2021\/04\/Capture-d\u2019e\u0301cran-2021-03-13-a\u0300-18.41.54-100x100.png 100w, https:\/\/manofacto31.com\/wp-content\/uploads\/2021\/04\/Capture-d\u2019e\u0301cran-2021-03-13-a\u0300-18.41.54-600x602.png 600w, https:\/\/manofacto31.com\/wp-content\/uploads\/2021\/04\/Capture-d\u2019e\u0301cran-2021-03-13-a\u0300-18.41.54-768x771.png 768w, https:\/\/manofacto31.com\/wp-content\/uploads\/2021\/04\/Capture-d\u2019e\u0301cran-2021-03-13-a\u0300-18.41.54.png 1218w\" sizes=\"(max-width: 1021px) 100vw, 1021px\" \/><\/figure>\r\n<\/div>\r\n\r\n\r\n\r\n<p><strong>QUE FABRIQUES-TU ?<\/strong><\/p>\r\n\r\n\r\n\r\n<p>Bijou et linge de maison<\/p>\r\n<p>Mes mat\u00e9riaux : (c\u00e9ramique, bois, plexi, tissu) et mati\u00e8res r\u00e9cup\u00e9r\u00e9es pour certaines.<\/p>\r\n\r\n\r\n\r\n<p>Mes outils :<br \/>Tout ce qui d\u00e9coupe ! Ciseaux, cutter, d\u00e9coupe laser. Mais aussi machine \u00e0 coudre, surjeteuse, outils de fa\u00e7onnage. Et bien s\u00fbr, mon appareil photo, mon capteur d\u2019image.<\/p>\r\n\r\n\r\n\r\n<p>Je travaille dans mon atelier. Je sors m\u2019inspirer-respirer lors de balades, o\u00f9 je glane des v\u00e9g\u00e9taux, des images qui me nourrissent. Je fr\u00e9quente aussi des fablabs toulousains.<\/p>\r\n\r\n\r\n\r\n<div class=\"wp-block-image\">\r\n<figure class=\"aligncenter is-resized\"><img decoding=\"async\" class=\"wp-image-2870\" src=\"https:\/\/manofacto31.com\/wp-content\/uploads\/2021\/04\/Capture-d\u2019e\u0301cran-2021-03-13-a\u0300-18.36.38-1024x562.png\" alt=\"\" width=\"550\" srcset=\"https:\/\/manofacto31.com\/wp-content\/uploads\/2021\/04\/Capture-d\u2019e\u0301cran-2021-03-13-a\u0300-18.36.38-1024x562.png 1024w, https:\/\/manofacto31.com\/wp-content\/uploads\/2021\/04\/Capture-d\u2019e\u0301cran-2021-03-13-a\u0300-18.36.38-600x329.png 600w, https:\/\/manofacto31.com\/wp-content\/uploads\/2021\/04\/Capture-d\u2019e\u0301cran-2021-03-13-a\u0300-18.36.38-300x165.png 300w, https:\/\/manofacto31.com\/wp-content\/uploads\/2021\/04\/Capture-d\u2019e\u0301cran-2021-03-13-a\u0300-18.36.38-768x421.png 768w, https:\/\/manofacto31.com\/wp-content\/uploads\/2021\/04\/Capture-d\u2019e\u0301cran-2021-03-13-a\u0300-18.36.38.png 1234w\" sizes=\"(max-width: 1024px) 100vw, 1024px\" \/><\/figure>\r\n<\/div>\r\n\r\n\r\n\r\n<p><strong>QUELLES SONT TES SOURCES D\u2019INSPIRATION ?<\/strong><\/p>\r\n\r\n\r\n\r\n<p>L&rsquo;ext\u00e9rieur : autant la ville que la montagne. Le cin\u00e9ma avec ses images fuyantes. Les expos\u2026 qui me manquent.<\/p>\r\n\r\n\r\n\r\n<p><strong>SI TU \u00c9TAIS UNE DE TES CR\u00c9ATIONS LAQUELLE SERAIS-TU ?<\/strong><\/p>\r\n\r\n\r\n\r\n<p>Oulala\u2026 Un truc qui part dans tous les sens, mais que l\u2019on comprend. \u00c0 mon avis, je ne l\u2019ai pas encore faite !<\/p>\r\n\r\n\r\n\r\n<p><strong>CHOSES QUE TU AIMES, CHOSES QUE TU N\u2019AIMES PAS ?<\/strong><\/p>\r\n\r\n\r\n\r\n<p>Le rayon de soleil qui m\u2019\u00e9blouit \u00e0 13h20 en ce moment \u00e0 mon atelier. Marcher longtemps et ailleurs. M\u2019attacher aux d\u00e9tails.<\/p>\r\n\r\n\r\n\r\n<p><strong>QUEL EST TON MANTRA, TA CITATION PR\u00c9F\u00c9R\u00c9E ?<\/strong><\/p>\r\n\r\n\r\n\r\n<p>\u00a0\u00bb On ne peut pas toujours \u00eatre dr\u00f4le, mais il faut toujours essayer \u00ab\u00a0<\/p>\r\n\r\n\r\n\r\n<p>Et aussi : \u00a0\u00bb Ne l\u00e2che rien \u00ab\u00a0<\/p>\r\n\r\n\r\n\r\n<div class=\"wp-block-image\">\r\n<figure class=\"aligncenter is-resized\"><img decoding=\"async\" class=\"wp-image-2871\" src=\"https:\/\/manofacto31.com\/wp-content\/uploads\/2021\/04\/IMG_6133-1024x1024.jpeg\" alt=\"\" width=\"450\" srcset=\"https:\/\/manofacto31.com\/wp-content\/uploads\/2021\/04\/IMG_6133-1024x1024.jpeg 1024w, https:\/\/manofacto31.com\/wp-content\/uploads\/2021\/04\/IMG_6133-300x300.jpeg 300w, https:\/\/manofacto31.com\/wp-content\/uploads\/2021\/04\/IMG_6133-100x100.jpeg 100w, https:\/\/manofacto31.com\/wp-content\/uploads\/2021\/04\/IMG_6133-600x600.jpeg 600w, https:\/\/manofacto31.com\/wp-content\/uploads\/2021\/04\/IMG_6133-768x768.jpeg 768w\" sizes=\"(max-width: 1024px) 100vw, 1024px\" \/><\/figure>\r\n<\/div>\r\n\r\n\r\n\r\n<p><strong>O\u00d9 TE TROUVE-T-ON (\u00c0 PART MANO FACTO) ?<\/strong><\/p>\r\n\r\n\r\n\r\n<p>Le patio des cr\u00e9ateurs \u00e0 Carcassonne,\u00a0 Les petites p\u00e9pites \u00e0 St Andr\u00e9 de Cubzac, Dahu edition \u00e0 Aspet, Le conciliabulle \u00e0 Revel, Galerie Mira au Creusot, Chemin d\u2019atelier, L\u2019atelier Potamo \u00e0 Villemur sur Tarn, Audalisque \u00e0 La Rochelle, mes portes sur rendez-vous.<\/p>\r\n\r\n\r\n\r\n<p><a href=\"http:\/\/www.faire-et-refaire.fr\">S<\/a><a href=\"http:\/\/www.faire-et-refaire.fr\" target=\"_blank\" rel=\"noreferrer noopener\" aria-label=\"ite (s\u2019ouvre dans un nouvel onglet)\">ite<\/a><br \/><a href=\"https:\/\/www.facebook.com\/MaiwennDagan\">Faceb<\/a><a href=\"https:\/\/www.facebook.com\/MaiwennDagan\" target=\"_blank\" rel=\"noreferrer noopener\" aria-label=\"o (s\u2019ouvre dans un nouvel onglet)\">o<\/a><a href=\"https:\/\/www.facebook.com\/MaiwennDagan\">ok<\/a><br \/><a href=\"https:\/\/www.instagram.com\/maiwenn_dagan\/\">Instagra<\/a><a href=\"https:\/\/www.instagram.com\/maiwenn_dagan\/\" target=\"_blank\" rel=\"noreferrer noopener\" aria-label=\"m (s\u2019ouvre dans un nouvel onglet)\">m<\/a><\/p>\r\n","protected":false},"excerpt":{"rendered":"<p>QUI ES-TU ? Ma\u00efwenn Dagan, cr\u00e9atrice toulousaine TON PARCOURS DNSEP option design aux Beaux Arts de Rennes 1er mai 2009 d\u00e9but d\u2019activit\u00e9. Il me semblait important de d\u00e9marrer le jour de la f\u00eate du travail, et que ce m\u00eame jour &hellip; <a class=\"more-link\" href=\"https:\/\/manofacto31.com\/?page_id=2608\">Lire la suite <span class=\"meta-nav\">&rarr;<\/span><\/a><\/p>\n","protected":false},"author":5,"featured_media":0,"parent":62,"menu_order":0,"comment_status":"closed","ping_status":"closed","template":"","meta":{"saved_in_kubio":true,"footnotes":""},"class_list":["post-2608","page","type-page","status-publish","hentry"],"kubio_ai_page_context":{"short_desc":"","purpose":"general"},"_links":{"self":[{"href":"https:\/\/manofacto31.com\/index.php?rest_route=\/wp\/v2\/pages\/2608","targetHints":{"allow":["GET"]}}],"collection":[{"href":"https:\/\/manofacto31.com\/index.php?rest_route=\/wp\/v2\/pages"}],"about":[{"href":"https:\/\/manofacto31.com\/index.php?rest_route=\/wp\/v2\/types\/page"}],"author":[{"embeddable":true,"href":"https:\/\/manofacto31.com\/index.php?rest_route=\/wp\/v2\/users\/5"}],"replies":[{"embeddable":true,"href":"https:\/\/manofacto31.com\/index.php?rest_route=%2Fwp%2Fv2%2Fcomments&post=2608"}],"version-history":[{"count":7,"href":"https:\/\/manofacto31.com\/index.php?rest_route=\/wp\/v2\/pages\/2608\/revisions"}],"predecessor-version":[{"id":3179,"href":"https:\/\/manofacto31.com\/index.php?rest_route=\/wp\/v2\/pages\/2608\/revisions\/3179"}],"up":[{"embeddable":true,"href":"https:\/\/manofacto31.com\/index.php?rest_route=\/wp\/v2\/pages\/62"}],"wp:attachment":[{"href":"https:\/\/manofacto31.com\/index.php?rest_route=%2Fwp%2Fv2%2Fmedia&parent=2608"}],"curies":[{"name":"wp","href":"https:\/\/api.w.org\/{rel}","templated":true}]}}