{"id":3592,"date":"2023-02-25T10:24:29","date_gmt":"2023-02-25T10:24:29","guid":{"rendered":"https:\/\/manofacto31.com\/?page_id=3592"},"modified":"2025-11-23T10:39:04","modified_gmt":"2025-11-23T10:39:04","slug":"oraj-2","status":"publish","type":"page","link":"https:\/\/manofacto31.com\/?page_id=3592","title":{"rendered":"Oraj"},"content":{"rendered":"\r\n<div class=\"wp-block-image\">\r\n<figure class=\"aligncenter is-resized\"><img loading=\"lazy\" decoding=\"async\" class=\"alignnone wp-image-3594 size-large\" src=\"https:\/\/manofacto31.com\/wp-content\/uploads\/2023\/02\/Gabrielle-ORAJ-1024x683.jpg\" alt=\"\" width=\"560\" height=\"374\" srcset=\"https:\/\/manofacto31.com\/wp-content\/uploads\/2023\/02\/Gabrielle-ORAJ-1024x683.jpg 1024w, https:\/\/manofacto31.com\/wp-content\/uploads\/2023\/02\/Gabrielle-ORAJ-300x200.jpg 300w, https:\/\/manofacto31.com\/wp-content\/uploads\/2023\/02\/Gabrielle-ORAJ-768x512.jpg 768w, https:\/\/manofacto31.com\/wp-content\/uploads\/2023\/02\/Gabrielle-ORAJ-1536x1024.jpg 1536w, https:\/\/manofacto31.com\/wp-content\/uploads\/2023\/02\/Gabrielle-ORAJ-2048x1365.jpg 2048w, https:\/\/manofacto31.com\/wp-content\/uploads\/2023\/02\/Gabrielle-ORAJ-600x400.jpg 600w\" sizes=\"(max-width: 560px) 100vw, 560px\" \/><\/figure>\r\n<\/div>\r\n\r\n\r\n\r\n<p><strong>QUI ES-TU ?<\/strong><\/p>\r\n\r\n\r\n\r\n<p class=\"p1\">Gabrielle Campana,<\/p>\r\n<p class=\"p1\">ORAJ,<\/p>\r\n<p class=\"p1\">\u00e0 Lisle-sur-Tarn<\/p>\r\n\r\n\r\n\r\n<p><strong> TON PARCOURS<\/strong><\/p>\r\n\r\n\r\n\r\n<p class=\"p1\">Bijouti\u00e8re-joailli\u00e8re de formation, je me passionne et \u00e9tudie aux Beaux-Arts puis en fac d\u2019Histoire de l\u2019Art o\u00f9 j\u2019obtiens un Master.<\/p>\r\n<p class=\"p1\">Apr\u00e8s une carri\u00e8re dans le monde mus\u00e9al, je d\u00e9cide de reprendre mon 1<sup>er<\/sup> m\u00e9tier de bijouti\u00e8re en 2019 et d\u2019inclure l\u2019\u00e9mail dans mon processus cr\u00e9atif.<\/p>\r\n<p class=\"p1\">En 2022, je valide un second CAP, celui d\u2019\u00e9mailleuse d\u2019art sur m\u00e9tal &#8211; un m\u00e9tier rare et fascinant &#8211;<span class=\"Apple-converted-space\">\u00a0 <\/span>que j\u2019obtiens \u00e0 Limoges<span class=\"Apple-converted-space\">\u00a0 <\/span>(seule formation encore existante en France)<\/p>\r\n<p class=\"p1\">Ma marque ORAJ m\u2019\u00e9voque une nature g\u00e9n\u00e9reuse et volcanique.<\/p>\r\n<p class=\"p1\">J\u2019entends la pluie, le ciel qui gronde et s\u2019illumine comme une puissance chaotique et cr\u00e9ative, je sens l\u2019odeur de la mousse\u2026la fragilit\u00e9 des choses et la po\u00e9sie d\u2019un instant.<\/p>\r\n<p class=\"p1\">Pour le graphisme de mon nom de marque, on est parti de mon \u00e9criture qu\u2019on a accentu\u00e9e.<\/p>\r\n<p>&nbsp;<\/p>\r\n\r\n\r\n\r\n<div class=\"wp-block-image\">\r\n<figure class=\"aligncenter is-resized\"><img loading=\"lazy\" decoding=\"async\" class=\"alignnone size-full wp-image-3684\" src=\"https:\/\/manofacto31.com\/wp-content\/uploads\/2023\/09\/Gabrielle-Campana-ORAJ-Atelier-de-creation.jpg\" alt=\"\" width=\"715\" height=\"681\" srcset=\"https:\/\/manofacto31.com\/wp-content\/uploads\/2023\/09\/Gabrielle-Campana-ORAJ-Atelier-de-creation.jpg 715w, https:\/\/manofacto31.com\/wp-content\/uploads\/2023\/09\/Gabrielle-Campana-ORAJ-Atelier-de-creation-300x286.jpg 300w, https:\/\/manofacto31.com\/wp-content\/uploads\/2023\/09\/Gabrielle-Campana-ORAJ-Atelier-de-creation-600x571.jpg 600w\" sizes=\"(max-width: 715px) 100vw, 715px\" \/><\/figure>\r\n<p>&nbsp;<\/p>\r\n<\/div>\r\n\r\n\r\n\r\n<p><strong> QUE FABRIQUES-TU ?<\/strong><\/p>\r\n<p><br \/>\u00a0Mes bijoux fa\u00e7onn\u00e9s \u00e0 la main dans mon atelier \u00e0 Lisle-sur-Tarn se d\u00e9clinent autour de deux sensibilit\u00e9s :<\/p>\r\n<ul class=\"ul1\">\r\n<li class=\"li2\">Une gamme brute et vibrante, aux lignes graphiques en argent massif (925\/1000) ou en laiton plaqu\u00e9 or (3 microns)\u00a0<\/li>\r\n<li class=\"li2\">Une gamme color\u00e9e, p\u00e9tillante et intemporelle en \u00e9mail Grand feu et argent massif ou laiton plaqu\u00e9 or (3 microns)<\/li>\r\n<\/ul>\r\n<p>&nbsp;<\/p>\r\n<p class=\"p5\">Mon \u00e9mail vient de la cristallerie de Saint Paul, seul fabricant fran\u00e7ais pour les \u00e9maux sur m\u00e9taux. J\u2019ach\u00e8te mon argent sur un site fran\u00e7ais et je recycle mes chutes par de petites fontes. Je ne fais pas encore mon propre plaquage or, mais \u00e7a va venir\u00a0!<\/p>\r\n<p class=\"p7\">Je travaille dans un ancien pigeonnier que j\u2019ai transform\u00e9 en atelier.<\/p>\r\n<p class=\"p7\">Pour fabriquer, j\u2019ai besoin d\u2019imagination, d\u2019\u00e9mail, de m\u00e9taux, mais aussi d\u2019un chalumeau, d\u2019un four, d\u2019un moteur suspendu et d\u2019une pi\u00e8ce \u00e0 main, d\u2019un bocfil, de<span class=\"Apple-converted-space\">\u00a0 <\/span>marteaux, de perchlorure de fer, de limes, de micro-scies, de fraises, d\u2019un tas, de boutreolles, d\u2019un pied \u00e0 coulisse, d\u2019\u00e9querres, de pinceaux, de spatules, des gants, d\u2019essence grasse, de t\u00e9rpin\u00e9ol, de noir de mangan\u00e8se, de quelques plumes, un triboulet, de l\u2019or en poudre\u2026bon j\u2019arr\u00eate l\u00e0\u00a0\ud83d\ude09<\/p>\r\n<p class=\"p7\">En g\u00e9n\u00e9ral l\u2019inspiration vient quand je fabrique, du coup j\u2019arr\u00eate tout\u2026et l\u2019atelier devient un laboratoire, une sorte de joyeux bazar !<\/p>\r\n<p><img loading=\"lazy\" decoding=\"async\" class=\"alignnone  wp-image-3685\" src=\"https:\/\/manofacto31.com\/wp-content\/uploads\/2023\/09\/Gabrielle-Campana-ORAJ-pendentif-en-champleve-en-cuivre-plaque-or-3-microns-et-argent-925-scaled.jpg\" alt=\"\" width=\"580\" height=\"773\" srcset=\"https:\/\/manofacto31.com\/wp-content\/uploads\/2023\/09\/Gabrielle-Campana-ORAJ-pendentif-en-champleve-en-cuivre-plaque-or-3-microns-et-argent-925-scaled.jpg 1920w, https:\/\/manofacto31.com\/wp-content\/uploads\/2023\/09\/Gabrielle-Campana-ORAJ-pendentif-en-champleve-en-cuivre-plaque-or-3-microns-et-argent-925-225x300.jpg 225w, https:\/\/manofacto31.com\/wp-content\/uploads\/2023\/09\/Gabrielle-Campana-ORAJ-pendentif-en-champleve-en-cuivre-plaque-or-3-microns-et-argent-925-768x1024.jpg 768w, https:\/\/manofacto31.com\/wp-content\/uploads\/2023\/09\/Gabrielle-Campana-ORAJ-pendentif-en-champleve-en-cuivre-plaque-or-3-microns-et-argent-925-1152x1536.jpg 1152w, https:\/\/manofacto31.com\/wp-content\/uploads\/2023\/09\/Gabrielle-Campana-ORAJ-pendentif-en-champleve-en-cuivre-plaque-or-3-microns-et-argent-925-1536x2048.jpg 1536w, https:\/\/manofacto31.com\/wp-content\/uploads\/2023\/09\/Gabrielle-Campana-ORAJ-pendentif-en-champleve-en-cuivre-plaque-or-3-microns-et-argent-925-600x800.jpg 600w\" sizes=\"(max-width: 580px) 100vw, 580px\" \/><br \/><br \/><strong>QUELLES SONT TES SOURCES D\u2019INSPIRATION ?<\/strong><br \/><br \/><\/p>\r\n<p class=\"p1\">La nature, l\u2019organique m\u2019inspire, mais aussi l\u2019architecture et l\u2019art en g\u00e9n\u00e9ral.<\/p>\r\n<p class=\"p1\">J\u2019aime particuli\u00e8rement Richard Serra, l\u2019Art Nouveau, les bestiaires m\u00e9di\u00e9vaux, l\u2019art de la mosa\u00efque et les tapisseries orientales, l\u2019art du kintsugi et les gravures contemporaines\u2026<\/p>\r\n\r\n\r\n\r\n<div class=\"wp-block-image\">\r\n<figure class=\"aligncenter is-resized\"><img loading=\"lazy\" decoding=\"async\" class=\"alignnone wp-image-3595 size-full\" src=\"https:\/\/manofacto31.com\/wp-content\/uploads\/2023\/02\/Jeu-de-mains-ORAJ.jpg\" alt=\"\" width=\"720\" height=\"721\" srcset=\"https:\/\/manofacto31.com\/wp-content\/uploads\/2023\/02\/Jeu-de-mains-ORAJ.jpg 720w, https:\/\/manofacto31.com\/wp-content\/uploads\/2023\/02\/Jeu-de-mains-ORAJ-300x300.jpg 300w, https:\/\/manofacto31.com\/wp-content\/uploads\/2023\/02\/Jeu-de-mains-ORAJ-600x601.jpg 600w, https:\/\/manofacto31.com\/wp-content\/uploads\/2023\/02\/Jeu-de-mains-ORAJ-100x100.jpg 100w\" sizes=\"(max-width: 720px) 100vw, 720px\" \/><\/figure>\r\n<\/div>\r\n\r\n\r\n\r\n<p><strong>SI TU \u00c9TAIS UNE DE TES CR\u00c9ATIONS LAQUELLE SERAIS-TU ?<\/strong><\/p>\r\n<p class=\"p1\">Si j\u2019\u00e9tais une de mes cr\u00e9ations, je serai celle qui est en train de na\u00eetre\u2026<\/p>\r\n\r\n\r\n\r\n<p><strong>3 CHOSES QUE TU AIMES, 3 CHOSES QUE TU N\u2019AIMES PAS ?<\/strong><\/p>\r\n\r\n\r\n\r\n<p class=\"p1\">J\u2019aime les cascades, le miel et le bon vin<\/p>\r\n<p class=\"p1\">Je n\u2019aime pas le mot \u00ab\u00a0nouille\u00a0\u00bb, les gens m\u00e9chants et quand l\u2019\u00e9ponge tra\u00eene au fond de l\u2019\u00e9vier\u2026<\/p>\r\n\r\n\r\n\r\n<p><strong>QUEL EST TON MANTRA, TA CITATION PR\u00c9F\u00c9R\u00c9E ?<\/strong><\/p>\r\n\r\n\r\n\r\n<p class=\"p1\">Sois le changement que tu esp\u00e8res\u00a0!<\/p>\r\n\r\n\r\n\r\n<div class=\"wp-block-image\"><img loading=\"lazy\" decoding=\"async\" class=\"alignnone  wp-image-3686\" src=\"https:\/\/manofacto31.com\/wp-content\/uploads\/2023\/09\/Gabrielle-Campana-ORAJ-BO-en-argent-cisele-et-en-email-champleve-scaled.jpg\" alt=\"\" width=\"555\" height=\"740\" srcset=\"https:\/\/manofacto31.com\/wp-content\/uploads\/2023\/09\/Gabrielle-Campana-ORAJ-BO-en-argent-cisele-et-en-email-champleve-scaled.jpg 1920w, https:\/\/manofacto31.com\/wp-content\/uploads\/2023\/09\/Gabrielle-Campana-ORAJ-BO-en-argent-cisele-et-en-email-champleve-225x300.jpg 225w, https:\/\/manofacto31.com\/wp-content\/uploads\/2023\/09\/Gabrielle-Campana-ORAJ-BO-en-argent-cisele-et-en-email-champleve-768x1024.jpg 768w, https:\/\/manofacto31.com\/wp-content\/uploads\/2023\/09\/Gabrielle-Campana-ORAJ-BO-en-argent-cisele-et-en-email-champleve-1152x1536.jpg 1152w, https:\/\/manofacto31.com\/wp-content\/uploads\/2023\/09\/Gabrielle-Campana-ORAJ-BO-en-argent-cisele-et-en-email-champleve-1536x2048.jpg 1536w, https:\/\/manofacto31.com\/wp-content\/uploads\/2023\/09\/Gabrielle-Campana-ORAJ-BO-en-argent-cisele-et-en-email-champleve-600x800.jpg 600w\" sizes=\"(max-width: 555px) 100vw, 555px\" \/><\/div>\r\n\r\n\r\n\r\n<p><strong>O\u00d9 TE TROUVE-T-ON (\u00c0 PART MANO FACTO) ?<\/strong><\/p>\r\n\r\n\r\n\r\n<p class=\"p1\">J\u2019expose \u00e0 Lavaur\u00a0 \u00e0 <a href=\"https:\/\/www.espolitaqui.fr\/\">ESPOLITAQUI<\/a>,<\/p>\r\n<p class=\"p1\">chez <a href=\"https:\/\/gazelle-boutique.com\">GAZELLE BOUTIQUE <\/a>\u00e0 Montastruc-la-Conseill\u00e8re,<\/p>\r\n<p class=\"p1\">\u00e0 <a href=\"https:\/\/lhirondelle.shop\/\">L\u2019HIRONDELLE<\/a> \u00e0 Lisle-sur-Tarn<\/p>\r\n<p class=\"p1\">et \u00e0 <a href=\"https:\/\/www.artetsavoirfaire.com\/ancre\">L\u2019ANCRE<\/a> \u00e0 Sauveterre-de-Rouergue.<br \/><br \/>\u00a0sur <a href=\"https:\/\/www.instagram.com\/oraj.fr\/\">Instagram<\/a><\/p>\r\n","protected":false},"excerpt":{"rendered":"<p>QUI ES-TU ? Gabrielle Campana, ORAJ, \u00e0 Lisle-sur-Tarn TON PARCOURS Bijouti\u00e8re-joailli\u00e8re de formation, je me passionne et \u00e9tudie aux Beaux-Arts puis en fac d\u2019Histoire de l\u2019Art o\u00f9 j\u2019obtiens un Master. Apr\u00e8s une carri\u00e8re dans le monde mus\u00e9al, je d\u00e9cide de &hellip; <a class=\"more-link\" href=\"https:\/\/manofacto31.com\/?page_id=3592\">Lire la suite <span class=\"meta-nav\">&rarr;<\/span><\/a><\/p>\n","protected":false},"author":5,"featured_media":0,"parent":48,"menu_order":0,"comment_status":"closed","ping_status":"closed","template":"","meta":{"saved_in_kubio":true,"footnotes":""},"class_list":["post-3592","page","type-page","status-publish","hentry"],"kubio_ai_page_context":{"short_desc":"","purpose":"general"},"_links":{"self":[{"href":"https:\/\/manofacto31.com\/index.php?rest_route=\/wp\/v2\/pages\/3592","targetHints":{"allow":["GET"]}}],"collection":[{"href":"https:\/\/manofacto31.com\/index.php?rest_route=\/wp\/v2\/pages"}],"about":[{"href":"https:\/\/manofacto31.com\/index.php?rest_route=\/wp\/v2\/types\/page"}],"author":[{"embeddable":true,"href":"https:\/\/manofacto31.com\/index.php?rest_route=\/wp\/v2\/users\/5"}],"replies":[{"embeddable":true,"href":"https:\/\/manofacto31.com\/index.php?rest_route=%2Fwp%2Fv2%2Fcomments&post=3592"}],"version-history":[{"count":8,"href":"https:\/\/manofacto31.com\/index.php?rest_route=\/wp\/v2\/pages\/3592\/revisions"}],"predecessor-version":[{"id":3691,"href":"https:\/\/manofacto31.com\/index.php?rest_route=\/wp\/v2\/pages\/3592\/revisions\/3691"}],"up":[{"embeddable":true,"href":"https:\/\/manofacto31.com\/index.php?rest_route=\/wp\/v2\/pages\/48"}],"wp:attachment":[{"href":"https:\/\/manofacto31.com\/index.php?rest_route=%2Fwp%2Fv2%2Fmedia&parent=3592"}],"curies":[{"name":"wp","href":"https:\/\/api.w.org\/{rel}","templated":true}]}}