{"id":3616,"date":"2023-04-10T13:16:16","date_gmt":"2023-04-10T13:16:16","guid":{"rendered":"https:\/\/manofacto31.com\/?page_id=3616"},"modified":"2025-11-23T10:31:55","modified_gmt":"2025-11-23T10:31:55","slug":"oqo","status":"publish","type":"page","link":"https:\/\/manofacto31.com\/?page_id=3616","title":{"rendered":"oQO"},"content":{"rendered":"<div class=\"wp-block-image\">\r\n<p class=\"entry-title\">\u00a0<\/p>\r\nDes c\u00e9ramiques douces et \u00e9l\u00e9gantes, un style min\u00e9ral, une prise en main organique.<\/div>\r\n<div class=\"wp-block-image\"><br \/><img loading=\"lazy\" decoding=\"async\" class=\"alignnone wp-image-3619 size-full\" src=\"https:\/\/manofacto31.com\/wp-content\/uploads\/2023\/04\/Capture-de\u0301cran-2023-04-10-a\u0300-15.06.59.png\" alt=\"\" width=\"1298\" height=\"1390\" srcset=\"https:\/\/manofacto31.com\/wp-content\/uploads\/2023\/04\/Capture-de\u0301cran-2023-04-10-a\u0300-15.06.59.png 1298w, https:\/\/manofacto31.com\/wp-content\/uploads\/2023\/04\/Capture-de\u0301cran-2023-04-10-a\u0300-15.06.59-280x300.png 280w, https:\/\/manofacto31.com\/wp-content\/uploads\/2023\/04\/Capture-de\u0301cran-2023-04-10-a\u0300-15.06.59-956x1024.png 956w, https:\/\/manofacto31.com\/wp-content\/uploads\/2023\/04\/Capture-de\u0301cran-2023-04-10-a\u0300-15.06.59-768x822.png 768w, https:\/\/manofacto31.com\/wp-content\/uploads\/2023\/04\/Capture-de\u0301cran-2023-04-10-a\u0300-15.06.59-600x643.png 600w\" sizes=\"(max-width: 1298px) 100vw, 1298px\" \/><\/div>\r\n<div>\u00a0<\/div>\r\n<div class=\"wp-block-image\">oQO \u00e7a percute, c&rsquo;est rond, c&rsquo;est court, sans signification.<br \/>Une signature, davantage un visuel reconnaissable et \u00e0 la lecture toute personnelle.<\/div>\r\n<div class=\"wp-block-image\">\r\n<p>&nbsp;<\/p>\r\n<p><img loading=\"lazy\" decoding=\"async\" class=\"wp-image-3617 size-full\" src=\"https:\/\/manofacto31.com\/wp-content\/uploads\/2023\/04\/TMBD-deco-4.jpg\" alt=\"\" width=\"1024\" height=\"683\" srcset=\"https:\/\/manofacto31.com\/wp-content\/uploads\/2023\/04\/TMBD-deco-4.jpg 1024w, https:\/\/manofacto31.com\/wp-content\/uploads\/2023\/04\/TMBD-deco-4-300x200.jpg 300w, https:\/\/manofacto31.com\/wp-content\/uploads\/2023\/04\/TMBD-deco-4-768x512.jpg 768w, https:\/\/manofacto31.com\/wp-content\/uploads\/2023\/04\/TMBD-deco-4-600x400.jpg 600w\" sizes=\"(max-width: 1024px) 100vw, 1024px\" \/><\/p>\r\n<\/div>\r\n<div>\u00a0<\/div>\r\n<div class=\"wp-block-image\">Ma petite production est issue d&rsquo;un long processus de cr\u00e9ation.Du pain d\u2019argile, au saladier, au bijou ou au tableau, j\u2019interroge \u00e0 chaque \u00e9tape le geste de l\u2019artisan : cuire essentiellement en mono-cuisson dans un four autoconstruit, recycler les d\u00e9bris de c\u00e9ramique, utiliser tr\u00e8s peu d&rsquo;eau&#8230;<br \/>Ce qui m&rsquo;\u00e9meut c&rsquo;est le brut, le min\u00e9ral, la prise en main organique.<br \/><br \/>Je r\u00e9alise des objets que je souhaite \u00e9l\u00e9gants au regard mais aussi au toucher.<\/div>\r\n<div>\u00a0<\/div>\r\n<!-- \/wp:post-content -->\r\n\r\n<!-- wp:paragraph -->\r\n<p><img loading=\"lazy\" decoding=\"async\" class=\"alignnone size-full wp-image-3618\" src=\"https:\/\/manofacto31.com\/wp-content\/uploads\/2023\/04\/Capture-de\u0301cran-2023-04-10-a\u0300-15.06.34.png\" alt=\"\" width=\"1398\" height=\"1480\" srcset=\"https:\/\/manofacto31.com\/wp-content\/uploads\/2023\/04\/Capture-de\u0301cran-2023-04-10-a\u0300-15.06.34.png 1398w, https:\/\/manofacto31.com\/wp-content\/uploads\/2023\/04\/Capture-de\u0301cran-2023-04-10-a\u0300-15.06.34-283x300.png 283w, https:\/\/manofacto31.com\/wp-content\/uploads\/2023\/04\/Capture-de\u0301cran-2023-04-10-a\u0300-15.06.34-967x1024.png 967w, https:\/\/manofacto31.com\/wp-content\/uploads\/2023\/04\/Capture-de\u0301cran-2023-04-10-a\u0300-15.06.34-768x813.png 768w, https:\/\/manofacto31.com\/wp-content\/uploads\/2023\/04\/Capture-de\u0301cran-2023-04-10-a\u0300-15.06.34-600x635.png 600w\" sizes=\"(max-width: 1398px) 100vw, 1398px\" \/><\/p>","protected":false},"excerpt":{"rendered":"<p>\u00a0 Des c\u00e9ramiques douces et \u00e9l\u00e9gantes, un style min\u00e9ral, une prise en main organique. \u00a0 oQO \u00e7a percute, c&rsquo;est rond, c&rsquo;est court, sans signification.Une signature, davantage un visuel reconnaissable et \u00e0 la lecture toute personnelle. &nbsp; \u00a0 Ma petite production &hellip; <a class=\"more-link\" href=\"https:\/\/manofacto31.com\/?page_id=3616\">Lire la suite <span class=\"meta-nav\">&rarr;<\/span><\/a><\/p>\n","protected":false},"author":5,"featured_media":0,"parent":62,"menu_order":0,"comment_status":"closed","ping_status":"closed","template":"","meta":{"saved_in_kubio":true,"footnotes":""},"class_list":["post-3616","page","type-page","status-publish","hentry"],"kubio_ai_page_context":{"short_desc":"","purpose":"general"},"_links":{"self":[{"href":"https:\/\/manofacto31.com\/index.php?rest_route=\/wp\/v2\/pages\/3616","targetHints":{"allow":["GET"]}}],"collection":[{"href":"https:\/\/manofacto31.com\/index.php?rest_route=\/wp\/v2\/pages"}],"about":[{"href":"https:\/\/manofacto31.com\/index.php?rest_route=\/wp\/v2\/types\/page"}],"author":[{"embeddable":true,"href":"https:\/\/manofacto31.com\/index.php?rest_route=\/wp\/v2\/users\/5"}],"replies":[{"embeddable":true,"href":"https:\/\/manofacto31.com\/index.php?rest_route=%2Fwp%2Fv2%2Fcomments&post=3616"}],"version-history":[{"count":4,"href":"https:\/\/manofacto31.com\/index.php?rest_route=\/wp\/v2\/pages\/3616\/revisions"}],"predecessor-version":[{"id":3679,"href":"https:\/\/manofacto31.com\/index.php?rest_route=\/wp\/v2\/pages\/3616\/revisions\/3679"}],"up":[{"embeddable":true,"href":"https:\/\/manofacto31.com\/index.php?rest_route=\/wp\/v2\/pages\/62"}],"wp:attachment":[{"href":"https:\/\/manofacto31.com\/index.php?rest_route=%2Fwp%2Fv2%2Fmedia&parent=3616"}],"curies":[{"name":"wp","href":"https:\/\/api.w.org\/{rel}","templated":true}]}}