{"id":3692,"date":"2023-09-13T09:16:34","date_gmt":"2023-09-13T09:16:34","guid":{"rendered":"https:\/\/manofacto31.com\/?page_id=3692"},"modified":"2025-11-23T10:23:31","modified_gmt":"2025-11-23T10:23:31","slug":"madame-barbotine","status":"publish","type":"page","link":"https:\/\/manofacto31.com\/?page_id=3692","title":{"rendered":"Madame Barbotine"},"content":{"rendered":"\r\n<div class=\"wp-block-image\">\r\n<figure class=\"aligncenter is-resized\"><img loading=\"lazy\" decoding=\"async\" class=\"alignnone  wp-image-3694\" src=\"https:\/\/manofacto31.com\/wp-content\/uploads\/2023\/09\/328856706_884002406152463_8012037904685670387_n.jpg\" alt=\"\" width=\"871\" height=\"577\" srcset=\"https:\/\/manofacto31.com\/wp-content\/uploads\/2023\/09\/328856706_884002406152463_8012037904685670387_n.jpg 2048w, https:\/\/manofacto31.com\/wp-content\/uploads\/2023\/09\/328856706_884002406152463_8012037904685670387_n-300x199.jpg 300w, https:\/\/manofacto31.com\/wp-content\/uploads\/2023\/09\/328856706_884002406152463_8012037904685670387_n-1024x678.jpg 1024w, https:\/\/manofacto31.com\/wp-content\/uploads\/2023\/09\/328856706_884002406152463_8012037904685670387_n-768x509.jpg 768w, https:\/\/manofacto31.com\/wp-content\/uploads\/2023\/09\/328856706_884002406152463_8012037904685670387_n-1536x1017.jpg 1536w, https:\/\/manofacto31.com\/wp-content\/uploads\/2023\/09\/328856706_884002406152463_8012037904685670387_n-600x397.jpg 600w\" sizes=\"(max-width: 871px) 100vw, 871px\" \/><\/figure>\r\n<\/div>\r\n\r\n\r\n\r\n<p><strong>QUI ES-TU ?<\/strong><\/p>\r\n\r\n\r\n\r\n<p>Je suis Ana\u00efs Bunel alias Madame Barbotine, j&rsquo;habite \u00e0 Toulouse depuis 8 ans.<\/p>\r\n\r\n\r\n\r\n<p><strong> TON PARCOURS<\/strong><\/p>\r\n\r\n\r\n\r\n<div>Avant d&rsquo;\u00eatre c\u00e9ramiste, J&rsquo; ai \u00e9tudi\u00e9 la psychologie \u00e0 l&rsquo;Universit\u00e9 puis je suis entr\u00e9e dans le milieu\u00a0 de l&rsquo;\u00e9ducation sp\u00e9cialis\u00e9e, j&rsquo;ai accompagn\u00e9 divers publics en difficult\u00e9.\u00a0<\/div>\r\n<div>Il y a 4 ans j&rsquo;ai pris un virage en faisant une formation de tournage . Je me suis lanc\u00e9e ensuite progressivement tout en gardant l&rsquo;aspect social de ma profession en donnant des cours cr\u00e9atifs.<\/div>\r\n<div>Madame Barbotine , c&rsquo;est l&rsquo;aspect ludique et non fig\u00e9 que j&rsquo;entretiens avec la terre. C&rsquo;est lorsque je m&rsquo;abandonne \u00e0 elle.<\/div>\r\n<div>\u00a0<\/div>\r\n\r\n\r\n\r\n<div class=\"wp-block-image\">\r\n<figure class=\"aligncenter is-resized\"><img loading=\"lazy\" decoding=\"async\" class=\"alignnone  wp-image-3695\" src=\"https:\/\/manofacto31.com\/wp-content\/uploads\/2023\/09\/349165663_1140603523998413_6426410901213220063_n.jpg\" alt=\"\" width=\"538\" height=\"538\" srcset=\"https:\/\/manofacto31.com\/wp-content\/uploads\/2023\/09\/349165663_1140603523998413_6426410901213220063_n.jpg 960w, https:\/\/manofacto31.com\/wp-content\/uploads\/2023\/09\/349165663_1140603523998413_6426410901213220063_n-300x300.jpg 300w, https:\/\/manofacto31.com\/wp-content\/uploads\/2023\/09\/349165663_1140603523998413_6426410901213220063_n-768x768.jpg 768w, https:\/\/manofacto31.com\/wp-content\/uploads\/2023\/09\/349165663_1140603523998413_6426410901213220063_n-600x600.jpg 600w, https:\/\/manofacto31.com\/wp-content\/uploads\/2023\/09\/349165663_1140603523998413_6426410901213220063_n-100x100.jpg 100w\" sizes=\"(max-width: 538px) 100vw, 538px\" \/><\/figure>\r\n<\/div>\r\n\r\n\r\n\r\n<p><strong> QUE FABRIQUES-TU ?<\/strong><br \/><br \/><\/p>\r\n<div>Je fabrique des objets (plut\u00f4t\u00a0 utilitaires en gr\u00e8s)<\/div>\r\n<div><span style=\"color: #063b6d;\">Mes techniques de fa\u00e7onnage sont mixtes. Je tourne, j&rsquo;<\/span><span style=\"color: #063b6d; font-family: Segoe UI, Helvetica, S60 Sans, BBAlpha Sans, Droid, Tahoma, Arial;\">estampe, je moule, je mod\u00e8le.\u00a0<\/span><\/div>\r\n<div><span style=\"color: #063b6d; font-family: Segoe UI, Helvetica, S60 Sans, BBAlpha Sans, Droid, Tahoma, Arial;\">J&rsquo;utilise des frittes \u00e0 base de zinc que je modifie pour avoir des \u00e9maux \u00e0 cristallisation mais pas que&#8230; j&rsquo;utilise aussi des engobes.<\/span><\/div>\r\n<div><span style=\"color: #063b6d; font-family: Segoe UI, Helvetica, S60 Sans, BBAlpha Sans, Droid, Tahoma, Arial;\">Je suis en constante recherche avec la mati\u00e8re.<\/span><\/div>\r\n<div><span style=\"color: #063b6d; font-family: Segoe UI, Helvetica, S60 Sans, BBAlpha Sans, Droid, Tahoma, Arial;\">Je cr\u00e9e dans un petit atelier qui appartient \u00e0 un collectif qui s&rsquo;appelle La m\u00e8che \u00e0 Borderouge.<\/span><\/div>\r\n<p><br \/><br \/><strong>QUELLES SONT TES SOURCES D\u2019INSPIRATION ?<\/strong><\/p>\r\n<div><span style=\"color: #000000;\">Parfois je r\u00e9cup\u00e8re des objets uniques (dans la nature, les vides greniers) pour emprunter mes c\u00e9ramiques.<\/span><\/div>\r\n<div><span style=\"color: #000000;\">J&rsquo;aime les coraux, la nacre, les fonds marins..<\/span><\/div>\r\n\r\n\r\n\r\n<div class=\"wp-block-image\">\r\n<figure class=\"aligncenter is-resized\"><img loading=\"lazy\" decoding=\"async\" class=\"alignnone  wp-image-3693\" src=\"https:\/\/manofacto31.com\/wp-content\/uploads\/2023\/09\/274289623_299376715593636_1752428403294155187_n.jpg\" alt=\"\" width=\"522\" height=\"653\" srcset=\"https:\/\/manofacto31.com\/wp-content\/uploads\/2023\/09\/274289623_299376715593636_1752428403294155187_n.jpg 768w, https:\/\/manofacto31.com\/wp-content\/uploads\/2023\/09\/274289623_299376715593636_1752428403294155187_n-240x300.jpg 240w, https:\/\/manofacto31.com\/wp-content\/uploads\/2023\/09\/274289623_299376715593636_1752428403294155187_n-600x750.jpg 600w\" sizes=\"(max-width: 522px) 100vw, 522px\" \/><\/figure>\r\n<\/div>\r\n\r\n\r\n\r\n<p><strong>SI TU \u00c9TAIS UNE DE TES CR\u00c9ATIONS LAQUELLE SERAIS-TU ?<\/strong><br \/>Je serais un photophore pour garder la lumi\u00e8re et la chaleur au fond de moi et offrir des moments feutr\u00e9s et chaleureux.<\/p>\r\n\r\n\r\n\r\n<p><strong>\u00a0CHOSES QUE TU AIMES ?<\/strong><\/p>\r\n\r\n\r\n\r\n<p>J&rsquo;aime la nouveaut\u00e9, les nouvelles exp\u00e9riences, les moments intimistes et explorer le monde de la sensorialit\u00e9.<\/p>\r\n\r\n\r\n\r\n<p><strong>QUEL EST TON MANTRA, TA CITATION PR\u00c9F\u00c9R\u00c9E ?<\/strong><\/p>\r\n\r\n\r\n\r\n<p>\u00ab\u00a0Chassez le naturel et il revient au galop\u00a0\u00bb<\/p>\r\n\r\n\r\n\r\n<div class=\"wp-block-image\">\r\n<figure class=\"aligncenter is-resized\"><img loading=\"lazy\" decoding=\"async\" class=\"alignnone  wp-image-3696\" src=\"https:\/\/manofacto31.com\/wp-content\/uploads\/2023\/09\/263364794_249414457256529_7491007961651131193_n.jpg\" alt=\"\" width=\"583\" height=\"415\" srcset=\"https:\/\/manofacto31.com\/wp-content\/uploads\/2023\/09\/263364794_249414457256529_7491007961651131193_n.jpg 2002w, https:\/\/manofacto31.com\/wp-content\/uploads\/2023\/09\/263364794_249414457256529_7491007961651131193_n-300x214.jpg 300w, https:\/\/manofacto31.com\/wp-content\/uploads\/2023\/09\/263364794_249414457256529_7491007961651131193_n-1024x729.jpg 1024w, https:\/\/manofacto31.com\/wp-content\/uploads\/2023\/09\/263364794_249414457256529_7491007961651131193_n-768x547.jpg 768w, https:\/\/manofacto31.com\/wp-content\/uploads\/2023\/09\/263364794_249414457256529_7491007961651131193_n-1536x1094.jpg 1536w, https:\/\/manofacto31.com\/wp-content\/uploads\/2023\/09\/263364794_249414457256529_7491007961651131193_n-600x427.jpg 600w\" sizes=\"(max-width: 583px) 100vw, 583px\" \/><\/figure>\r\n<\/div>\r\n\r\n\r\n\r\n<p><strong>O\u00d9 TE TROUVE-T-ON (\u00c0 PART MANO FACTO) ?<\/strong><\/p>\r\n\r\n\r\n\r\n<div><a href=\"https:\/\/www.instagram.com\/madame_barbotine\/\">Instagram<\/a><\/div>\r\n<div><a href=\"https:\/\/www.facebook.com\/MadameBarbotine\">Facebook<\/a><\/div>\r\n<p>&nbsp;<\/p>\r\n","protected":false},"excerpt":{"rendered":"<p>QUI ES-TU ? Je suis Ana\u00efs Bunel alias Madame Barbotine, j&rsquo;habite \u00e0 Toulouse depuis 8 ans. TON PARCOURS Avant d&rsquo;\u00eatre c\u00e9ramiste, J&rsquo; ai \u00e9tudi\u00e9 la psychologie \u00e0 l&rsquo;Universit\u00e9 puis je suis entr\u00e9e dans le milieu\u00a0 de l&rsquo;\u00e9ducation sp\u00e9cialis\u00e9e, j&rsquo;ai accompagn\u00e9 &hellip; <a class=\"more-link\" href=\"https:\/\/manofacto31.com\/?page_id=3692\">Lire la suite <span class=\"meta-nav\">&rarr;<\/span><\/a><\/p>\n","protected":false},"author":5,"featured_media":0,"parent":44,"menu_order":0,"comment_status":"closed","ping_status":"open","template":"","meta":{"saved_in_kubio":true,"footnotes":""},"class_list":["post-3692","page","type-page","status-publish","hentry"],"kubio_ai_page_context":{"short_desc":"","purpose":"general"},"_links":{"self":[{"href":"https:\/\/manofacto31.com\/index.php?rest_route=\/wp\/v2\/pages\/3692","targetHints":{"allow":["GET"]}}],"collection":[{"href":"https:\/\/manofacto31.com\/index.php?rest_route=\/wp\/v2\/pages"}],"about":[{"href":"https:\/\/manofacto31.com\/index.php?rest_route=\/wp\/v2\/types\/page"}],"author":[{"embeddable":true,"href":"https:\/\/manofacto31.com\/index.php?rest_route=\/wp\/v2\/users\/5"}],"replies":[{"embeddable":true,"href":"https:\/\/manofacto31.com\/index.php?rest_route=%2Fwp%2Fv2%2Fcomments&post=3692"}],"version-history":[{"count":1,"href":"https:\/\/manofacto31.com\/index.php?rest_route=\/wp\/v2\/pages\/3692\/revisions"}],"predecessor-version":[{"id":3697,"href":"https:\/\/manofacto31.com\/index.php?rest_route=\/wp\/v2\/pages\/3692\/revisions\/3697"}],"up":[{"embeddable":true,"href":"https:\/\/manofacto31.com\/index.php?rest_route=\/wp\/v2\/pages\/44"}],"wp:attachment":[{"href":"https:\/\/manofacto31.com\/index.php?rest_route=%2Fwp%2Fv2%2Fmedia&parent=3692"}],"curies":[{"name":"wp","href":"https:\/\/api.w.org\/{rel}","templated":true}]}}