{"id":3768,"date":"2024-03-26T10:55:55","date_gmt":"2024-03-26T10:55:55","guid":{"rendered":"https:\/\/manofacto31.com\/?page_id=3768"},"modified":"2025-11-23T09:56:53","modified_gmt":"2025-11-23T09:56:53","slug":"bourgeon-bavard","status":"publish","type":"page","link":"https:\/\/manofacto31.com\/?page_id=3768","title":{"rendered":"Bourgeon BAVARD"},"content":{"rendered":"\r\n<div class=\"wp-block-image\">\r\n<figure class=\"aligncenter is-resized\"><img loading=\"lazy\" decoding=\"async\" class=\"alignnone wp-image-3758\" src=\"https:\/\/manofacto31.com\/wp-content\/uploads\/2024\/03\/photo-jeux-de-main-1-scaled.jpg\" alt=\"\" width=\"579\" height=\"839\" \/><\/figure>\r\n<\/div>\r\n\r\n\r\n\r\n<p><strong>QUI ES-TU ?<\/strong><\/p>\r\n\r\n\r\n\r\n<p>C\u00e9cile, toulousaine de naissance (et oui!! on est pas si nombreux!! \ud83d\ude09 ) et cr\u00e9atrice de la marque<br \/>Bourgeon Bavard. Je suis mari\u00e9e et j&rsquo;ai un chat nomm\u00e9 Moucmouc : vous viendrez me demander d&rsquo;o\u00f9<br \/>vient ce nom \ud83d\ude09<\/p>\r\n\r\n\r\n\r\n<p><strong> TON PARCOURS<\/strong><\/p>\r\n\r\n\r\n\r\n<p>J&rsquo;ai d\u00e9but\u00e9 mon activit\u00e9 il y a deux ans. Mais avant \u00e7a, j&rsquo;ai \u00e9t\u00e9 prof de cirque puis animatrice en EHPAD.<br \/>Et le nom \u00ab Bourgeon Bavard \u00bb vient du fait que chacune de mes fleurs est bavarde, (autant que moi<br \/>para\u00eet-il &#8230;), elles racontent toutes une histoire particuli\u00e8re et unique&#8230;<\/p>\r\n\r\n\r\n\r\n\r\n\r\n<p><strong> QUE FABRIQUES-TU ?<\/strong><br \/><br \/><\/p>\r\n<p>Je cr\u00e9ais des fleurs \u00e9co-responsables \u00e0 partir de papier upcycl\u00e9 (BD, partitions musicales, mangas,<br \/>romans, cartes routi\u00e8res, affiches&#8230;). Chacune d&rsquo;entre elles est une pi\u00e8ce unique, originale et faite \u00e0 la<br \/>main \u00e0 Toulouse.<br \/>Mon objectif est de donner une seconde vie \u00e0 certains documents que l&rsquo;on va me donner ou bien que je<br \/>vais chiner (vide grenier, Emma\u00fcs, La Glanerie&#8230;). Je vais \u00e9galement chiner les vases\/bouteilles\/contenants<\/p>\r\n<p>que j\u2019utilise pour composer mes bouquets.<br \/>Je vais \u00e9galement composer des bouquets en ajoutant un peu de fleurs s\u00e9ch\u00e9es \u00e0 mes fleurs de papiers.<br \/>L\u00e0 encore, chaque composition sera unique.<br \/>J\u2019utilise plusieurs techniques de pliage et de collage afin de cr\u00e9er diff\u00e9rents mod\u00e8les de fleurs : la rose, le lys,<br \/>s\u2019inspirant de la nature et un troisi\u00e8me mod\u00e8le beaucoup plus graphique. Les tiges sont en bois naturel s\u00e9ch\u00e9 par<br \/>mes soins : glycine ou rosier grimpant.<\/p>\r\n<div class=\"wp-block-image\">\r\n<figure class=\"aligncenter is-resized\"><img loading=\"lazy\" decoding=\"async\" class=\"alignnone wp-image-3759 \" src=\"https:\/\/manofacto31.com\/wp-content\/uploads\/2024\/03\/moucmouc.jpg\" alt=\"\" width=\"628\" height=\"1207\" \/><\/figure>\r\n<\/div>\r\n\r\n\r\n\r\n<p><strong>SI TU \u00c9TAIS UNE DE TES CR\u00c9ATIONS LAQUELLE SERAIS-TU ?<\/strong><br \/>Une rose en roman (particuli\u00e8rement bavarde celle-l\u00e0!;) )<\/p>\r\n\r\n\r\n\r\n<p><strong>3 CHOSES QUE TU AIMES, 3 CHOSES QUE TU N\u2019AIMES PAS ?<\/strong><\/p>\r\n\r\n\r\n\r\n<p>J&rsquo;aime La bi\u00e8re, l&rsquo;odeur de la pluie en \u00e9t\u00e9 et les grasses matin\u00e9es.<br \/>Je n&rsquo;aime pas le froid, les yaourts \u00e0 la fraise et la compta.<\/p>\r\n\r\n\r\n\r\n<p><strong>QUEL EST TON MANTRA, TA CITATION PR\u00c9F\u00c9R\u00c9E ?<\/strong><\/p>\r\n\r\n\r\n\r\n<p>\u00ab Si un bureau encombr\u00e9 \u00e9voque un esprit encombr\u00e9, alors que penser d&rsquo;un<br \/>bureau vide? \u00bb Albert Einstein<br \/>Un moyen de justifier mon cot\u00e9 bazar\/cr\u00e9atif ?!<\/p>\r\n\r\n\r\n\r\n\r\n\r\n<p><strong>O\u00d9 TE TROUVE-T-ON (\u00c0 PART MANO FACTO) ?<\/strong><\/p>\r\n<p>Boutique de cr\u00e9ateurs \u00ab A deux pas d&rsquo;ici \u00bb \u00e0 Saint Sulpice La Pointe (81)<br \/>Boutique de cr\u00e9ateurs \u00ab Le Menestral \u00bb \u00e0 Grenade<br \/>March\u00e9s de cr\u00e9ateurs ponctuels dans Toulouse et aux alentours de Toulouse<br \/>Sur rdv \u00e0 mon atelier \u00e0 Toulouse.<br \/>Sur Internet:<br \/><a href=\"https:\/\/www.facebook.com\/bourgeonbavard\">https:\/\/www.facebook.com\/bourgeonbavard<\/a><br \/><a href=\"https:\/\/www.instagram.com\/bourgeon_bavard\/\">https:\/\/www.instagram.com\/bourgeon_bavard\/<\/a><\/p>\r\n\r\n\r\n\r\n<p>&nbsp;<\/p>\r\n","protected":false},"excerpt":{"rendered":"<p>QUI ES-TU ? C\u00e9cile, toulousaine de naissance (et oui!! on est pas si nombreux!! \ud83d\ude09 ) et cr\u00e9atrice de la marqueBourgeon Bavard. Je suis mari\u00e9e et j&rsquo;ai un chat nomm\u00e9 Moucmouc : vous viendrez me demander d&rsquo;o\u00f9vient ce nom \ud83d\ude09 &hellip; <a class=\"more-link\" href=\"https:\/\/manofacto31.com\/?page_id=3768\">Lire la suite <span class=\"meta-nav\">&rarr;<\/span><\/a><\/p>\n","protected":false},"author":5,"featured_media":0,"parent":46,"menu_order":0,"comment_status":"closed","ping_status":"open","template":"","meta":{"saved_in_kubio":true,"footnotes":""},"class_list":["post-3768","page","type-page","status-publish","hentry"],"kubio_ai_page_context":{"short_desc":"","purpose":"general"},"_links":{"self":[{"href":"https:\/\/manofacto31.com\/index.php?rest_route=\/wp\/v2\/pages\/3768","targetHints":{"allow":["GET"]}}],"collection":[{"href":"https:\/\/manofacto31.com\/index.php?rest_route=\/wp\/v2\/pages"}],"about":[{"href":"https:\/\/manofacto31.com\/index.php?rest_route=\/wp\/v2\/types\/page"}],"author":[{"embeddable":true,"href":"https:\/\/manofacto31.com\/index.php?rest_route=\/wp\/v2\/users\/5"}],"replies":[{"embeddable":true,"href":"https:\/\/manofacto31.com\/index.php?rest_route=%2Fwp%2Fv2%2Fcomments&post=3768"}],"version-history":[{"count":2,"href":"https:\/\/manofacto31.com\/index.php?rest_route=\/wp\/v2\/pages\/3768\/revisions"}],"predecessor-version":[{"id":3877,"href":"https:\/\/manofacto31.com\/index.php?rest_route=\/wp\/v2\/pages\/3768\/revisions\/3877"}],"up":[{"embeddable":true,"href":"https:\/\/manofacto31.com\/index.php?rest_route=\/wp\/v2\/pages\/46"}],"wp:attachment":[{"href":"https:\/\/manofacto31.com\/index.php?rest_route=%2Fwp%2Fv2%2Fmedia&parent=3768"}],"curies":[{"name":"wp","href":"https:\/\/api.w.org\/{rel}","templated":true}]}}