{"id":476,"date":"2015-12-02T08:51:05","date_gmt":"2015-12-02T08:51:05","guid":{"rendered":"http:\/\/manofacto31.com\/?page_id=476"},"modified":"2025-11-23T10:40:53","modified_gmt":"2025-11-23T10:40:53","slug":"fabienne-morelli","status":"publish","type":"page","link":"https:\/\/manofacto31.com\/?page_id=476","title":{"rendered":"Fabienne Morelli"},"content":{"rendered":"\r\n<div class=\"wp-block-image\">\r\n<figure class=\"aligncenter is-resized\"><img loading=\"lazy\" decoding=\"async\" class=\"aligncenter wp-image-3496\" src=\"https:\/\/manofacto31.com\/wp-content\/uploads\/2022\/02\/IMG_20210510_164048__01-186x300.jpg\" alt=\"\" width=\"450\" height=\"727\" srcset=\"https:\/\/manofacto31.com\/wp-content\/uploads\/2022\/02\/IMG_20210510_164048__01-186x300.jpg 186w, https:\/\/manofacto31.com\/wp-content\/uploads\/2022\/02\/IMG_20210510_164048__01-634x1024.jpg 634w, https:\/\/manofacto31.com\/wp-content\/uploads\/2022\/02\/IMG_20210510_164048__01-768x1241.jpg 768w, https:\/\/manofacto31.com\/wp-content\/uploads\/2022\/02\/IMG_20210510_164048__01-951x1536.jpg 951w, https:\/\/manofacto31.com\/wp-content\/uploads\/2022\/02\/IMG_20210510_164048__01-1268x2048.jpg 1268w, https:\/\/manofacto31.com\/wp-content\/uploads\/2022\/02\/IMG_20210510_164048__01-600x969.jpg 600w, https:\/\/manofacto31.com\/wp-content\/uploads\/2022\/02\/IMG_20210510_164048__01-scaled.jpg 1584w\" sizes=\"(max-width: 450px) 100vw, 450px\" \/><\/figure>\r\n<\/div>\r\n\r\n\r\n\r\n<p><strong>QUI ES-TU ?<\/strong><\/p>\r\n\r\n\r\n\r\n<p>Fabienne Morelli vit et travaille la plus part du temps \u00e0 Toulouse, ou elle a cr\u00e9\u00e9 l&rsquo;atelier du \u00ab Graphomane \u00bb, atelier de reliure, restauration de livres, illustration photo-graphique et objets d\u00e9co. De temps en temps il lui arrive de s&rsquo;\u00e9chapper ailleurs.<\/p>\r\n\r\n\r\n\r\n<p><strong>TON PARCOURS<\/strong><\/p>\r\n\r\n\r\n\r\n<p>De formation initiale en arts plastiques et histoire de l\u2019art, il a toujours \u00e9t\u00e9 primordial pour elle de conserver une pratique artistique. Apr\u00e8s avoir travaill\u00e9 dans diff\u00e9rents domaines parfois loin de ses centres d\u2019int\u00e9r\u00eats, son d\u00e9sir de revenir \u00e0 une activit\u00e9 manuelle, au travail concret de la mati\u00e8re, li\u00e9 \u00e0 une attirance pour le papier et les livres l&rsquo;a pouss\u00e9e en 2006 \u00e0 faire un stage d\u2019initiation \u00e0 la reliure. \u00c7a n&rsquo;est qu\u2019en 2008 qu&rsquo;elle a eu la possibilit\u00e9 de suivre une formation compl\u00e8te qui s\u2019est achev\u00e9e en juin 2009 avec l\u2019obtention du CAP Arts de la reliure. En octobre 2009 elle a cr\u00e9\u00e9 sa petite entreprise de reliure artisanale et a install\u00e9 un atelier \u00e0 son domicile. Depuis 2016 l\u2019atelier Le graphomane c\u2019est install\u00e9 au 25 bis boulevard Matabiau \u00e0 Toulouse, un local professionnel partag\u00e9 avec 3 artistes.<\/p>\r\n\r\n\r\n\r\n<div class=\"wp-block-image\">\r\n<figure class=\"aligncenter is-resized\"><img decoding=\"async\" class=\"wp-image-2823 aligncenter\" src=\"https:\/\/manofacto31.com\/wp-content\/uploads\/2021\/03\/fabienne-1-818x1024.jpg\" alt=\"\" width=\"550\" srcset=\"https:\/\/manofacto31.com\/wp-content\/uploads\/2021\/03\/fabienne-1-818x1024.jpg 818w, https:\/\/manofacto31.com\/wp-content\/uploads\/2021\/03\/fabienne-1-600x751.jpg 600w, https:\/\/manofacto31.com\/wp-content\/uploads\/2021\/03\/fabienne-1-240x300.jpg 240w, https:\/\/manofacto31.com\/wp-content\/uploads\/2021\/03\/fabienne-1-768x961.jpg 768w, https:\/\/manofacto31.com\/wp-content\/uploads\/2021\/03\/fabienne-1-scaled.jpg 2046w\" sizes=\"(max-width: 818px) 100vw, 818px\" \/><\/figure>\r\n<\/div>\r\n\r\n\r\n\r\n<p><strong>QUE FABRIQUES-TU ?<\/strong><\/p>\r\n\r\n\r\n\r\n<p>Fabienne fabrique pour la vente des objets, carnets, cahiers ou livres d&rsquo;or aux d\u00e9cors originaux : s\u00e9rigraphies ou cyanotypes de reproduction artisanale tir\u00e9s d&rsquo;apr\u00e8s ses photos ou dessins les couvrent. Elle d\u00e9cline aussi ses images en tirages encadr\u00e9s ou mont\u00e9s sur abats-jour. L&rsquo;atelier travaille sur commande pour les services \u00ab classiques \u00bb du m\u00e9tier : reliure de livres en demi-toile jusqu\u2019\u00e0 la reliure plus luxueuse en peau ou \u00e0 d\u00e9cors, reliure d\u2019archives et p\u00e9riodiques, et restauration de livres anciens.<\/p>\r\n\r\n\r\n\r\n<p><strong>QUELLES SONT TES SOURCES D\u2019INSPIRATION ?<\/strong><\/p>\r\n\r\n\r\n\r\n<p>Les techniques possibles, l&rsquo;observation de n&rsquo;importe quoi, la lumi\u00e8re, les gens, l&rsquo;art sous toutes ses formes.<\/p>\r\n\r\n\r\n\r\n<p><strong>SI TU \u00c9TAIS UNE DE TES CR\u00c9ATIONS LAQUELLE SERAIS-TU ?<\/strong><\/p>\r\n\r\n\r\n\r\n<p>Un cyanotype en suspension<\/p>\r\n\r\n\r\n\r\n<p><strong>CHOSES QUE TU AIMES, CHOSES QUE TU N\u2019AIMES PAS ?<\/strong><\/p>\r\n\r\n\r\n\r\n<p>L&rsquo;exp\u00e9rimentation<br \/>La r\u00e9p\u00e9tition<\/p>\r\n\r\n\r\n\r\n<p><strong>QUEL EST TON MANTRA, TA CITATION PR\u00c9F\u00c9R\u00c9E ?<\/strong><\/p>\r\n\r\n\r\n\r\n<p>\u00ab\u00a0Je me suis trouv\u00e9e l\u00e0\u00a0\u00bb (Brigitte Fontaine)<\/p>\r\n\r\n\r\n\r\n<div class=\"wp-block-image\">\r\n<figure class=\"aligncenter is-resized\"><img loading=\"lazy\" decoding=\"async\" class=\"aligncenter wp-image-3497\" src=\"https:\/\/manofacto31.com\/wp-content\/uploads\/2022\/02\/IMG_20210510_164833__01__01-201x300.jpg\" alt=\"\" width=\"450\" height=\"671\" srcset=\"https:\/\/manofacto31.com\/wp-content\/uploads\/2022\/02\/IMG_20210510_164833__01__01-201x300.jpg 201w, https:\/\/manofacto31.com\/wp-content\/uploads\/2022\/02\/IMG_20210510_164833__01__01-687x1024.jpg 687w, https:\/\/manofacto31.com\/wp-content\/uploads\/2022\/02\/IMG_20210510_164833__01__01-768x1145.jpg 768w, https:\/\/manofacto31.com\/wp-content\/uploads\/2022\/02\/IMG_20210510_164833__01__01-1030x1536.jpg 1030w, https:\/\/manofacto31.com\/wp-content\/uploads\/2022\/02\/IMG_20210510_164833__01__01-1374x2048.jpg 1374w, https:\/\/manofacto31.com\/wp-content\/uploads\/2022\/02\/IMG_20210510_164833__01__01-600x894.jpg 600w, https:\/\/manofacto31.com\/wp-content\/uploads\/2022\/02\/IMG_20210510_164833__01__01-scaled.jpg 1717w\" sizes=\"(max-width: 450px) 100vw, 450px\" \/><\/figure>\r\n<\/div>\r\n\r\n\r\n\r\n<p><strong>O\u00d9 TE TROUVE-T-ON (\u00c0 PART MANO FACTO) ?<\/strong><\/p>\r\n\r\n\r\n\r\n<p>Vous trouverez les cr\u00e9ations de l&rsquo;atelier du Graphomane \u00e0 la boutique \u00ab L&rsquo;hirondelle \u00bb \u00e0 Lisle sur Tarn, et sur rendez-vous \u00e0 l&rsquo;atelier 25 bis boulevard Matabiau.<br \/><a href=\"https:\/\/graphomane.jimdofree.com\/?fbclid=IwAR0mzYmGp4wpR3-rLZCYhNe-hon9OYA-kdTsryKtksSN4B17gWrH2MWjJ84\" target=\"_blank\" rel=\"noreferrer noopener\" aria-label=\"Site internet (s\u2019ouvre dans un nouvel onglet)\">Site internet<\/a><br \/><a href=\"https:\/\/www.facebook.com\/graphomane\" target=\"_blank\" rel=\"noreferrer noopener\" aria-label=\"Facebook (s\u2019ouvre dans un nouvel onglet)\">Facebook<\/a><br \/><a href=\"https:\/\/www.instagram.com\/legraphomane\/\" target=\"_blank\" rel=\"noreferrer noopener\" aria-label=\"Instagram (s\u2019ouvre dans un nouvel onglet)\">Instagram<\/a><\/p>\r\n","protected":false},"excerpt":{"rendered":"<p>QUI ES-TU ? Fabienne Morelli vit et travaille la plus part du temps \u00e0 Toulouse, ou elle a cr\u00e9\u00e9 l&rsquo;atelier du \u00ab Graphomane \u00bb, atelier de reliure, restauration de livres, illustration photo-graphique et objets d\u00e9co. De temps en temps il &hellip; <a class=\"more-link\" href=\"https:\/\/manofacto31.com\/?page_id=476\">Lire la suite <span class=\"meta-nav\">&rarr;<\/span><\/a><\/p>\n","protected":false},"author":5,"featured_media":0,"parent":56,"menu_order":0,"comment_status":"closed","ping_status":"closed","template":"","meta":{"saved_in_kubio":true,"footnotes":""},"class_list":["post-476","page","type-page","status-publish","hentry"],"kubio_ai_page_context":{"short_desc":"","purpose":"general"},"_links":{"self":[{"href":"https:\/\/manofacto31.com\/index.php?rest_route=\/wp\/v2\/pages\/476","targetHints":{"allow":["GET"]}}],"collection":[{"href":"https:\/\/manofacto31.com\/index.php?rest_route=\/wp\/v2\/pages"}],"about":[{"href":"https:\/\/manofacto31.com\/index.php?rest_route=\/wp\/v2\/types\/page"}],"author":[{"embeddable":true,"href":"https:\/\/manofacto31.com\/index.php?rest_route=\/wp\/v2\/users\/5"}],"replies":[{"embeddable":true,"href":"https:\/\/manofacto31.com\/index.php?rest_route=%2Fwp%2Fv2%2Fcomments&post=476"}],"version-history":[{"count":22,"href":"https:\/\/manofacto31.com\/index.php?rest_route=\/wp\/v2\/pages\/476\/revisions"}],"predecessor-version":[{"id":3498,"href":"https:\/\/manofacto31.com\/index.php?rest_route=\/wp\/v2\/pages\/476\/revisions\/3498"}],"up":[{"embeddable":true,"href":"https:\/\/manofacto31.com\/index.php?rest_route=\/wp\/v2\/pages\/56"}],"wp:attachment":[{"href":"https:\/\/manofacto31.com\/index.php?rest_route=%2Fwp%2Fv2%2Fmedia&parent=476"}],"curies":[{"name":"wp","href":"https:\/\/api.w.org\/{rel}","templated":true}]}}