{"id":2926,"date":"2021-04-08T19:10:32","date_gmt":"2021-04-08T19:10:32","guid":{"rendered":"https:\/\/manofacto31.com\/?post_type=product&#038;p=2926"},"modified":"2021-05-03T14:53:12","modified_gmt":"2021-05-03T14:53:12","slug":"baladeuse-textile-pampina-by-maya","status":"publish","type":"product","link":"https:\/\/manofacto31.com\/?product=baladeuse-textile-pampina-by-maya","title":{"rendered":"Lampe baladeuse textile (Pampina by Maya)"},"content":{"rendered":"<p><img loading=\"lazy\" decoding=\"async\" class=\"alignnone size-full wp-image-2927\" src=\"https:\/\/manofacto31.com\/wp-content\/uploads\/2021\/04\/Maya-1.jpg\" alt=\"\" width=\"750\" height=\"1000\" srcset=\"https:\/\/manofacto31.com\/wp-content\/uploads\/2021\/04\/Maya-1.jpg 750w, https:\/\/manofacto31.com\/wp-content\/uploads\/2021\/04\/Maya-1-600x800.jpg 600w, https:\/\/manofacto31.com\/wp-content\/uploads\/2021\/04\/Maya-1-225x300.jpg 225w\" sizes=\"(max-width: 750px) 100vw, 750px\" \/><\/p>\n","protected":false},"excerpt":{"rendered":"<p>Lampe baladeuse fabriqu\u00e9e \u00e0 Deyme (31)<\/p>\n<p>Cette lampe baladeuse feuilles rouge ros\u00e9e a \u00e9t\u00e9 enti\u00e8rement imagin\u00e9 puis cousu par mes soins.<br \/>\nComme son nom l&rsquo;indique c&rsquo;est une lampe baladeuse, elle s&rsquo;adaptera donc tr\u00e8s facilement aux diff\u00e9rentes pi\u00e8ces de la maison et diffusera une douce lumi\u00e8re d&rsquo;ambiance.<\/p>\n<p>La baladeuse se compose de tissus 100% coton, de rembourrage polyester et de fils en polyester.<br \/>\nLes feuilles mesurent 18cm de large x 21cm de haut.<\/p>\n<p>Le cordon \u00e9lectrique (fiche technique du c\u00e2ble \/ FRRTX 300\/300V 2&#215;0,75 \/ CEI 20-20 CEI 20-35 RoHS \/ Diam\u00e8tre: 6,2 mm 2&#215;0,75) se compose d&rsquo;un c\u00e2ble textile en coton mesurant 1m80 de long, d&rsquo;une douille (culot E14 \/ maxi 42W), d&rsquo;un interrupteur bipolaire (dimensions: 6&#215;2,5 cm, H 1,5 cm) et d&rsquo;une fiche blanche en thermoplastique. Ampoule led fournie.<br \/>\nTout le mat\u00e9riel \u00e9lectrique est fabriqu\u00e9 en Italie et conforme \u00e0 toutes les r\u00e9glementations de s\u00e9curit\u00e9 europ\u00e9ennes: Luminaire classe II 220-240V. <a class=\"more-link\" href=\"https:\/\/manofacto31.com\/?product=baladeuse-textile-pampina-by-maya\">Lire la suite <span class=\"meta-nav\">&rarr;<\/span><\/a><\/p>\n","protected":false},"featured_media":2927,"comment_status":"closed","ping_status":"closed","template":"","meta":{"saved_in_kubio":false},"product_brand":[],"product_cat":[45,72,46,73],"product_tag":[],"class_list":{"0":"post-2926","1":"product","2":"type-product","3":"status-publish","4":"has-post-thumbnail","6":"product_cat-deco","7":"product_cat-luminaires","8":"product_cat-pampina-by-maya","9":"product_cat-univers-enfant","11":"first","12":"instock","13":"shipping-taxable","14":"purchasable","15":"product-type-simple"},"_links":{"self":[{"href":"https:\/\/manofacto31.com\/index.php?rest_route=\/wp\/v2\/product\/2926","targetHints":{"allow":["GET"]}}],"collection":[{"href":"https:\/\/manofacto31.com\/index.php?rest_route=\/wp\/v2\/product"}],"about":[{"href":"https:\/\/manofacto31.com\/index.php?rest_route=\/wp\/v2\/types\/product"}],"replies":[{"embeddable":true,"href":"https:\/\/manofacto31.com\/index.php?rest_route=%2Fwp%2Fv2%2Fcomments&post=2926"}],"wp:featuredmedia":[{"embeddable":true,"href":"https:\/\/manofacto31.com\/index.php?rest_route=\/wp\/v2\/media\/2927"}],"wp:attachment":[{"href":"https:\/\/manofacto31.com\/index.php?rest_route=%2Fwp%2Fv2%2Fmedia&parent=2926"}],"wp:term":[{"taxonomy":"product_brand","embeddable":true,"href":"https:\/\/manofacto31.com\/index.php?rest_route=%2Fwp%2Fv2%2Fproduct_brand&post=2926"},{"taxonomy":"product_cat","embeddable":true,"href":"https:\/\/manofacto31.com\/index.php?rest_route=%2Fwp%2Fv2%2Fproduct_cat&post=2926"},{"taxonomy":"product_tag","embeddable":true,"href":"https:\/\/manofacto31.com\/index.php?rest_route=%2Fwp%2Fv2%2Fproduct_tag&post=2926"}],"curies":[{"name":"wp","href":"https:\/\/api.w.org\/{rel}","templated":true}]}}