{"id":2933,"date":"2021-04-08T19:19:39","date_gmt":"2021-04-08T19:19:39","guid":{"rendered":"https:\/\/manofacto31.com\/?post_type=product&#038;p=2933"},"modified":"2021-06-17T16:54:04","modified_gmt":"2021-06-17T16:54:04","slug":"boite-en-merisier-stroebus","status":"publish","type":"product","link":"https:\/\/manofacto31.com\/?product=boite-en-merisier-stroebus","title":{"rendered":"Assiette en bois de cerisier  (Stroebus)"},"content":{"rendered":"<div id=\"attachment_3096\" style=\"width: 190px\" class=\"wp-caption alignnone\"><img loading=\"lazy\" decoding=\"async\" aria-describedby=\"caption-attachment-3096\" class=\"wp-image-3096 size-thumbnail\" src=\"https:\/\/manofacto31.com\/wp-content\/uploads\/2021\/04\/Simon02-25Ecerisier-180x135.jpg\" alt=\"\" width=\"180\" height=\"135\" \/><p id=\"caption-attachment-3096\" class=\"wp-caption-text\">cof<\/p><\/div>\n","protected":false},"excerpt":{"rendered":"<p>Assiette<br \/>\nFabriqu\u00e9e en Ari\u00e8ge \u00e0 partir de bois locaux, r\u00e9cup\u00e9ration d\u2019\u00e9lagage, chaque assiette a ses propres formes, couleurs et dimensions en fonction de leur essences et de leurs \u00abd\u00e9fauts\u00bb. Cr\u00e9\u00e9e pour un usage quotidien, elle ravira petits et grands, amoureux des mat\u00e9riaux nobles. Finition naturelle \u00e0 l\u2019huile de tournesol.<br \/>\nUn petit entretien \u00e0 l\u2019huile et chiffon est n\u00e9cessaire, particuli\u00e8rement au d\u00e9but.<\/p>\n<p>Diam\u00e8tre: 21cm<br \/>\nL\u00e9ger rebord <a class=\"more-link\" href=\"https:\/\/manofacto31.com\/?product=boite-en-merisier-stroebus\">Lire la suite <span class=\"meta-nav\">&rarr;<\/span><\/a><\/p>\n","protected":false},"featured_media":3096,"comment_status":"closed","ping_status":"closed","template":"","meta":{"saved_in_kubio":false},"product_brand":[],"product_cat":[67,45,47],"product_tag":[],"class_list":{"0":"post-2933","1":"product","2":"type-product","3":"status-publish","4":"has-post-thumbnail","6":"product_cat-arts-de-la-table","7":"product_cat-deco","8":"product_cat-stroebus","10":"first","11":"instock","12":"shipping-taxable","13":"purchasable","14":"product-type-simple"},"_links":{"self":[{"href":"https:\/\/manofacto31.com\/index.php?rest_route=\/wp\/v2\/product\/2933","targetHints":{"allow":["GET"]}}],"collection":[{"href":"https:\/\/manofacto31.com\/index.php?rest_route=\/wp\/v2\/product"}],"about":[{"href":"https:\/\/manofacto31.com\/index.php?rest_route=\/wp\/v2\/types\/product"}],"replies":[{"embeddable":true,"href":"https:\/\/manofacto31.com\/index.php?rest_route=%2Fwp%2Fv2%2Fcomments&post=2933"}],"wp:featuredmedia":[{"embeddable":true,"href":"https:\/\/manofacto31.com\/index.php?rest_route=\/wp\/v2\/media\/3096"}],"wp:attachment":[{"href":"https:\/\/manofacto31.com\/index.php?rest_route=%2Fwp%2Fv2%2Fmedia&parent=2933"}],"wp:term":[{"taxonomy":"product_brand","embeddable":true,"href":"https:\/\/manofacto31.com\/index.php?rest_route=%2Fwp%2Fv2%2Fproduct_brand&post=2933"},{"taxonomy":"product_cat","embeddable":true,"href":"https:\/\/manofacto31.com\/index.php?rest_route=%2Fwp%2Fv2%2Fproduct_cat&post=2933"},{"taxonomy":"product_tag","embeddable":true,"href":"https:\/\/manofacto31.com\/index.php?rest_route=%2Fwp%2Fv2%2Fproduct_tag&post=2933"}],"curies":[{"name":"wp","href":"https:\/\/api.w.org\/{rel}","templated":true}]}}