{"id":2988,"date":"2021-04-09T16:11:05","date_gmt":"2021-04-09T16:11:05","guid":{"rendered":"https:\/\/manofacto31.com\/?post_type=product&#038;p=2988"},"modified":"2021-06-23T15:56:42","modified_gmt":"2021-06-23T15:56:42","slug":"boucles-doreille-paul-robillard","status":"publish","type":"product","link":"https:\/\/manofacto31.com\/?product=boucles-doreille-paul-robillard","title":{"rendered":"Boucles d&rsquo;oreille (Paul Robillard)"},"content":{"rendered":"<p><img loading=\"lazy\" decoding=\"async\" class=\"alignnone size-full wp-image-2982\" src=\"https:\/\/manofacto31.com\/wp-content\/uploads\/2021\/04\/Paul-1.jpg\" alt=\"\" width=\"750\" height=\"1000\" srcset=\"https:\/\/manofacto31.com\/wp-content\/uploads\/2021\/04\/Paul-1.jpg 750w, https:\/\/manofacto31.com\/wp-content\/uploads\/2021\/04\/Paul-1-225x300.jpg 225w, https:\/\/manofacto31.com\/wp-content\/uploads\/2021\/04\/Paul-1-600x800.jpg 600w\" sizes=\"(max-width: 750px) 100vw, 750px\" \/><\/p>\n","protected":false},"excerpt":{"rendered":"<p>Boucles d\u2019oreilles fabriqu\u00e9es \u00e0 Toulouse avec du bois de ch\u00eane vert et du laiton recycl\u00e9.<br \/>\nCrochet en acier chirurgical<br \/>\nFinition \u00e0 l\u2019huile<br \/>\nDiam\u00e8tre 35mm<\/p>\n<p> <a class=\"more-link\" href=\"https:\/\/manofacto31.com\/?product=boucles-doreille-paul-robillard\">Lire la suite <span class=\"meta-nav\">&rarr;<\/span><\/a><\/p>\n","protected":false},"featured_media":2982,"comment_status":"closed","ping_status":"closed","template":"","meta":{"saved_in_kubio":false},"product_brand":[],"product_cat":[50,55],"product_tag":[],"class_list":{"0":"post-2988","1":"product","2":"type-product","3":"status-publish","4":"has-post-thumbnail","6":"product_cat-bijoux","7":"product_cat-paul-robillard","9":"first","10":"outofstock","11":"shipping-taxable","12":"purchasable","13":"product-type-simple"},"_links":{"self":[{"href":"https:\/\/manofacto31.com\/index.php?rest_route=\/wp\/v2\/product\/2988","targetHints":{"allow":["GET"]}}],"collection":[{"href":"https:\/\/manofacto31.com\/index.php?rest_route=\/wp\/v2\/product"}],"about":[{"href":"https:\/\/manofacto31.com\/index.php?rest_route=\/wp\/v2\/types\/product"}],"replies":[{"embeddable":true,"href":"https:\/\/manofacto31.com\/index.php?rest_route=%2Fwp%2Fv2%2Fcomments&post=2988"}],"wp:featuredmedia":[{"embeddable":true,"href":"https:\/\/manofacto31.com\/index.php?rest_route=\/wp\/v2\/media\/2982"}],"wp:attachment":[{"href":"https:\/\/manofacto31.com\/index.php?rest_route=%2Fwp%2Fv2%2Fmedia&parent=2988"}],"wp:term":[{"taxonomy":"product_brand","embeddable":true,"href":"https:\/\/manofacto31.com\/index.php?rest_route=%2Fwp%2Fv2%2Fproduct_brand&post=2988"},{"taxonomy":"product_cat","embeddable":true,"href":"https:\/\/manofacto31.com\/index.php?rest_route=%2Fwp%2Fv2%2Fproduct_cat&post=2988"},{"taxonomy":"product_tag","embeddable":true,"href":"https:\/\/manofacto31.com\/index.php?rest_route=%2Fwp%2Fv2%2Fproduct_tag&post=2988"}],"curies":[{"name":"wp","href":"https:\/\/api.w.org\/{rel}","templated":true}]}}