{"id":2994,"date":"2021-04-09T16:27:06","date_gmt":"2021-04-09T16:27:06","guid":{"rendered":"https:\/\/manofacto31.com\/?post_type=product&#038;p=2994"},"modified":"2021-06-30T10:56:32","modified_gmt":"2021-06-30T10:56:32","slug":"fleur-en-laine-feutre-titlaine","status":"publish","type":"product","link":"https:\/\/manofacto31.com\/?product=fleur-en-laine-feutre-titlaine","title":{"rendered":"Fleur en laine feutr\u00e9 (Titlaine)"},"content":{"rendered":"<p><img loading=\"lazy\" decoding=\"async\" class=\"alignnone size-full wp-image-2970\" src=\"https:\/\/manofacto31.com\/wp-content\/uploads\/2021\/04\/Helene-1.jpg\" alt=\"\" width=\"750\" height=\"1000\" srcset=\"https:\/\/manofacto31.com\/wp-content\/uploads\/2021\/04\/Helene-1.jpg 750w, https:\/\/manofacto31.com\/wp-content\/uploads\/2021\/04\/Helene-1-225x300.jpg 225w, https:\/\/manofacto31.com\/wp-content\/uploads\/2021\/04\/Helene-1-600x800.jpg 600w\" sizes=\"(max-width: 750px) 100vw, 750px\" \/><\/p>\n","protected":false},"excerpt":{"rendered":"<p>Fleur de laine feutr\u00e9e<br \/>\nForme arum mauve <\/p>\n<p>Laine naturelle feutr\u00e9e \u00e0 la main avec tige en acier galvanis\u00e9<\/p>\n<p>Fleur \u00e9ternelle d\u00e9corative, \u00e0 poser ou entortiller ou mettre dans un vase (sans eau)<br \/>\nVous pouvez vaporiser dessus quelques gouttes d\u2019huiles essentielles ou de parfum.<\/p>\n<p>Entretien: taper \u00e0 l&rsquo;ext\u00e9rieur pour d\u00e9poussi\u00e9rer.<br \/>\nEn cas de t\u00e2che passer sous l&rsquo;eau ti\u00e8de tapoter \u00e0 l&rsquo;\u00e9ponge et savon, ne pas mettre en machine ni s\u00e8che linge.<\/p>\n<p>Titlaine est feutri\u00e8re, avec de belles laines m\u00e9rinos OEKOTEX, de l\u2019eau chaude du savon et beaucoup de patience, elle obtient une mati\u00e8re r\u00e9sistante, \u00e9cologique, durable et tr\u00e8s facile d\u2019entretien.<\/p>\n<p>Frais de port \t\u20ac2,50<br \/>\n <a class=\"more-link\" href=\"https:\/\/manofacto31.com\/?product=fleur-en-laine-feutre-titlaine\">Lire la suite <span class=\"meta-nav\">&rarr;<\/span><\/a><\/p>\n","protected":false},"featured_media":2970,"comment_status":"closed","ping_status":"closed","template":"","meta":{"saved_in_kubio":false},"product_brand":[],"product_cat":[57,45,64],"product_tag":[],"class_list":{"0":"post-2994","1":"product","2":"type-product","3":"status-publish","4":"has-post-thumbnail","6":"product_cat-accessoires-textiles","7":"product_cat-deco","8":"product_cat-titlaine","10":"first","11":"instock","12":"shipping-taxable","13":"purchasable","14":"product-type-simple"},"_links":{"self":[{"href":"https:\/\/manofacto31.com\/index.php?rest_route=\/wp\/v2\/product\/2994","targetHints":{"allow":["GET"]}}],"collection":[{"href":"https:\/\/manofacto31.com\/index.php?rest_route=\/wp\/v2\/product"}],"about":[{"href":"https:\/\/manofacto31.com\/index.php?rest_route=\/wp\/v2\/types\/product"}],"replies":[{"embeddable":true,"href":"https:\/\/manofacto31.com\/index.php?rest_route=%2Fwp%2Fv2%2Fcomments&post=2994"}],"wp:featuredmedia":[{"embeddable":true,"href":"https:\/\/manofacto31.com\/index.php?rest_route=\/wp\/v2\/media\/2970"}],"wp:attachment":[{"href":"https:\/\/manofacto31.com\/index.php?rest_route=%2Fwp%2Fv2%2Fmedia&parent=2994"}],"wp:term":[{"taxonomy":"product_brand","embeddable":true,"href":"https:\/\/manofacto31.com\/index.php?rest_route=%2Fwp%2Fv2%2Fproduct_brand&post=2994"},{"taxonomy":"product_cat","embeddable":true,"href":"https:\/\/manofacto31.com\/index.php?rest_route=%2Fwp%2Fv2%2Fproduct_cat&post=2994"},{"taxonomy":"product_tag","embeddable":true,"href":"https:\/\/manofacto31.com\/index.php?rest_route=%2Fwp%2Fv2%2Fproduct_tag&post=2994"}],"curies":[{"name":"wp","href":"https:\/\/api.w.org\/{rel}","templated":true}]}}