{"id":3012,"date":"2021-04-10T12:27:48","date_gmt":"2021-04-10T12:27:48","guid":{"rendered":"https:\/\/manofacto31.com\/?post_type=product&#038;p=3012"},"modified":"2021-06-17T18:07:16","modified_gmt":"2021-06-17T18:07:16","slug":"lampe-le-graphomane","status":"publish","type":"product","link":"https:\/\/manofacto31.com\/?product=lampe-le-graphomane","title":{"rendered":"Lampe (Le Graphomane)"},"content":{"rendered":"<p><img loading=\"lazy\" decoding=\"async\" class=\"alignnone size-thumbnail wp-image-2967\" src=\"https:\/\/manofacto31.com\/wp-content\/uploads\/2021\/04\/Fabienne-2-180x135.jpg\" alt=\"\" width=\"180\" height=\"135\" \/><\/p>\n<p>&nbsp;<\/p>\n","protected":false},"excerpt":{"rendered":"<p>Lampe Fleur de mur 1 petit mod\u00e8le<br \/>\nFabriqu\u00e9e \u00e0 Toulouse  en petite s\u00e9rie.<br \/>\nAbat-jour : tirage cyanotype original sur papier de Chine<br \/>\n20 x 10 cm<br \/>\nPied bois et laiton 13cm<br \/>\nHauteur totale : 35 cm<\/p>\n<p>Abat-jour papier contrecoll\u00e9 sur polyphane pied bois mesris\u00e9 finition huile naturelle<\/p>\n<p>Photo \u00ab Fleurs de mur \u00bb prise dans les rues de Toulouse.<br \/>\nLe cyanotype est un proc\u00e9d\u00e9 photographique ancien et artisanal, qui fait de chaque tirage une pi\u00e8ce toujours diff\u00e9rente. <a class=\"more-link\" href=\"https:\/\/manofacto31.com\/?product=lampe-le-graphomane\">Lire la suite <span class=\"meta-nav\">&rarr;<\/span><\/a><\/p>\n","protected":false},"featured_media":2967,"comment_status":"closed","ping_status":"closed","template":"","meta":{"saved_in_kubio":false},"product_brand":[],"product_cat":[45,61,72],"product_tag":[],"class_list":{"0":"post-3012","1":"product","2":"type-product","3":"status-publish","4":"has-post-thumbnail","6":"product_cat-deco","7":"product_cat-le-graphomane","8":"product_cat-luminaires","10":"first","11":"instock","12":"shipping-taxable","13":"purchasable","14":"product-type-simple"},"_links":{"self":[{"href":"https:\/\/manofacto31.com\/index.php?rest_route=\/wp\/v2\/product\/3012","targetHints":{"allow":["GET"]}}],"collection":[{"href":"https:\/\/manofacto31.com\/index.php?rest_route=\/wp\/v2\/product"}],"about":[{"href":"https:\/\/manofacto31.com\/index.php?rest_route=\/wp\/v2\/types\/product"}],"replies":[{"embeddable":true,"href":"https:\/\/manofacto31.com\/index.php?rest_route=%2Fwp%2Fv2%2Fcomments&post=3012"}],"wp:featuredmedia":[{"embeddable":true,"href":"https:\/\/manofacto31.com\/index.php?rest_route=\/wp\/v2\/media\/2967"}],"wp:attachment":[{"href":"https:\/\/manofacto31.com\/index.php?rest_route=%2Fwp%2Fv2%2Fmedia&parent=3012"}],"wp:term":[{"taxonomy":"product_brand","embeddable":true,"href":"https:\/\/manofacto31.com\/index.php?rest_route=%2Fwp%2Fv2%2Fproduct_brand&post=3012"},{"taxonomy":"product_cat","embeddable":true,"href":"https:\/\/manofacto31.com\/index.php?rest_route=%2Fwp%2Fv2%2Fproduct_cat&post=3012"},{"taxonomy":"product_tag","embeddable":true,"href":"https:\/\/manofacto31.com\/index.php?rest_route=%2Fwp%2Fv2%2Fproduct_tag&post=3012"}],"curies":[{"name":"wp","href":"https:\/\/api.w.org\/{rel}","templated":true}]}}