{"id":3019,"date":"2021-04-10T19:41:10","date_gmt":"2021-04-10T19:41:10","guid":{"rendered":"https:\/\/manofacto31.com\/?post_type=product&#038;p=3019"},"modified":"2021-06-17T16:40:30","modified_gmt":"2021-06-17T16:40:30","slug":"poupee-pampina-by-maya","status":"publish","type":"product","link":"https:\/\/manofacto31.com\/?product=poupee-pampina-by-maya","title":{"rendered":"Poup\u00e9e (Pampina by Maya)"},"content":{"rendered":"<p><img loading=\"lazy\" decoding=\"async\" class=\"alignnone size-thumbnail wp-image-2979\" src=\"https:\/\/manofacto31.com\/wp-content\/uploads\/2021\/04\/Maya-2-180x135.jpg\" alt=\"\" width=\"180\" height=\"135\" \/><\/p>\n","protected":false},"excerpt":{"rendered":"<p>Poup\u00e9e fabriqu\u00e9e \u00e0 Deyme (31)<\/p>\n<p>COMPOSITION\u00a0: La poup\u00e9e se compose de tissus en pur coton, d&rsquo;un rembourrage polyester, id\u00e9al pour les allergies et de fils\/laines en coton et polyester.<br \/>\nDIMENSIONS: 23cm de haut, n\u0153ud inclus x 21cm de large x 6cm d\u2019\u00e9paisseur.<br \/>\nCOLORIS\u00a0: jaune \u00e0 motifs (possibilit\u00e9 d\u2019autres couleurs via commande).<\/p>\n<p>Cette poup\u00e9e a \u00e9t\u00e9 enti\u00e8rement fabriqu\u00e9e par mes soins. La pampina ou poup\u00e9e Waldorf de son vrai nom, est la premi\u00e8re cr\u00e9ation que j\u2019ai r\u00e9alis\u00e9e. Elle est issue de la p\u00e9dagogie de Rudolf Steiner. L\u2019attention et la minutie que je lui porte (pr\u00e8s de 3h de travail) enrichissent la poup\u00e9e en vue de stimuler l\u2019imaginaire de l\u2019enfant. Ses formes, seulement sugg\u00e9r\u00e9es, \u00ab\u00a0n\u2019enferment pas l\u2019imagination dans des contours pr\u00e9cis. L\u2019enfant aura ainsi int\u00e9rieurement une vie bien plus active qu\u2019avec une pr\u00e9tendue belle poup\u00e9e aux contours rigides et achev\u00e9s\u00a0\u00bb (R. Steiner).<\/p>\n<p>A NOTER:<\/p>\n<p>Ceci n&rsquo;est pas un jouet mais un objet de d\u00e9coration (Normes CE sur les jouets non test\u00e9es). Ne pas donner \u00e0 un enfant de moins de 36 mois sans la surveillance d&rsquo;un adulte.<\/p>\n<p>ENTRETIEN:\u2028Lavable en machine jusqu\u2019\u00e0 30\u00b0 programme d\u00e9licat. Essayer de la mettre \u00e0 laver envelopp\u00e9e dans une taie d\u2019oreiller et avec du linge de maison pour ne pas l\u2019abimer. Laissez s\u00e9cher \u00e0 l\u2019air libre.<\/p>\n<p>REPASSAGE: Utiliser un d\u00e9froisseur vapeur si le corps ou la coiffe sont froiss\u00e9s.<br \/>\n <a class=\"more-link\" href=\"https:\/\/manofacto31.com\/?product=poupee-pampina-by-maya\">Lire la suite <span class=\"meta-nav\">&rarr;<\/span><\/a><\/p>\n","protected":false},"featured_media":2979,"comment_status":"closed","ping_status":"closed","template":"","meta":{"saved_in_kubio":false},"product_brand":[],"product_cat":[57,46,73],"product_tag":[],"class_list":{"0":"post-3019","1":"product","2":"type-product","3":"status-publish","4":"has-post-thumbnail","6":"product_cat-accessoires-textiles","7":"product_cat-pampina-by-maya","8":"product_cat-univers-enfant","10":"first","11":"instock","12":"shipping-taxable","13":"purchasable","14":"product-type-simple"},"_links":{"self":[{"href":"https:\/\/manofacto31.com\/index.php?rest_route=\/wp\/v2\/product\/3019","targetHints":{"allow":["GET"]}}],"collection":[{"href":"https:\/\/manofacto31.com\/index.php?rest_route=\/wp\/v2\/product"}],"about":[{"href":"https:\/\/manofacto31.com\/index.php?rest_route=\/wp\/v2\/types\/product"}],"replies":[{"embeddable":true,"href":"https:\/\/manofacto31.com\/index.php?rest_route=%2Fwp%2Fv2%2Fcomments&post=3019"}],"wp:featuredmedia":[{"embeddable":true,"href":"https:\/\/manofacto31.com\/index.php?rest_route=\/wp\/v2\/media\/2979"}],"wp:attachment":[{"href":"https:\/\/manofacto31.com\/index.php?rest_route=%2Fwp%2Fv2%2Fmedia&parent=3019"}],"wp:term":[{"taxonomy":"product_brand","embeddable":true,"href":"https:\/\/manofacto31.com\/index.php?rest_route=%2Fwp%2Fv2%2Fproduct_brand&post=3019"},{"taxonomy":"product_cat","embeddable":true,"href":"https:\/\/manofacto31.com\/index.php?rest_route=%2Fwp%2Fv2%2Fproduct_cat&post=3019"},{"taxonomy":"product_tag","embeddable":true,"href":"https:\/\/manofacto31.com\/index.php?rest_route=%2Fwp%2Fv2%2Fproduct_tag&post=3019"}],"curies":[{"name":"wp","href":"https:\/\/api.w.org\/{rel}","templated":true}]}}