{"id":3024,"date":"2021-04-10T19:59:24","date_gmt":"2021-04-10T19:59:24","guid":{"rendered":"https:\/\/manofacto31.com\/?post_type=product&#038;p=3024"},"modified":"2021-06-17T16:51:01","modified_gmt":"2021-06-17T16:51:01","slug":"torchon-serigraphie-maiwenn-dagan","status":"publish","type":"product","link":"https:\/\/manofacto31.com\/?product=torchon-serigraphie-maiwenn-dagan","title":{"rendered":"Torchon s\u00e9rigraphi\u00e9 (Ma\u00efwenn Dagan)"},"content":{"rendered":"<p><img loading=\"lazy\" decoding=\"async\" class=\"alignnone size-thumbnail wp-image-2976\" src=\"https:\/\/manofacto31.com\/wp-content\/uploads\/2021\/04\/Maiwenn-11-180x135.jpg\" alt=\"\" width=\"180\" height=\"135\" \/><\/p>\n","protected":false},"excerpt":{"rendered":"<div class=\"yiv1943773123\">Torchon serigraphi\u00e9<\/div>\n<div><\/div>\n<div class=\"yiv1943773123\">\n<div class=\"yiv1943773123\">Taille environ 50&#215;70 cm<\/div>\n<div class=\"yiv1943773123\">Tissus recycl\u00e9s, achet\u00e9s hors du circuit traditionnel de consommation (Magasin deuxi\u00e8me main- drap ancien). Soign\u00e9, d\u00e9coupe et s\u00e9rigraphie par mes soins \u00e0 Toulouse.<\/div>\n<div class=\"yiv1943773123\">Ces objets du quotidien, coresponsable, font le lien entre le pass\u00e9 et notre pr\u00e9sent.<\/div>\n<div class=\"yiv1943773123\">Se lave en machine 30-40\u00b0<\/div>\n<div class=\"yiv1943773123\">Fait pour vivre !<\/div>\n<div class=\"yiv1943773123\"><\/div>\n<div class=\"yiv1943773123\">\n<div class=\"yiv1943773123\">\n <a class=\"more-link\" href=\"https:\/\/manofacto31.com\/?product=torchon-serigraphie-maiwenn-dagan\">Lire la suite <span class=\"meta-nav\">&rarr;<\/span><\/a><\/p>\n","protected":false},"featured_media":2976,"comment_status":"closed","ping_status":"closed","template":"","meta":{"saved_in_kubio":false},"product_brand":[],"product_cat":[67,54],"product_tag":[],"class_list":{"0":"post-3024","1":"product","2":"type-product","3":"status-publish","4":"has-post-thumbnail","6":"product_cat-arts-de-la-table","7":"product_cat-maiwenn-dagan","9":"first","10":"instock","11":"shipping-taxable","12":"purchasable","13":"product-type-simple"},"_links":{"self":[{"href":"https:\/\/manofacto31.com\/index.php?rest_route=\/wp\/v2\/product\/3024","targetHints":{"allow":["GET"]}}],"collection":[{"href":"https:\/\/manofacto31.com\/index.php?rest_route=\/wp\/v2\/product"}],"about":[{"href":"https:\/\/manofacto31.com\/index.php?rest_route=\/wp\/v2\/types\/product"}],"replies":[{"embeddable":true,"href":"https:\/\/manofacto31.com\/index.php?rest_route=%2Fwp%2Fv2%2Fcomments&post=3024"}],"wp:featuredmedia":[{"embeddable":true,"href":"https:\/\/manofacto31.com\/index.php?rest_route=\/wp\/v2\/media\/2976"}],"wp:attachment":[{"href":"https:\/\/manofacto31.com\/index.php?rest_route=%2Fwp%2Fv2%2Fmedia&parent=3024"}],"wp:term":[{"taxonomy":"product_brand","embeddable":true,"href":"https:\/\/manofacto31.com\/index.php?rest_route=%2Fwp%2Fv2%2Fproduct_brand&post=3024"},{"taxonomy":"product_cat","embeddable":true,"href":"https:\/\/manofacto31.com\/index.php?rest_route=%2Fwp%2Fv2%2Fproduct_cat&post=3024"},{"taxonomy":"product_tag","embeddable":true,"href":"https:\/\/manofacto31.com\/index.php?rest_route=%2Fwp%2Fv2%2Fproduct_tag&post=3024"}],"curies":[{"name":"wp","href":"https:\/\/api.w.org\/{rel}","templated":true}]}}