{"id":3025,"date":"2021-04-10T20:04:58","date_gmt":"2021-04-10T20:04:58","guid":{"rendered":"https:\/\/manofacto31.com\/?post_type=product&#038;p=3025"},"modified":"2021-07-27T13:29:19","modified_gmt":"2021-07-27T13:29:19","slug":"robe-imprimee-eveliina-laitinen","status":"publish","type":"product","link":"https:\/\/manofacto31.com\/?product=robe-imprimee-eveliina-laitinen","title":{"rendered":"Robe imprim\u00e9e (Eveliina Laitinen)"},"content":{"rendered":"<p><img loading=\"lazy\" decoding=\"async\" class=\"alignnone size-thumbnail wp-image-2964\" src=\"https:\/\/manofacto31.com\/wp-content\/uploads\/2021\/04\/Eveliina-1-180x135.jpg\" alt=\"\" width=\"180\" height=\"135\" \/><\/p>\n","protected":false},"excerpt":{"rendered":"<p>ROBE<\/p>\n<p>Fabriqu\u00e9e \u00e0 Toulouse (illustration, design textile &amp; conception de la robe)<br \/>\nDesign textile par Eela Laitinen<br \/>\nCoton biologique, imprim\u00e9 en Allemagne par Spoonflower en s\u00e9rie tr\u00e8s limit\u00e9e<br \/>\nTaille flexible 36-40, ajustable gr\u00e2ce \u00e0 une ceinture.<br \/>\nLongueur de la robe environ 95cm<\/p>\n<p>Frais de port 6,50\u20ac <a class=\"more-link\" href=\"https:\/\/manofacto31.com\/?product=robe-imprimee-eveliina-laitinen\">Lire la suite <span class=\"meta-nav\">&rarr;<\/span><\/a><\/p>\n","protected":false},"featured_media":3390,"comment_status":"closed","ping_status":"closed","template":"","meta":{"saved_in_kubio":false},"product_brand":[],"product_cat":[63,68],"product_tag":[],"class_list":{"0":"post-3025","1":"product","2":"type-product","3":"status-publish","4":"has-post-thumbnail","6":"product_cat-eveliina-laitinen","7":"product_cat-pret-a-porter","9":"first","10":"instock","11":"shipping-taxable","12":"purchasable","13":"product-type-simple"},"_links":{"self":[{"href":"https:\/\/manofacto31.com\/index.php?rest_route=\/wp\/v2\/product\/3025","targetHints":{"allow":["GET"]}}],"collection":[{"href":"https:\/\/manofacto31.com\/index.php?rest_route=\/wp\/v2\/product"}],"about":[{"href":"https:\/\/manofacto31.com\/index.php?rest_route=\/wp\/v2\/types\/product"}],"replies":[{"embeddable":true,"href":"https:\/\/manofacto31.com\/index.php?rest_route=%2Fwp%2Fv2%2Fcomments&post=3025"}],"wp:featuredmedia":[{"embeddable":true,"href":"https:\/\/manofacto31.com\/index.php?rest_route=\/wp\/v2\/media\/3390"}],"wp:attachment":[{"href":"https:\/\/manofacto31.com\/index.php?rest_route=%2Fwp%2Fv2%2Fmedia&parent=3025"}],"wp:term":[{"taxonomy":"product_brand","embeddable":true,"href":"https:\/\/manofacto31.com\/index.php?rest_route=%2Fwp%2Fv2%2Fproduct_brand&post=3025"},{"taxonomy":"product_cat","embeddable":true,"href":"https:\/\/manofacto31.com\/index.php?rest_route=%2Fwp%2Fv2%2Fproduct_cat&post=3025"},{"taxonomy":"product_tag","embeddable":true,"href":"https:\/\/manofacto31.com\/index.php?rest_route=%2Fwp%2Fv2%2Fproduct_tag&post=3025"}],"curies":[{"name":"wp","href":"https:\/\/api.w.org\/{rel}","templated":true}]}}