{"id":3026,"date":"2021-04-10T20:11:10","date_gmt":"2021-04-10T20:11:10","guid":{"rendered":"https:\/\/manofacto31.com\/?post_type=product&#038;p=3026"},"modified":"2021-07-28T16:24:50","modified_gmt":"2021-07-28T16:24:50","slug":"savon-feutre-titlaine","status":"publish","type":"product","link":"https:\/\/manofacto31.com\/?product=savon-feutre-titlaine","title":{"rendered":"Savon feutr\u00e9 (Titlaine)"},"content":{"rendered":"","protected":false},"excerpt":{"rendered":"<p>Savon artisanal<br \/>\nRecouvert de laine feutr\u00e9e vert anis avec des motifs tropicaux<\/p>\n<p>Savon saponifi\u00e9 \u00e0 froid huiles de coco, d\u2019olive et karit\u00e9, sans aucun produit chimique.<br \/>\nVous pouvez vous en servir comme savon \u00e9ponge, pour les petits lavages ou douches exfoliantes<\/p>\n<p>A la 1\u00e8re utilisation, presser sous l\u2019eau pour que la mousse arrive,<br \/>\nlavez-vous comme avec un gant de toilette et laissez s\u00e9cher \u00e0 l\u2019air libre<br \/>\nLa laine \u00e9tant anti-bact\u00e9rienne il n&rsquo;y aura pas de moisissure.\u00a0\u00bb<\/p>\n<p>Titlaine est feutri\u00e8re, avec de belles laines m\u00e9rinos OEKOTEX, de l\u2019eau chaude du savon et beaucoup de patience, elle obtient une mati\u00e8re r\u00e9sistante, \u00e9cologique, durable et tr\u00e8s facile d\u2019entretien.<\/p>\n<p>Frais de port \u20ac2,50 <a class=\"more-link\" href=\"https:\/\/manofacto31.com\/?product=savon-feutre-titlaine\">Lire la suite <span class=\"meta-nav\">&rarr;<\/span><\/a><\/p>\n","protected":false},"featured_media":3378,"comment_status":"closed","ping_status":"closed","template":"","meta":{"saved_in_kubio":false},"product_brand":[],"product_cat":[64],"product_tag":[],"class_list":{"0":"post-3026","1":"product","2":"type-product","3":"status-publish","4":"has-post-thumbnail","6":"product_cat-titlaine","8":"first","9":"outofstock","10":"shipping-taxable","11":"purchasable","12":"product-type-simple"},"_links":{"self":[{"href":"https:\/\/manofacto31.com\/index.php?rest_route=\/wp\/v2\/product\/3026","targetHints":{"allow":["GET"]}}],"collection":[{"href":"https:\/\/manofacto31.com\/index.php?rest_route=\/wp\/v2\/product"}],"about":[{"href":"https:\/\/manofacto31.com\/index.php?rest_route=\/wp\/v2\/types\/product"}],"replies":[{"embeddable":true,"href":"https:\/\/manofacto31.com\/index.php?rest_route=%2Fwp%2Fv2%2Fcomments&post=3026"}],"wp:featuredmedia":[{"embeddable":true,"href":"https:\/\/manofacto31.com\/index.php?rest_route=\/wp\/v2\/media\/3378"}],"wp:attachment":[{"href":"https:\/\/manofacto31.com\/index.php?rest_route=%2Fwp%2Fv2%2Fmedia&parent=3026"}],"wp:term":[{"taxonomy":"product_brand","embeddable":true,"href":"https:\/\/manofacto31.com\/index.php?rest_route=%2Fwp%2Fv2%2Fproduct_brand&post=3026"},{"taxonomy":"product_cat","embeddable":true,"href":"https:\/\/manofacto31.com\/index.php?rest_route=%2Fwp%2Fv2%2Fproduct_cat&post=3026"},{"taxonomy":"product_tag","embeddable":true,"href":"https:\/\/manofacto31.com\/index.php?rest_route=%2Fwp%2Fv2%2Fproduct_tag&post=3026"}],"curies":[{"name":"wp","href":"https:\/\/api.w.org\/{rel}","templated":true}]}}