{"id":3028,"date":"2021-04-10T20:23:14","date_gmt":"2021-04-10T20:23:14","guid":{"rendered":"https:\/\/manofacto31.com\/?post_type=product&#038;p=3028"},"modified":"2021-06-17T16:39:07","modified_gmt":"2021-06-17T16:39:07","slug":"porte-monnaie-devi-butterfly","status":"publish","type":"product","link":"https:\/\/manofacto31.com\/?product=porte-monnaie-devi-butterfly","title":{"rendered":"Porte-monnaie (&#8230;Devi Butterfly)"},"content":{"rendered":"","protected":false},"excerpt":{"rendered":"<p>Porte-monnaie r\u00e9tro, tr\u00e8s actuel<br \/>\nType clic-clac<br \/>\nFabriqu\u00e9, cousu main et machine \u00a0\u00e0 Toulouse<\/p>\n<p>Convient tr\u00e8s bien comme porte-monnaie, porte carte (type CB) ou \u00e9crin \u00e0 petits secrets.<\/p>\n<p>Fermoir m\u00e9tallique ouvrag\u00e9 couleur bronze<br \/>\nTissu de coton noir imprim\u00e9 fleurs<\/p>\n<p>Doublure coton assortie<\/p>\n<p>Lavable en machine \u00e0 30\u00b0<br \/>\n <a class=\"more-link\" href=\"https:\/\/manofacto31.com\/?product=porte-monnaie-devi-butterfly\">Lire la suite <span class=\"meta-nav\">&rarr;<\/span><\/a><\/p>\n","protected":false},"featured_media":3358,"comment_status":"closed","ping_status":"closed","template":"","meta":{"saved_in_kubio":false},"product_brand":[],"product_cat":[69,57],"product_tag":[],"class_list":{"0":"post-3028","1":"product","2":"type-product","3":"status-publish","4":"has-post-thumbnail","6":"product_cat-devi-butterfly","7":"product_cat-accessoires-textiles","9":"first","10":"instock","11":"shipping-taxable","12":"purchasable","13":"product-type-simple"},"_links":{"self":[{"href":"https:\/\/manofacto31.com\/index.php?rest_route=\/wp\/v2\/product\/3028","targetHints":{"allow":["GET"]}}],"collection":[{"href":"https:\/\/manofacto31.com\/index.php?rest_route=\/wp\/v2\/product"}],"about":[{"href":"https:\/\/manofacto31.com\/index.php?rest_route=\/wp\/v2\/types\/product"}],"replies":[{"embeddable":true,"href":"https:\/\/manofacto31.com\/index.php?rest_route=%2Fwp%2Fv2%2Fcomments&post=3028"}],"wp:featuredmedia":[{"embeddable":true,"href":"https:\/\/manofacto31.com\/index.php?rest_route=\/wp\/v2\/media\/3358"}],"wp:attachment":[{"href":"https:\/\/manofacto31.com\/index.php?rest_route=%2Fwp%2Fv2%2Fmedia&parent=3028"}],"wp:term":[{"taxonomy":"product_brand","embeddable":true,"href":"https:\/\/manofacto31.com\/index.php?rest_route=%2Fwp%2Fv2%2Fproduct_brand&post=3028"},{"taxonomy":"product_cat","embeddable":true,"href":"https:\/\/manofacto31.com\/index.php?rest_route=%2Fwp%2Fv2%2Fproduct_cat&post=3028"},{"taxonomy":"product_tag","embeddable":true,"href":"https:\/\/manofacto31.com\/index.php?rest_route=%2Fwp%2Fv2%2Fproduct_tag&post=3028"}],"curies":[{"name":"wp","href":"https:\/\/api.w.org\/{rel}","templated":true}]}}