{"id":3029,"date":"2021-04-10T20:30:26","date_gmt":"2021-04-10T20:30:26","guid":{"rendered":"https:\/\/manofacto31.com\/?post_type=product&#038;p=3029"},"modified":"2021-06-17T16:36:03","modified_gmt":"2021-06-17T16:36:03","slug":"sac-devi-butterfly","status":"publish","type":"product","link":"https:\/\/manofacto31.com\/?product=sac-devi-butterfly","title":{"rendered":"Sac \u00e0 main (&#8230;Devi Butterfly)"},"content":{"rendered":"<p><img loading=\"lazy\" decoding=\"async\" class=\"alignnone size-thumbnail wp-image-2960\" src=\"https:\/\/manofacto31.com\/wp-content\/uploads\/2021\/04\/Christelle-2-180x135.jpg\" alt=\"\" width=\"180\" height=\"135\" \/><\/p>\n","protected":false},"excerpt":{"rendered":"<p>Sac \u00e0 main r\u00e9tro<br \/>\nFabriqu\u00e9 \u00e0 Toulouse<\/p>\n<p>Convient tr\u00e8s bien comme sac \u00e0 main, comme pochette pour les soir\u00e9es et les c\u00e9r\u00e9monies.<\/p>\n<p>Fermoir m\u00e9tallique ouvrag\u00e9 couleur bronze (20cm de long)<br \/>\nTissu de coton noir avec petites fleurs vert \u00e9meraude<br \/>\nDoublure coton assortie, deux poches int\u00e9rieures<br \/>\nMuni d\u2019une cha\u00eene m\u00e9tallique de 120cm de long, couleur bronze, avec attaches amovibles.<\/p>\n<p>Dimensions\u00a0: 24cm (fond du sac), 14cm de haut, 4cm de profondeur<\/p>\n<p> <a class=\"more-link\" href=\"https:\/\/manofacto31.com\/?product=sac-devi-butterfly\">Lire la suite <span class=\"meta-nav\">&rarr;<\/span><\/a><\/p>\n","protected":false},"featured_media":2960,"comment_status":"closed","ping_status":"closed","template":"","meta":{"saved_in_kubio":false},"product_brand":[],"product_cat":[69,57],"product_tag":[],"class_list":{"0":"post-3029","1":"product","2":"type-product","3":"status-publish","4":"has-post-thumbnail","6":"product_cat-devi-butterfly","7":"product_cat-accessoires-textiles","9":"first","10":"instock","11":"shipping-taxable","12":"purchasable","13":"product-type-simple"},"_links":{"self":[{"href":"https:\/\/manofacto31.com\/index.php?rest_route=\/wp\/v2\/product\/3029","targetHints":{"allow":["GET"]}}],"collection":[{"href":"https:\/\/manofacto31.com\/index.php?rest_route=\/wp\/v2\/product"}],"about":[{"href":"https:\/\/manofacto31.com\/index.php?rest_route=\/wp\/v2\/types\/product"}],"replies":[{"embeddable":true,"href":"https:\/\/manofacto31.com\/index.php?rest_route=%2Fwp%2Fv2%2Fcomments&post=3029"}],"wp:featuredmedia":[{"embeddable":true,"href":"https:\/\/manofacto31.com\/index.php?rest_route=\/wp\/v2\/media\/2960"}],"wp:attachment":[{"href":"https:\/\/manofacto31.com\/index.php?rest_route=%2Fwp%2Fv2%2Fmedia&parent=3029"}],"wp:term":[{"taxonomy":"product_brand","embeddable":true,"href":"https:\/\/manofacto31.com\/index.php?rest_route=%2Fwp%2Fv2%2Fproduct_brand&post=3029"},{"taxonomy":"product_cat","embeddable":true,"href":"https:\/\/manofacto31.com\/index.php?rest_route=%2Fwp%2Fv2%2Fproduct_cat&post=3029"},{"taxonomy":"product_tag","embeddable":true,"href":"https:\/\/manofacto31.com\/index.php?rest_route=%2Fwp%2Fv2%2Fproduct_tag&post=3029"}],"curies":[{"name":"wp","href":"https:\/\/api.w.org\/{rel}","templated":true}]}}