{"id":3105,"date":"2021-04-14T08:02:29","date_gmt":"2021-04-14T08:02:29","guid":{"rendered":"https:\/\/manofacto31.com\/?post_type=product&#038;p=3105"},"modified":"2021-06-17T16:33:46","modified_gmt":"2021-06-17T16:33:46","slug":"porte-monnaie-devi-butterfly-3","status":"publish","type":"product","link":"https:\/\/manofacto31.com\/?product=porte-monnaie-devi-butterfly-3","title":{"rendered":"Porte-monnaie (&#8230;Devi Butterfly)"},"content":{"rendered":"<div id=\"attachment_3047\" style=\"width: 190px\" class=\"wp-caption alignnone\"><img loading=\"lazy\" decoding=\"async\" aria-describedby=\"caption-attachment-3047\" class=\"wp-image-3047 size-thumbnail\" src=\"https:\/\/manofacto31.com\/wp-content\/uploads\/2021\/04\/Christelle03-22E-180x135.jpg\" alt=\"\" width=\"180\" height=\"135\" \/><p id=\"caption-attachment-3047\" class=\"wp-caption-text\">cof<\/p><\/div>\n","protected":false},"excerpt":{"rendered":"<p>Adorable petit porte-monnaie r\u00e9tro<br \/>\nType clic-clac<br \/>\nFabriqu\u00e9 \u00e0 Toulouse<\/p>\n<p>Convient tr\u00e8s bien comme porte-monnaie, \u00e9crin \u00e0 bijoux, ou \u00e9crin \u00e0 petits secrets.<\/p>\n<p>Fermoir m\u00e9tallique ouvrag\u00e9 couleur bronze<br \/>\nTissu de coton vert flashi \u00e0 pois blancs<br \/>\nDoublure coton assortie<br \/>\nDimensions utiles\u00a0:\u00a0 environ 8,5 x 9,5cm sans les boules de fermetures (1,2cm)<\/p>\n<p>Lavable en machine \u00e0 30\u00b0<br \/>\n <a class=\"more-link\" href=\"https:\/\/manofacto31.com\/?product=porte-monnaie-devi-butterfly-3\">Lire la suite <span class=\"meta-nav\">&rarr;<\/span><\/a><\/p>\n","protected":false},"featured_media":3047,"comment_status":"closed","ping_status":"closed","template":"","meta":{"saved_in_kubio":false},"product_brand":[],"product_cat":[69,57],"product_tag":[],"class_list":{"0":"post-3105","1":"product","2":"type-product","3":"status-publish","4":"has-post-thumbnail","6":"product_cat-devi-butterfly","7":"product_cat-accessoires-textiles","9":"first","10":"instock","11":"shipping-taxable","12":"purchasable","13":"product-type-simple"},"_links":{"self":[{"href":"https:\/\/manofacto31.com\/index.php?rest_route=\/wp\/v2\/product\/3105","targetHints":{"allow":["GET"]}}],"collection":[{"href":"https:\/\/manofacto31.com\/index.php?rest_route=\/wp\/v2\/product"}],"about":[{"href":"https:\/\/manofacto31.com\/index.php?rest_route=\/wp\/v2\/types\/product"}],"replies":[{"embeddable":true,"href":"https:\/\/manofacto31.com\/index.php?rest_route=%2Fwp%2Fv2%2Fcomments&post=3105"}],"wp:featuredmedia":[{"embeddable":true,"href":"https:\/\/manofacto31.com\/index.php?rest_route=\/wp\/v2\/media\/3047"}],"wp:attachment":[{"href":"https:\/\/manofacto31.com\/index.php?rest_route=%2Fwp%2Fv2%2Fmedia&parent=3105"}],"wp:term":[{"taxonomy":"product_brand","embeddable":true,"href":"https:\/\/manofacto31.com\/index.php?rest_route=%2Fwp%2Fv2%2Fproduct_brand&post=3105"},{"taxonomy":"product_cat","embeddable":true,"href":"https:\/\/manofacto31.com\/index.php?rest_route=%2Fwp%2Fv2%2Fproduct_cat&post=3105"},{"taxonomy":"product_tag","embeddable":true,"href":"https:\/\/manofacto31.com\/index.php?rest_route=%2Fwp%2Fv2%2Fproduct_tag&post=3105"}],"curies":[{"name":"wp","href":"https:\/\/api.w.org\/{rel}","templated":true}]}}