{"id":3115,"date":"2021-04-15T08:59:09","date_gmt":"2021-04-15T08:59:09","guid":{"rendered":"https:\/\/manofacto31.com\/?post_type=product&#038;p=3115"},"modified":"2021-06-17T17:55:40","modified_gmt":"2021-06-17T17:55:40","slug":"lampe-en-bois-stroebus","status":"publish","type":"product","link":"https:\/\/manofacto31.com\/?product=lampe-en-bois-stroebus","title":{"rendered":"Lampe en bois (Stroebus)"},"content":{"rendered":"<div id=\"attachment_3095\" style=\"width: 190px\" class=\"wp-caption alignnone\"><img loading=\"lazy\" decoding=\"async\" aria-describedby=\"caption-attachment-3095\" class=\"wp-image-3095 size-thumbnail\" src=\"https:\/\/manofacto31.com\/wp-content\/uploads\/2021\/04\/Simon01-250E-180x135.jpg\" alt=\"\" width=\"180\" height=\"135\" \/><p id=\"caption-attachment-3095\" class=\"wp-caption-text\">cof<\/p><\/div>\n","protected":false},"excerpt":{"rendered":"<p>Lampe<br \/>\nFabriqu\u00e9e en Ari\u00e8ge \u00e0 partir de lattes de plancher mosa\u00efque en Chata\u00eegner, chaque pi\u00e8ce de cette lampe est coup\u00e9e puis assembl\u00e9e avant d\u2019\u00eatre tourn\u00e9e.<br \/>\nElle se compose \u00e9galement de lattes de noyer pour une esth\u00e9tique contrast\u00e9e.<br \/>\nElle cr\u00e9\u00e9 une lumi\u00e8re d\u2019appoint chaleureuse, l\u00e9g\u00e8rement tamis\u00e9e dans une de vos pi\u00e8ces \u00e0 vivre ou dans une chambre. Cette lampe est une pi\u00e8ce unique.<br \/>\nFinition naturelle \u00e0 l\u2019huile de lin. <a class=\"more-link\" href=\"https:\/\/manofacto31.com\/?product=lampe-en-bois-stroebus\">Lire la suite <span class=\"meta-nav\">&rarr;<\/span><\/a><\/p>\n","protected":false},"featured_media":3095,"comment_status":"closed","ping_status":"closed","template":"","meta":{"saved_in_kubio":false},"product_brand":[],"product_cat":[45,72,47],"product_tag":[],"class_list":{"0":"post-3115","1":"product","2":"type-product","3":"status-publish","4":"has-post-thumbnail","6":"product_cat-deco","7":"product_cat-luminaires","8":"product_cat-stroebus","10":"first","11":"instock","12":"shipping-taxable","13":"purchasable","14":"product-type-simple"},"_links":{"self":[{"href":"https:\/\/manofacto31.com\/index.php?rest_route=\/wp\/v2\/product\/3115","targetHints":{"allow":["GET"]}}],"collection":[{"href":"https:\/\/manofacto31.com\/index.php?rest_route=\/wp\/v2\/product"}],"about":[{"href":"https:\/\/manofacto31.com\/index.php?rest_route=\/wp\/v2\/types\/product"}],"replies":[{"embeddable":true,"href":"https:\/\/manofacto31.com\/index.php?rest_route=%2Fwp%2Fv2%2Fcomments&post=3115"}],"wp:featuredmedia":[{"embeddable":true,"href":"https:\/\/manofacto31.com\/index.php?rest_route=\/wp\/v2\/media\/3095"}],"wp:attachment":[{"href":"https:\/\/manofacto31.com\/index.php?rest_route=%2Fwp%2Fv2%2Fmedia&parent=3115"}],"wp:term":[{"taxonomy":"product_brand","embeddable":true,"href":"https:\/\/manofacto31.com\/index.php?rest_route=%2Fwp%2Fv2%2Fproduct_brand&post=3115"},{"taxonomy":"product_cat","embeddable":true,"href":"https:\/\/manofacto31.com\/index.php?rest_route=%2Fwp%2Fv2%2Fproduct_cat&post=3115"},{"taxonomy":"product_tag","embeddable":true,"href":"https:\/\/manofacto31.com\/index.php?rest_route=%2Fwp%2Fv2%2Fproduct_tag&post=3115"}],"curies":[{"name":"wp","href":"https:\/\/api.w.org\/{rel}","templated":true}]}}