{"id":3117,"date":"2021-04-15T09:07:10","date_gmt":"2021-04-15T09:07:10","guid":{"rendered":"https:\/\/manofacto31.com\/?post_type=product&#038;p=3117"},"modified":"2021-06-17T16:55:34","modified_gmt":"2021-06-17T16:55:34","slug":"saladier-en-bois-stroebus","status":"publish","type":"product","link":"https:\/\/manofacto31.com\/?product=saladier-en-bois-stroebus","title":{"rendered":"Saladier en bois (Stroebus)"},"content":{"rendered":"<div id=\"attachment_3097\" style=\"width: 190px\" class=\"wp-caption alignnone\"><img loading=\"lazy\" decoding=\"async\" aria-describedby=\"caption-attachment-3097\" class=\"wp-image-3097 size-thumbnail\" src=\"https:\/\/manofacto31.com\/wp-content\/uploads\/2021\/04\/Simon03-90E-180x135.jpg\" alt=\"\" width=\"180\" height=\"135\" \/><p id=\"caption-attachment-3097\" class=\"wp-caption-text\">cof<\/p><\/div>\n","protected":false},"excerpt":{"rendered":"<p>Saladier<br \/>\nFabriqu\u00e9 en Ari\u00e8ge \u00e0 partir d\u2019un fr\u00eane de mon hameau, ce saladier captivera les amoureux du bois par ses dessins naturels ressemblant \u00e9tonnamment \u00e0 l\u2019olivier.<br \/>\nPour un usage quotidien ou en d\u00e9coration.<br \/>\nFinition naturelle \u00e0 l\u2019huile de tournesol. <a class=\"more-link\" href=\"https:\/\/manofacto31.com\/?product=saladier-en-bois-stroebus\">Lire la suite <span class=\"meta-nav\">&rarr;<\/span><\/a><\/p>\n","protected":false},"featured_media":3097,"comment_status":"closed","ping_status":"closed","template":"","meta":{"saved_in_kubio":false},"product_brand":[],"product_cat":[67,45,47],"product_tag":[],"class_list":{"0":"post-3117","1":"product","2":"type-product","3":"status-publish","4":"has-post-thumbnail","6":"product_cat-arts-de-la-table","7":"product_cat-deco","8":"product_cat-stroebus","10":"first","11":"instock","12":"shipping-taxable","13":"purchasable","14":"product-type-simple"},"_links":{"self":[{"href":"https:\/\/manofacto31.com\/index.php?rest_route=\/wp\/v2\/product\/3117","targetHints":{"allow":["GET"]}}],"collection":[{"href":"https:\/\/manofacto31.com\/index.php?rest_route=\/wp\/v2\/product"}],"about":[{"href":"https:\/\/manofacto31.com\/index.php?rest_route=\/wp\/v2\/types\/product"}],"replies":[{"embeddable":true,"href":"https:\/\/manofacto31.com\/index.php?rest_route=%2Fwp%2Fv2%2Fcomments&post=3117"}],"wp:featuredmedia":[{"embeddable":true,"href":"https:\/\/manofacto31.com\/index.php?rest_route=\/wp\/v2\/media\/3097"}],"wp:attachment":[{"href":"https:\/\/manofacto31.com\/index.php?rest_route=%2Fwp%2Fv2%2Fmedia&parent=3117"}],"wp:term":[{"taxonomy":"product_brand","embeddable":true,"href":"https:\/\/manofacto31.com\/index.php?rest_route=%2Fwp%2Fv2%2Fproduct_brand&post=3117"},{"taxonomy":"product_cat","embeddable":true,"href":"https:\/\/manofacto31.com\/index.php?rest_route=%2Fwp%2Fv2%2Fproduct_cat&post=3117"},{"taxonomy":"product_tag","embeddable":true,"href":"https:\/\/manofacto31.com\/index.php?rest_route=%2Fwp%2Fv2%2Fproduct_tag&post=3117"}],"curies":[{"name":"wp","href":"https:\/\/api.w.org\/{rel}","templated":true}]}}