{"id":3118,"date":"2021-04-15T09:10:56","date_gmt":"2021-04-15T09:10:56","guid":{"rendered":"https:\/\/manofacto31.com\/?post_type=product&#038;p=3118"},"modified":"2021-06-17T17:51:49","modified_gmt":"2021-06-17T17:51:49","slug":"boite-en-merisier-stroebus-2","status":"publish","type":"product","link":"https:\/\/manofacto31.com\/?product=boite-en-merisier-stroebus-2","title":{"rendered":"Bo\u00eete en merisier  (Stroebus)"},"content":{"rendered":"<p><img loading=\"lazy\" decoding=\"async\" class=\"alignnone wp-image-2931 size-thumbnail\" src=\"https:\/\/manofacto31.com\/wp-content\/uploads\/2021\/04\/Simon-1-180x135.jpg\" alt=\"\" width=\"180\" height=\"135\" srcset=\"https:\/\/manofacto31.com\/wp-content\/uploads\/2021\/04\/Simon-1-180x135.jpg 180w, https:\/\/manofacto31.com\/wp-content\/uploads\/2021\/04\/Simon-1-300x225.jpg 300w\" sizes=\"(max-width: 180px) 100vw, 180px\" \/><\/p>\n","protected":false},"excerpt":{"rendered":"<p>Bo\u00eete<br \/>\nFabriqu\u00e9e en Ari\u00e8ge \u00e0 partir de bois locaux, r\u00e9cup\u00e9ration d\u2019\u00e9lagage.<br \/>\nVous pourrez y stocker des plantes ou tout autres ingr\u00e9dients \u00absecs\u00bb.<br \/>\nLe couvercle est en li\u00e8ge, r\u00e9cup\u00e9ration des pots de sels du commerce.<br \/>\nFinition naturelle \u00e0 l\u2019huile de tournesol. <a class=\"more-link\" href=\"https:\/\/manofacto31.com\/?product=boite-en-merisier-stroebus-2\">Lire la suite <span class=\"meta-nav\">&rarr;<\/span><\/a><\/p>\n","protected":false},"featured_media":2931,"comment_status":"closed","ping_status":"closed","template":"","meta":{"saved_in_kubio":false},"product_brand":[],"product_cat":[67,45,47],"product_tag":[],"class_list":{"0":"post-3118","1":"product","2":"type-product","3":"status-publish","4":"has-post-thumbnail","6":"product_cat-arts-de-la-table","7":"product_cat-deco","8":"product_cat-stroebus","10":"first","11":"instock","12":"shipping-taxable","13":"purchasable","14":"product-type-simple"},"_links":{"self":[{"href":"https:\/\/manofacto31.com\/index.php?rest_route=\/wp\/v2\/product\/3118","targetHints":{"allow":["GET"]}}],"collection":[{"href":"https:\/\/manofacto31.com\/index.php?rest_route=\/wp\/v2\/product"}],"about":[{"href":"https:\/\/manofacto31.com\/index.php?rest_route=\/wp\/v2\/types\/product"}],"replies":[{"embeddable":true,"href":"https:\/\/manofacto31.com\/index.php?rest_route=%2Fwp%2Fv2%2Fcomments&post=3118"}],"wp:featuredmedia":[{"embeddable":true,"href":"https:\/\/manofacto31.com\/index.php?rest_route=\/wp\/v2\/media\/2931"}],"wp:attachment":[{"href":"https:\/\/manofacto31.com\/index.php?rest_route=%2Fwp%2Fv2%2Fmedia&parent=3118"}],"wp:term":[{"taxonomy":"product_brand","embeddable":true,"href":"https:\/\/manofacto31.com\/index.php?rest_route=%2Fwp%2Fv2%2Fproduct_brand&post=3118"},{"taxonomy":"product_cat","embeddable":true,"href":"https:\/\/manofacto31.com\/index.php?rest_route=%2Fwp%2Fv2%2Fproduct_cat&post=3118"},{"taxonomy":"product_tag","embeddable":true,"href":"https:\/\/manofacto31.com\/index.php?rest_route=%2Fwp%2Fv2%2Fproduct_tag&post=3118"}],"curies":[{"name":"wp","href":"https:\/\/api.w.org\/{rel}","templated":true}]}}