{"id":3120,"date":"2021-04-15T12:02:48","date_gmt":"2021-04-15T12:02:48","guid":{"rendered":"https:\/\/manofacto31.com\/?post_type=product&#038;p=3120"},"modified":"2021-06-07T17:15:34","modified_gmt":"2021-06-07T17:15:34","slug":"porte-monnaie-fafa-m","status":"publish","type":"product","link":"https:\/\/manofacto31.com\/?product=porte-monnaie-fafa-m","title":{"rendered":"Porte-monnaie (Fafa M)"},"content":{"rendered":"","protected":false},"excerpt":{"rendered":"<p>Porte-monnaie cuir recycl\u00e9<br \/>\nFabriqu\u00e9 \u00e0 Toulouse<br \/>\nMat\u00e9riaux : cuir de ch\u00e8vre recycl\u00e9, cr\u00e9\u00e9 \u00e0 partir de v\u00eatements en cuir d\u00e9j\u00e0 existants, nettoy\u00e9s et nourris de cr\u00e8me d\u2019abeille et transform\u00e9s pour une nouvelle vie!<\/p>\n<p>Mat\u00e9riaux int\u00e9rieurs : pleine fleur de cuir<br \/>\nInt\u00e9rieur : 2 espaces<br \/>\nDimension : 10 x 7 soufflet 2cm<br \/>\nAttache : bouton pression<br \/>\nCouleur : ext\u00e9rieur argent , int\u00e9rieur noir<\/p>\n<p>Descriptif : porte monnaie id\u00e9al petit format , sac, poche de pantalon , espace carte, billet et monnaie. <a class=\"more-link\" href=\"https:\/\/manofacto31.com\/?product=porte-monnaie-fafa-m\">Lire la suite <span class=\"meta-nav\">&rarr;<\/span><\/a><\/p>\n","protected":false},"featured_media":3331,"comment_status":"closed","ping_status":"closed","template":"","meta":{"saved_in_kubio":false},"product_brand":[],"product_cat":[70,71],"product_tag":[],"class_list":{"0":"post-3120","1":"product","2":"type-product","3":"status-publish","4":"has-post-thumbnail","6":"product_cat-fafa-m","7":"product_cat-maroquinerie","9":"first","10":"instock","11":"shipping-taxable","12":"purchasable","13":"product-type-simple"},"_links":{"self":[{"href":"https:\/\/manofacto31.com\/index.php?rest_route=\/wp\/v2\/product\/3120","targetHints":{"allow":["GET"]}}],"collection":[{"href":"https:\/\/manofacto31.com\/index.php?rest_route=\/wp\/v2\/product"}],"about":[{"href":"https:\/\/manofacto31.com\/index.php?rest_route=\/wp\/v2\/types\/product"}],"replies":[{"embeddable":true,"href":"https:\/\/manofacto31.com\/index.php?rest_route=%2Fwp%2Fv2%2Fcomments&post=3120"}],"wp:featuredmedia":[{"embeddable":true,"href":"https:\/\/manofacto31.com\/index.php?rest_route=\/wp\/v2\/media\/3331"}],"wp:attachment":[{"href":"https:\/\/manofacto31.com\/index.php?rest_route=%2Fwp%2Fv2%2Fmedia&parent=3120"}],"wp:term":[{"taxonomy":"product_brand","embeddable":true,"href":"https:\/\/manofacto31.com\/index.php?rest_route=%2Fwp%2Fv2%2Fproduct_brand&post=3120"},{"taxonomy":"product_cat","embeddable":true,"href":"https:\/\/manofacto31.com\/index.php?rest_route=%2Fwp%2Fv2%2Fproduct_cat&post=3120"},{"taxonomy":"product_tag","embeddable":true,"href":"https:\/\/manofacto31.com\/index.php?rest_route=%2Fwp%2Fv2%2Fproduct_tag&post=3120"}],"curies":[{"name":"wp","href":"https:\/\/api.w.org\/{rel}","templated":true}]}}