{"id":3122,"date":"2021-04-15T12:12:29","date_gmt":"2021-04-15T12:12:29","guid":{"rendered":"https:\/\/manofacto31.com\/?post_type=product&#038;p=3122"},"modified":"2021-06-17T16:31:23","modified_gmt":"2021-06-17T16:31:23","slug":"cadre-decoratif-pampina-by-maya","status":"publish","type":"product","link":"https:\/\/manofacto31.com\/?product=cadre-decoratif-pampina-by-maya","title":{"rendered":"Cadre d\u00e9coratif (Pampina by Maya)"},"content":{"rendered":"<p><img loading=\"lazy\" decoding=\"async\" class=\"wp-image-3078 size-thumbnail\" src=\"https:\/\/manofacto31.com\/wp-content\/uploads\/2021\/04\/Maya01-120E-180x135.jpg\" alt=\"\" width=\"180\" height=\"135\" \/><\/p>\n<div id=\"gtx-trans\">\n<div class=\"gtx-trans-icon\"><\/div>\n<\/div>\n","protected":false},"excerpt":{"rendered":"<p>Cadre d\u00e9coratif fabriqu\u00e9 \u00e0 Deyme (31)<br \/>\nPi\u00e8ce unique<\/p>\n<p>COMPOSITION : Ce tableau enfantin se compose d\u2019une caissette en bois (pin) peinte, de bois flott\u00e9s, de tissus en pur coton, de rembourrage polyester et de fils polyester.<\/p>\n<p>COLORIS\u00a0: d\u00e9clinaison de verts<\/p>\n<p>A accrocher au mur ou \u00e0 la porte d\u2019entr\u00e9e \u00e0 l\u2019aide d\u2019une simple pointe, cette petite peinture compos\u00e9e de tissus veillera sur les jeux et sommeils des enfants.<\/p>\n<p>&nbsp; <a class=\"more-link\" href=\"https:\/\/manofacto31.com\/?product=cadre-decoratif-pampina-by-maya\">Lire la suite <span class=\"meta-nav\">&rarr;<\/span><\/a><\/p>\n","protected":false},"featured_media":3078,"comment_status":"closed","ping_status":"closed","template":"","meta":{"saved_in_kubio":false},"product_brand":[],"product_cat":[57,45,46,73],"product_tag":[],"class_list":{"0":"post-3122","1":"product","2":"type-product","3":"status-publish","4":"has-post-thumbnail","6":"product_cat-accessoires-textiles","7":"product_cat-deco","8":"product_cat-pampina-by-maya","9":"product_cat-univers-enfant","11":"first","12":"instock","13":"shipping-taxable","14":"purchasable","15":"product-type-simple"},"_links":{"self":[{"href":"https:\/\/manofacto31.com\/index.php?rest_route=\/wp\/v2\/product\/3122","targetHints":{"allow":["GET"]}}],"collection":[{"href":"https:\/\/manofacto31.com\/index.php?rest_route=\/wp\/v2\/product"}],"about":[{"href":"https:\/\/manofacto31.com\/index.php?rest_route=\/wp\/v2\/types\/product"}],"replies":[{"embeddable":true,"href":"https:\/\/manofacto31.com\/index.php?rest_route=%2Fwp%2Fv2%2Fcomments&post=3122"}],"wp:featuredmedia":[{"embeddable":true,"href":"https:\/\/manofacto31.com\/index.php?rest_route=\/wp\/v2\/media\/3078"}],"wp:attachment":[{"href":"https:\/\/manofacto31.com\/index.php?rest_route=%2Fwp%2Fv2%2Fmedia&parent=3122"}],"wp:term":[{"taxonomy":"product_brand","embeddable":true,"href":"https:\/\/manofacto31.com\/index.php?rest_route=%2Fwp%2Fv2%2Fproduct_brand&post=3122"},{"taxonomy":"product_cat","embeddable":true,"href":"https:\/\/manofacto31.com\/index.php?rest_route=%2Fwp%2Fv2%2Fproduct_cat&post=3122"},{"taxonomy":"product_tag","embeddable":true,"href":"https:\/\/manofacto31.com\/index.php?rest_route=%2Fwp%2Fv2%2Fproduct_tag&post=3122"}],"curies":[{"name":"wp","href":"https:\/\/api.w.org\/{rel}","templated":true}]}}