{"id":3124,"date":"2021-04-15T12:17:24","date_gmt":"2021-04-15T12:17:24","guid":{"rendered":"https:\/\/manofacto31.com\/?post_type=product&#038;p=3124"},"modified":"2021-05-03T14:51:17","modified_gmt":"2021-05-03T14:51:17","slug":"mini-doudou-pampina-by-maya","status":"publish","type":"product","link":"https:\/\/manofacto31.com\/?product=mini-doudou-pampina-by-maya","title":{"rendered":"Mini doudou (Pampina by Maya)"},"content":{"rendered":"<div id=\"attachment_3080\" style=\"width: 190px\" class=\"wp-caption alignnone\"><img loading=\"lazy\" decoding=\"async\" aria-describedby=\"caption-attachment-3080\" class=\"wp-image-3080 size-thumbnail\" src=\"https:\/\/manofacto31.com\/wp-content\/uploads\/2021\/04\/Maya03-14E-180x135.jpg\" alt=\"\" width=\"180\" height=\"135\" \/><p id=\"caption-attachment-3080\" class=\"wp-caption-text\">cof<\/p><\/div>\n","protected":false},"excerpt":{"rendered":"<p>Cette petite poule a \u00e9t\u00e9 fabriqu\u00e9e \u00e0 Deyme (31)<\/p>\n<p>Ce petit animal en tissu a \u00e9t\u00e9 enti\u00e8rement fabriqu\u00e9 par mes soins.<br \/>\nLes minis, comme je les surnomme, sont arriv\u00e9s dans mon travail avec l\u2019envie de cr\u00e9er un bestiaire animal qui accompagne l\u2019enfant dans les histoires qu\u2019il se cr\u00e9e d\u00e8s le berceau.<\/p>\n<p>COMPOSITION: Cette petite b\u00eate se compose de tissus en pur coton, d&rsquo;un rembourrage polyester, id\u00e9al pour les allergies, de fils en polyester. Le motif t\u00eate d\u2019animal est dessin\u00e9 puis s\u00e9rigraphi\u00e9 \u00e0 la main par mes soins avec des encres textiles \u00e9cologiques \u00e0 base d&rsquo;eau.<\/p>\n<p>DIMENSIONS: 9 cm de haut, n\u0153ud inclus x 9,5cm de large x 3,5cm d\u2019\u00e9paisseur, n\u0153ud inclus.<\/p>\n<p>COLORIS\u00a0: rouge, cr\u00e8me et jaune (possibilit\u00e9 d\u2019autres couleurs via commande).<\/p>\n<p>A NOTER: Ceci n&rsquo;est pas un jouet mais un objet de d\u00e9coration (Normes CE sur les jouets non test\u00e9es). Ne pas donner \u00e0 un enfant de moins de 36 mois sans la surveillance d&rsquo;un adulte.<\/p>\n<p>ENTRETIEN: Lavable en machine jusqu\u2019\u00e0 30\u00b0 programme d\u00e9licat. Laissez s\u00e9cher \u00e0 l\u2019air libre.<\/p>\n<p>REPASSAGE: A fer moyen (150\u00b0) ou avec un d\u00e9froisseur vapeur. Pour pr\u00e9server le plus longtemps possible les impressions il est conseill\u00e9 de ne pas appliquer le fer directement sur le motif. <a class=\"more-link\" href=\"https:\/\/manofacto31.com\/?product=mini-doudou-pampina-by-maya\">Lire la suite <span class=\"meta-nav\">&rarr;<\/span><\/a><\/p>\n","protected":false},"featured_media":3080,"comment_status":"closed","ping_status":"closed","template":"","meta":{"saved_in_kubio":false},"product_brand":[],"product_cat":[57,46,73],"product_tag":[],"class_list":{"0":"post-3124","1":"product","2":"type-product","3":"status-publish","4":"has-post-thumbnail","6":"product_cat-accessoires-textiles","7":"product_cat-pampina-by-maya","8":"product_cat-univers-enfant","10":"first","11":"instock","12":"shipping-taxable","13":"purchasable","14":"product-type-simple"},"_links":{"self":[{"href":"https:\/\/manofacto31.com\/index.php?rest_route=\/wp\/v2\/product\/3124","targetHints":{"allow":["GET"]}}],"collection":[{"href":"https:\/\/manofacto31.com\/index.php?rest_route=\/wp\/v2\/product"}],"about":[{"href":"https:\/\/manofacto31.com\/index.php?rest_route=\/wp\/v2\/types\/product"}],"replies":[{"embeddable":true,"href":"https:\/\/manofacto31.com\/index.php?rest_route=%2Fwp%2Fv2%2Fcomments&post=3124"}],"wp:featuredmedia":[{"embeddable":true,"href":"https:\/\/manofacto31.com\/index.php?rest_route=\/wp\/v2\/media\/3080"}],"wp:attachment":[{"href":"https:\/\/manofacto31.com\/index.php?rest_route=%2Fwp%2Fv2%2Fmedia&parent=3124"}],"wp:term":[{"taxonomy":"product_brand","embeddable":true,"href":"https:\/\/manofacto31.com\/index.php?rest_route=%2Fwp%2Fv2%2Fproduct_brand&post=3124"},{"taxonomy":"product_cat","embeddable":true,"href":"https:\/\/manofacto31.com\/index.php?rest_route=%2Fwp%2Fv2%2Fproduct_cat&post=3124"},{"taxonomy":"product_tag","embeddable":true,"href":"https:\/\/manofacto31.com\/index.php?rest_route=%2Fwp%2Fv2%2Fproduct_tag&post=3124"}],"curies":[{"name":"wp","href":"https:\/\/api.w.org\/{rel}","templated":true}]}}