{"id":3144,"date":"2021-04-17T14:24:36","date_gmt":"2021-04-17T14:24:36","guid":{"rendered":"https:\/\/manofacto31.com\/?post_type=product&#038;p=3144"},"modified":"2021-07-27T13:42:01","modified_gmt":"2021-07-27T13:42:01","slug":"veste-kimono-eveliina-laitinen","status":"publish","type":"product","link":"https:\/\/manofacto31.com\/?product=veste-kimono-eveliina-laitinen","title":{"rendered":"Veste kimono (Eveliina Laitinen)"},"content":{"rendered":"<p><img loading=\"lazy\" decoding=\"async\" class=\"size-medium wp-image-3057\" src=\"https:\/\/manofacto31.com\/wp-content\/uploads\/2021\/04\/Eveliina01-125E-225x300.jpg\" alt=\"\" width=\"225\" height=\"300\" srcset=\"https:\/\/manofacto31.com\/wp-content\/uploads\/2021\/04\/Eveliina01-125E-225x300.jpg 225w, https:\/\/manofacto31.com\/wp-content\/uploads\/2021\/04\/Eveliina01-125E-768x1024.jpg 768w, https:\/\/manofacto31.com\/wp-content\/uploads\/2021\/04\/Eveliina01-125E-1152x1536.jpg 1152w, https:\/\/manofacto31.com\/wp-content\/uploads\/2021\/04\/Eveliina01-125E-1536x2048.jpg 1536w, https:\/\/manofacto31.com\/wp-content\/uploads\/2021\/04\/Eveliina01-125E-600x800.jpg 600w, https:\/\/manofacto31.com\/wp-content\/uploads\/2021\/04\/Eveliina01-125E-scaled.jpg 1920w\" sizes=\"(max-width: 225px) 100vw, 225px\" \/><\/p>\n","protected":false},"excerpt":{"rendered":"<p>VESTE KIMONO<\/p>\n<p>Fabriqu\u00e9e et con\u00e7ue \u00e0 Toulouse (illustration, design textile &amp; conception de la veste kimono)<br \/>\nDesign textile par Eela Laitinen<br \/>\nCoton biologique, imprim\u00e9 en Allemagne par Spoonflower en s\u00e9rie tr\u00e8s limit\u00e9e<br \/>\nTaille unique<\/p>\n<p>Frais de port 6,50\u20ac  <a class=\"more-link\" href=\"https:\/\/manofacto31.com\/?product=veste-kimono-eveliina-laitinen\">Lire la suite <span class=\"meta-nav\">&rarr;<\/span><\/a><\/p>\n","protected":false},"featured_media":3394,"comment_status":"closed","ping_status":"closed","template":"","meta":{"saved_in_kubio":false},"product_brand":[],"product_cat":[63,68],"product_tag":[],"class_list":{"0":"post-3144","1":"product","2":"type-product","3":"status-publish","4":"has-post-thumbnail","6":"product_cat-eveliina-laitinen","7":"product_cat-pret-a-porter","9":"first","10":"instock","11":"shipping-taxable","12":"purchasable","13":"product-type-simple"},"_links":{"self":[{"href":"https:\/\/manofacto31.com\/index.php?rest_route=\/wp\/v2\/product\/3144","targetHints":{"allow":["GET"]}}],"collection":[{"href":"https:\/\/manofacto31.com\/index.php?rest_route=\/wp\/v2\/product"}],"about":[{"href":"https:\/\/manofacto31.com\/index.php?rest_route=\/wp\/v2\/types\/product"}],"replies":[{"embeddable":true,"href":"https:\/\/manofacto31.com\/index.php?rest_route=%2Fwp%2Fv2%2Fcomments&post=3144"}],"wp:featuredmedia":[{"embeddable":true,"href":"https:\/\/manofacto31.com\/index.php?rest_route=\/wp\/v2\/media\/3394"}],"wp:attachment":[{"href":"https:\/\/manofacto31.com\/index.php?rest_route=%2Fwp%2Fv2%2Fmedia&parent=3144"}],"wp:term":[{"taxonomy":"product_brand","embeddable":true,"href":"https:\/\/manofacto31.com\/index.php?rest_route=%2Fwp%2Fv2%2Fproduct_brand&post=3144"},{"taxonomy":"product_cat","embeddable":true,"href":"https:\/\/manofacto31.com\/index.php?rest_route=%2Fwp%2Fv2%2Fproduct_cat&post=3144"},{"taxonomy":"product_tag","embeddable":true,"href":"https:\/\/manofacto31.com\/index.php?rest_route=%2Fwp%2Fv2%2Fproduct_tag&post=3144"}],"curies":[{"name":"wp","href":"https:\/\/api.w.org\/{rel}","templated":true}]}}