{"id":3145,"date":"2021-04-17T14:39:22","date_gmt":"2021-04-17T14:39:22","guid":{"rendered":"https:\/\/manofacto31.com\/?post_type=product&#038;p=3145"},"modified":"2021-04-26T09:34:24","modified_gmt":"2021-04-26T09:34:24","slug":"carnet-cuir-et-cyanotype-le-graphomane","status":"publish","type":"product","link":"https:\/\/manofacto31.com\/?product=carnet-cuir-et-cyanotype-le-graphomane","title":{"rendered":"Carnet cuir et cyanotype (Le Graphomane)"},"content":{"rendered":"<p><img loading=\"lazy\" decoding=\"async\" class=\"size-medium wp-image-3061\" src=\"https:\/\/manofacto31.com\/wp-content\/uploads\/2021\/04\/Fabienne02-140E-225x300.jpg\" alt=\"\" width=\"225\" height=\"300\" srcset=\"https:\/\/manofacto31.com\/wp-content\/uploads\/2021\/04\/Fabienne02-140E-225x300.jpg 225w, https:\/\/manofacto31.com\/wp-content\/uploads\/2021\/04\/Fabienne02-140E-768x1024.jpg 768w, https:\/\/manofacto31.com\/wp-content\/uploads\/2021\/04\/Fabienne02-140E-1152x1536.jpg 1152w, https:\/\/manofacto31.com\/wp-content\/uploads\/2021\/04\/Fabienne02-140E-1535x2048.jpg 1535w, https:\/\/manofacto31.com\/wp-content\/uploads\/2021\/04\/Fabienne02-140E-600x800.jpg 600w, https:\/\/manofacto31.com\/wp-content\/uploads\/2021\/04\/Fabienne02-140E-scaled.jpg 1919w\" sizes=\"(max-width: 225px) 100vw, 225px\" \/><\/p>\n","protected":false},"excerpt":{"rendered":"<p>Livre blanc<br \/>\nPi\u00e8ce unique, reli\u00e9 main \u00e0 Toulouse.<br \/>\nReliure traditionnelle \u00bd peau et tirage cyanoptype sur papier en couverture, avec filet dor\u00e9 en finition.<br \/>\nInt\u00e9rieur 200 pages papier blanc verg\u00e9 100g.<br \/>\n22.5 x 17 cm<br \/>\nCouleurs : bleu et blanc<\/p>\n<p>Parfait comme livre d\u2019or, pour \u00e9crire ou dessiner.<\/p>\n<p>Photo \u00ab Fleurs de mur \u00bb prise dans les rues de Toulouse.<br \/>\nLe cyanotype est un proc\u00e9d\u00e9 photographique ancien et artisanal, qui fait de chaque tirage une pi\u00e8ce toujours diff\u00e9rente.<\/p>\n<p> <a class=\"more-link\" href=\"https:\/\/manofacto31.com\/?product=carnet-cuir-et-cyanotype-le-graphomane\">Lire la suite <span class=\"meta-nav\">&rarr;<\/span><\/a><\/p>\n","protected":false},"featured_media":3061,"comment_status":"closed","ping_status":"closed","template":"","meta":{"saved_in_kubio":false},"product_brand":[],"product_cat":[61,60],"product_tag":[],"class_list":{"0":"post-3145","1":"product","2":"type-product","3":"status-publish","4":"has-post-thumbnail","6":"product_cat-le-graphomane","7":"product_cat-papeterie","9":"first","10":"instock","11":"shipping-taxable","12":"purchasable","13":"product-type-simple"},"_links":{"self":[{"href":"https:\/\/manofacto31.com\/index.php?rest_route=\/wp\/v2\/product\/3145","targetHints":{"allow":["GET"]}}],"collection":[{"href":"https:\/\/manofacto31.com\/index.php?rest_route=\/wp\/v2\/product"}],"about":[{"href":"https:\/\/manofacto31.com\/index.php?rest_route=\/wp\/v2\/types\/product"}],"replies":[{"embeddable":true,"href":"https:\/\/manofacto31.com\/index.php?rest_route=%2Fwp%2Fv2%2Fcomments&post=3145"}],"wp:featuredmedia":[{"embeddable":true,"href":"https:\/\/manofacto31.com\/index.php?rest_route=\/wp\/v2\/media\/3061"}],"wp:attachment":[{"href":"https:\/\/manofacto31.com\/index.php?rest_route=%2Fwp%2Fv2%2Fmedia&parent=3145"}],"wp:term":[{"taxonomy":"product_brand","embeddable":true,"href":"https:\/\/manofacto31.com\/index.php?rest_route=%2Fwp%2Fv2%2Fproduct_brand&post=3145"},{"taxonomy":"product_cat","embeddable":true,"href":"https:\/\/manofacto31.com\/index.php?rest_route=%2Fwp%2Fv2%2Fproduct_cat&post=3145"},{"taxonomy":"product_tag","embeddable":true,"href":"https:\/\/manofacto31.com\/index.php?rest_route=%2Fwp%2Fv2%2Fproduct_tag&post=3145"}],"curies":[{"name":"wp","href":"https:\/\/api.w.org\/{rel}","templated":true}]}}