{"id":3147,"date":"2021-04-18T15:24:52","date_gmt":"2021-04-18T15:24:52","guid":{"rendered":"https:\/\/manofacto31.com\/?post_type=product&#038;p=3147"},"modified":"2021-04-26T09:39:28","modified_gmt":"2021-04-26T09:39:28","slug":"carnet-le-graphomane-2","status":"publish","type":"product","link":"https:\/\/manofacto31.com\/?product=carnet-le-graphomane-2","title":{"rendered":"Carnet (Le Graphomane)"},"content":{"rendered":"<div id=\"attachment_3060\" style=\"width: 235px\" class=\"wp-caption alignnone\"><img loading=\"lazy\" decoding=\"async\" aria-describedby=\"caption-attachment-3060\" class=\"size-medium wp-image-3060\" src=\"https:\/\/manofacto31.com\/wp-content\/uploads\/2021\/04\/Fabienne01-24E-225x300.jpg\" alt=\"\" width=\"225\" height=\"300\" srcset=\"https:\/\/manofacto31.com\/wp-content\/uploads\/2021\/04\/Fabienne01-24E-225x300.jpg 225w, https:\/\/manofacto31.com\/wp-content\/uploads\/2021\/04\/Fabienne01-24E-768x1024.jpg 768w, https:\/\/manofacto31.com\/wp-content\/uploads\/2021\/04\/Fabienne01-24E-1152x1536.jpg 1152w, https:\/\/manofacto31.com\/wp-content\/uploads\/2021\/04\/Fabienne01-24E-1536x2048.jpg 1536w, https:\/\/manofacto31.com\/wp-content\/uploads\/2021\/04\/Fabienne01-24E-600x800.jpg 600w, https:\/\/manofacto31.com\/wp-content\/uploads\/2021\/04\/Fabienne01-24E-scaled.jpg 1920w\" sizes=\"(max-width: 225px) 100vw, 225px\" \/><p id=\"caption-attachment-3060\" class=\"wp-caption-text\">cof<\/p><\/div>\n","protected":false},"excerpt":{"rendered":"<p>Carnet couture apparente<\/p>\n<p>Reli\u00e9 main \u00e0 Toulouse, pi\u00e8ce unique.<br \/>\nCouverture s\u00e9rigraphi\u00e9 d\u2019apr\u00e8s photo originale.<br \/>\n16 x 11.5 cm<br \/>\nInt\u00e9rieur 160 pages papier blanc 90g, pour \u00e9criture ou dessin<br \/>\nElastique de fermeture<br \/>\nCouleurs : vert et violet<br \/>\n <a class=\"more-link\" href=\"https:\/\/manofacto31.com\/?product=carnet-le-graphomane-2\">Lire la suite <span class=\"meta-nav\">&rarr;<\/span><\/a><\/p>\n","protected":false},"featured_media":3060,"comment_status":"closed","ping_status":"closed","template":"","meta":{"saved_in_kubio":false},"product_brand":[],"product_cat":[61,60],"product_tag":[],"class_list":{"0":"post-3147","1":"product","2":"type-product","3":"status-publish","4":"has-post-thumbnail","6":"product_cat-le-graphomane","7":"product_cat-papeterie","9":"first","10":"instock","11":"shipping-taxable","12":"purchasable","13":"product-type-simple"},"_links":{"self":[{"href":"https:\/\/manofacto31.com\/index.php?rest_route=\/wp\/v2\/product\/3147","targetHints":{"allow":["GET"]}}],"collection":[{"href":"https:\/\/manofacto31.com\/index.php?rest_route=\/wp\/v2\/product"}],"about":[{"href":"https:\/\/manofacto31.com\/index.php?rest_route=\/wp\/v2\/types\/product"}],"replies":[{"embeddable":true,"href":"https:\/\/manofacto31.com\/index.php?rest_route=%2Fwp%2Fv2%2Fcomments&post=3147"}],"wp:featuredmedia":[{"embeddable":true,"href":"https:\/\/manofacto31.com\/index.php?rest_route=\/wp\/v2\/media\/3060"}],"wp:attachment":[{"href":"https:\/\/manofacto31.com\/index.php?rest_route=%2Fwp%2Fv2%2Fmedia&parent=3147"}],"wp:term":[{"taxonomy":"product_brand","embeddable":true,"href":"https:\/\/manofacto31.com\/index.php?rest_route=%2Fwp%2Fv2%2Fproduct_brand&post=3147"},{"taxonomy":"product_cat","embeddable":true,"href":"https:\/\/manofacto31.com\/index.php?rest_route=%2Fwp%2Fv2%2Fproduct_cat&post=3147"},{"taxonomy":"product_tag","embeddable":true,"href":"https:\/\/manofacto31.com\/index.php?rest_route=%2Fwp%2Fv2%2Fproduct_tag&post=3147"}],"curies":[{"name":"wp","href":"https:\/\/api.w.org\/{rel}","templated":true}]}}