{"id":3148,"date":"2021-04-18T15:27:40","date_gmt":"2021-04-18T15:27:40","guid":{"rendered":"https:\/\/manofacto31.com\/?post_type=product&#038;p=3148"},"modified":"2021-04-26T09:31:59","modified_gmt":"2021-04-26T09:31:59","slug":"cadre-cyanotype","status":"publish","type":"product","link":"https:\/\/manofacto31.com\/?product=cadre-cyanotype","title":{"rendered":"Cadre cyanotype"},"content":{"rendered":"<div id=\"attachment_3062\" style=\"width: 235px\" class=\"wp-caption alignnone\"><img loading=\"lazy\" decoding=\"async\" aria-describedby=\"caption-attachment-3062\" class=\"size-medium wp-image-3062\" src=\"https:\/\/manofacto31.com\/wp-content\/uploads\/2021\/04\/Fabienne03-55E-225x300.jpg\" alt=\"\" width=\"225\" height=\"300\" srcset=\"https:\/\/manofacto31.com\/wp-content\/uploads\/2021\/04\/Fabienne03-55E-225x300.jpg 225w, https:\/\/manofacto31.com\/wp-content\/uploads\/2021\/04\/Fabienne03-55E-768x1024.jpg 768w, https:\/\/manofacto31.com\/wp-content\/uploads\/2021\/04\/Fabienne03-55E-1152x1536.jpg 1152w, https:\/\/manofacto31.com\/wp-content\/uploads\/2021\/04\/Fabienne03-55E-1536x2048.jpg 1536w, https:\/\/manofacto31.com\/wp-content\/uploads\/2021\/04\/Fabienne03-55E-600x800.jpg 600w, https:\/\/manofacto31.com\/wp-content\/uploads\/2021\/04\/Fabienne03-55E-scaled.jpg 1920w\" sizes=\"(max-width: 225px) 100vw, 225px\" \/><p id=\"caption-attachment-3062\" class=\"wp-caption-text\">cof<\/p><\/div>\n","protected":false},"excerpt":{"rendered":"<p>Cadre cyanotype<\/p>\n<p>Pi\u00e8ce unique, fabriqu\u00e9 \u00e0 Toulouse.<br \/>\nTirage cyanotype sur parchemin.<br \/>\nCadre bois \u00e0 accrocher ou \u00e0 poser.<br \/>\n22.5 x 17.5 cm. Profondeur 4.5 cm<\/p>\n<p>Photo \u00ab Fleurs de mur \u00bb prise dans les rues de Toulouse.<br \/>\nLe cyanotype est un proc\u00e9d\u00e9 photographique ancien et artisanal, qui fait de chaque tirage une pi\u00e8ce toujours diff\u00e9rente<br \/>\n <a class=\"more-link\" href=\"https:\/\/manofacto31.com\/?product=cadre-cyanotype\">Lire la suite <span class=\"meta-nav\">&rarr;<\/span><\/a><\/p>\n","protected":false},"featured_media":3062,"comment_status":"closed","ping_status":"closed","template":"","meta":{"saved_in_kubio":false},"product_brand":[],"product_cat":[61,60],"product_tag":[],"class_list":{"0":"post-3148","1":"product","2":"type-product","3":"status-publish","4":"has-post-thumbnail","6":"product_cat-le-graphomane","7":"product_cat-papeterie","9":"first","10":"instock","11":"shipping-taxable","12":"purchasable","13":"product-type-simple"},"_links":{"self":[{"href":"https:\/\/manofacto31.com\/index.php?rest_route=\/wp\/v2\/product\/3148","targetHints":{"allow":["GET"]}}],"collection":[{"href":"https:\/\/manofacto31.com\/index.php?rest_route=\/wp\/v2\/product"}],"about":[{"href":"https:\/\/manofacto31.com\/index.php?rest_route=\/wp\/v2\/types\/product"}],"replies":[{"embeddable":true,"href":"https:\/\/manofacto31.com\/index.php?rest_route=%2Fwp%2Fv2%2Fcomments&post=3148"}],"wp:featuredmedia":[{"embeddable":true,"href":"https:\/\/manofacto31.com\/index.php?rest_route=\/wp\/v2\/media\/3062"}],"wp:attachment":[{"href":"https:\/\/manofacto31.com\/index.php?rest_route=%2Fwp%2Fv2%2Fmedia&parent=3148"}],"wp:term":[{"taxonomy":"product_brand","embeddable":true,"href":"https:\/\/manofacto31.com\/index.php?rest_route=%2Fwp%2Fv2%2Fproduct_brand&post=3148"},{"taxonomy":"product_cat","embeddable":true,"href":"https:\/\/manofacto31.com\/index.php?rest_route=%2Fwp%2Fv2%2Fproduct_cat&post=3148"},{"taxonomy":"product_tag","embeddable":true,"href":"https:\/\/manofacto31.com\/index.php?rest_route=%2Fwp%2Fv2%2Fproduct_tag&post=3148"}],"curies":[{"name":"wp","href":"https:\/\/api.w.org\/{rel}","templated":true}]}}